{"id":1026,"date":"2022-06-23T14:09:47","date_gmt":"2022-06-23T14:09:47","guid":{"rendered":"https:\/\/gmtechnologie.com\/?post_type=product&#038;p=1026"},"modified":"2022-06-23T14:11:00","modified_gmt":"2022-06-23T14:11:00","slug":"point-dacces-wifi-bi-bande-ac750-mbps-archer-c20","status":"publish","type":"product","link":"https:\/\/gmtechnologie.com\/fr\/product\/point-dacces-wifi-bi-bande-ac750-mbps-archer-c20\/","title":{"rendered":"Point d\u2019acc\u00e8s WiFi bi-bande AC750 Mbps \u2013 Archer C20"},"content":{"rendered":"<h5 class=\"product_title entry-title\"><strong>Point d\u2019acc\u00e8s WiFi bi-bande AC750 Mbps \u2013 Archer C20<\/strong><\/h5>\n<hr class=\"single-product-title-divider\" \/>\n<h5 class=\"action-buttons\"><\/h5>\n<div class=\"woocommerce-product-details__short-description\">\n<ul>\n<li>\n<h5>La norme 802.11ac \u2013 La g\u00e9n\u00e9ration WiFi ultra performante<\/h5>\n<\/li>\n<li>\n<h5>D\u00e9bit WiFi simultan\u00e9\u00a0de 300 Mbps sur la bande 2.4 GHz et 433 Mbps sur la bande 5 GHz pouvant atteindre une bande passante totale de 733 Mbps<\/h5>\n<\/li>\n<li>\n<h5>Couverture WiFi sup\u00e9rieure\u00a0et un signal omnidirectionnel stable gr\u00e2ce aux 3\u00a0antennes omnidirectionnelles externes<\/h5>\n<\/li>\n<li>\n<h5>Compatible avec toutes les box du march\u00e9<\/h5>\n<\/li>\n<\/ul>\n<\/div>\n","protected":false},"excerpt":{"rendered":"<p>Point d\u2019acc\u00e8s WiFi bi-bande AC750 Mbps \u2013 Archer C20 La norme 802.11ac \u2013 La g\u00e9n\u00e9ration WiFi ultra performante D\u00e9bit WiFi simultan\u00e9\u00a0de 300 Mbps sur la bande 2.4 GHz et 433 Mbps sur la bande 5 GHz pouvant atteindre une bande passante totale de 733 Mbps Couverture WiFi sup\u00e9rieure\u00a0et un signal omnidirectionnel stable gr\u00e2ce aux 3\u00a0antennes &hellip;<\/p>\n<p class=\"read-more\"> <a class=\"\" href=\"https:\/\/gmtechnologie.com\/fr\/product\/point-dacces-wifi-bi-bande-ac750-mbps-archer-c20\/\"> <span class=\"screen-reader-text\">Point d\u2019acc\u00e8s WiFi bi-bande AC750 Mbps \u2013 Archer C20<\/span> Lire la suite\u00a0\u00bb<\/a><\/p>\n","protected":false},"featured_media":1027,"comment_status":"open","ping_status":"closed","template":"","meta":{"site-sidebar-layout":"default","site-content-layout":"default","ast-site-content-layout":"","site-content-style":"default","site-sidebar-style":"default","ast-global-header-display":"","ast-banner-title-visibility":"","ast-main-header-display":"","ast-hfb-above-header-display":"","ast-hfb-below-header-display":"","ast-hfb-mobile-header-display":"","site-post-title":"","ast-breadcrumbs-content":"","ast-featured-img":"","footer-sml-layout":"","theme-transparent-header-meta":"default","adv-header-id-meta":"","stick-header-meta":"","header-above-stick-meta":"","header-main-stick-meta":"","header-below-stick-meta":"","astra-migrate-meta-layouts":""},"product_brand":[],"product_cat":[52],"product_tag":[],"class_list":{"0":"post-1026","1":"product","2":"type-product","3":"status-publish","4":"has-post-thumbnail","6":"product_cat-router-point-dacces","7":"desktop-align-left","8":"tablet-align-left","9":"mobile-align-left","11":"first","12":"instock","13":"sale","14":"shipping-taxable","15":"purchasable","16":"product-type-simple"},"jetpack_sharing_enabled":true,"_links":{"self":[{"href":"https:\/\/gmtechnologie.com\/fr\/wp-json\/wp\/v2\/product\/1026","targetHints":{"allow":["GET"]}}],"collection":[{"href":"https:\/\/gmtechnologie.com\/fr\/wp-json\/wp\/v2\/product"}],"about":[{"href":"https:\/\/gmtechnologie.com\/fr\/wp-json\/wp\/v2\/types\/product"}],"replies":[{"embeddable":true,"href":"https:\/\/gmtechnologie.com\/fr\/wp-json\/wp\/v2\/comments?post=1026"}],"wp:featuredmedia":[{"embeddable":true,"href":"https:\/\/gmtechnologie.com\/fr\/wp-json\/wp\/v2\/media\/1027"}],"wp:attachment":[{"href":"https:\/\/gmtechnologie.com\/fr\/wp-json\/wp\/v2\/media?parent=1026"}],"wp:term":[{"taxonomy":"product_brand","embeddable":true,"href":"https:\/\/gmtechnologie.com\/fr\/wp-json\/wp\/v2\/product_brand?post=1026"},{"taxonomy":"product_cat","embeddable":true,"href":"https:\/\/gmtechnologie.com\/fr\/wp-json\/wp\/v2\/product_cat?post=1026"},{"taxonomy":"product_tag","embeddable":true,"href":"https:\/\/gmtechnologie.com\/fr\/wp-json\/wp\/v2\/product_tag?post=1026"}],"curies":[{"name":"wp","href":"https:\/\/api.w.org\/{rel}","templated":true}]}}