{"id":1032,"date":"2022-06-23T14:33:07","date_gmt":"2022-06-23T14:33:07","guid":{"rendered":"https:\/\/gmtechnologie.com\/?post_type=product&#038;p=1032"},"modified":"2022-06-23T17:43:35","modified_gmt":"2022-06-23T17:43:35","slug":"modem-routeur-adsl2-wifi-n-300-mbps","status":"publish","type":"product","link":"https:\/\/gmtechnologie.com\/fr\/product\/modem-routeur-adsl2-wifi-n-300-mbps\/","title":{"rendered":"Modem Routeur ADSL2+ WiFi N 300 Mbps"},"content":{"rendered":"<div class=\"box title\">\n<div>\n<h6 class=\"product-name\">\u00a0 \u00a0 \u00a0 \u00a0 \u00a0TD-W8961N<\/h6>\n<\/div>\n<h6>\u00a0 \u00a0 \u00a0 \u00a0 \u00a0Modem Routeur ADSL2+ WiFi N 300 Mbps<\/h6>\n<\/div>\n<div class=\"box highlights\">\n<ul>\n<li>\n<h6>Appareil tout-en-un: modem ADSL2 +, routeur NAT, switch 4 ports et point d&rsquo;acc\u00e8s WiFi N<\/h6>\n<\/li>\n<li>\n<h6>D\u00e9bit WiFi\u00a0N jusqu&rsquo;\u00e0 300 Mbits \/ s le rend id\u00e9al pour les applications gourmandes en bande passante ou sensibles aux interruptions telles que les jeux en ligne, les appels Internet et m\u00eame le streaming vid\u00e9o HD<\/h6>\n<\/li>\n<li>\n<h6>L&rsquo;assistant de configuration facile avec support multilingue permet une installation rapide et sans probl\u00e8me<\/h6>\n<\/li>\n<li>\n<h6>Chiffrement de s\u00e9curit\u00e9 WiFi \u00e0 une touche avec le bouton \u2018WPS\u2019 et le bouton marche \/ arr\u00eat facile du WiFi<\/h6>\n<\/li>\n<\/ul>\n<\/div>\n","protected":false},"excerpt":{"rendered":"<p>\u00a0 \u00a0 \u00a0 \u00a0 \u00a0TD-W8961N \u00a0 \u00a0 \u00a0 \u00a0 \u00a0Modem Routeur ADSL2+ WiFi N 300 Mbps Appareil tout-en-un: modem ADSL2 +, routeur NAT, switch 4 ports et point d&rsquo;acc\u00e8s WiFi N D\u00e9bit WiFi\u00a0N jusqu&rsquo;\u00e0 300 Mbits \/ s le rend id\u00e9al pour les applications gourmandes en bande passante ou sensibles aux interruptions telles que les &hellip;<\/p>\n<p class=\"read-more\"> <a class=\"\" href=\"https:\/\/gmtechnologie.com\/fr\/product\/modem-routeur-adsl2-wifi-n-300-mbps\/\"> <span class=\"screen-reader-text\">Modem Routeur ADSL2+ WiFi N 300 Mbps<\/span> Lire la suite\u00a0\u00bb<\/a><\/p>\n","protected":false},"featured_media":1033,"comment_status":"open","ping_status":"closed","template":"","meta":{"site-sidebar-layout":"default","site-content-layout":"default","ast-site-content-layout":"","site-content-style":"default","site-sidebar-style":"default","ast-global-header-display":"","ast-banner-title-visibility":"","ast-main-header-display":"","ast-hfb-above-header-display":"","ast-hfb-below-header-display":"","ast-hfb-mobile-header-display":"","site-post-title":"","ast-breadcrumbs-content":"","ast-featured-img":"","footer-sml-layout":"","theme-transparent-header-meta":"default","adv-header-id-meta":"","stick-header-meta":"","header-above-stick-meta":"","header-main-stick-meta":"","header-below-stick-meta":"","astra-migrate-meta-layouts":""},"product_brand":[],"product_cat":[52],"product_tag":[],"class_list":{"0":"post-1032","1":"product","2":"type-product","3":"status-publish","4":"has-post-thumbnail","6":"product_cat-router-point-dacces","7":"desktop-align-left","8":"tablet-align-left","9":"mobile-align-left","11":"first","12":"instock","13":"shipping-taxable","14":"purchasable","15":"product-type-simple"},"jetpack_sharing_enabled":true,"_links":{"self":[{"href":"https:\/\/gmtechnologie.com\/fr\/wp-json\/wp\/v2\/product\/1032","targetHints":{"allow":["GET"]}}],"collection":[{"href":"https:\/\/gmtechnologie.com\/fr\/wp-json\/wp\/v2\/product"}],"about":[{"href":"https:\/\/gmtechnologie.com\/fr\/wp-json\/wp\/v2\/types\/product"}],"replies":[{"embeddable":true,"href":"https:\/\/gmtechnologie.com\/fr\/wp-json\/wp\/v2\/comments?post=1032"}],"wp:featuredmedia":[{"embeddable":true,"href":"https:\/\/gmtechnologie.com\/fr\/wp-json\/wp\/v2\/media\/1033"}],"wp:attachment":[{"href":"https:\/\/gmtechnologie.com\/fr\/wp-json\/wp\/v2\/media?parent=1032"}],"wp:term":[{"taxonomy":"product_brand","embeddable":true,"href":"https:\/\/gmtechnologie.com\/fr\/wp-json\/wp\/v2\/product_brand?post=1032"},{"taxonomy":"product_cat","embeddable":true,"href":"https:\/\/gmtechnologie.com\/fr\/wp-json\/wp\/v2\/product_cat?post=1032"},{"taxonomy":"product_tag","embeddable":true,"href":"https:\/\/gmtechnologie.com\/fr\/wp-json\/wp\/v2\/product_tag?post=1032"}],"curies":[{"name":"wp","href":"https:\/\/api.w.org\/{rel}","templated":true}]}}