{"id":1217,"date":"2022-06-26T11:24:46","date_gmt":"2022-06-26T11:24:46","guid":{"rendered":"https:\/\/gmtechnologie.com\/?post_type=product&#038;p=1217"},"modified":"2022-06-26T11:24:46","modified_gmt":"2022-06-26T11:24:46","slug":"apacer-usb3-1-gen1-flash-drive-ah25b-32gb-red-rp-ap32gah25br-1","status":"publish","type":"product","link":"https:\/\/gmtechnologie.com\/fr\/product\/apacer-usb3-1-gen1-flash-drive-ah25b-32gb-red-rp-ap32gah25br-1\/","title":{"rendered":"APACER USB3.1 GEN1 FLASH DRIVE AH25B 32GB RED RP-AP32GAH25BR-1"},"content":{"rendered":"<h3>\u00a0 \u00a0 Caract\u00e9ristiques techniques :<\/h3>\n<ul>\n<li>Capacit\u00e9: 32 Go<\/li>\n<li>Interface: Certifi\u00e9 USB 3.1 Gen 1 haute vitesse, r\u00e9trocompatible avec USB 2.0<\/li>\n<li>Source de courant: Aliment\u00e9 par bus USB; Aucune alimentation externe requise<\/li>\n<li>Syst\u00e8mes pris en charge: Windows 10 \/ 8.1 \/ 8\/7 Linux Kernel 2.6.x ou sup\u00e9rieur MAC OS 10.6.x ou sup\u00e9rieur<\/li>\n<li>Fonctionnalit\u00e9: Brancher et utiliser<\/li>\n<li>Dimensions en mm (LxHxL): 52,7 x 17 x 8,2 mm<\/li>\n<li>Poids: 7g<\/li>\n<\/ul>\n","protected":false},"excerpt":{"rendered":"<p>\u00a0 \u00a0 Caract\u00e9ristiques techniques : Capacit\u00e9: 32 Go Interface: Certifi\u00e9 USB 3.1 Gen 1 haute vitesse, r\u00e9trocompatible avec USB 2.0 Source de courant: Aliment\u00e9 par bus USB; Aucune alimentation externe requise Syst\u00e8mes pris en charge: Windows 10 \/ 8.1 \/ 8\/7 Linux Kernel 2.6.x ou sup\u00e9rieur MAC OS 10.6.x ou sup\u00e9rieur Fonctionnalit\u00e9: Brancher et utiliser &hellip;<\/p>\n<p class=\"read-more\"> <a class=\"\" href=\"https:\/\/gmtechnologie.com\/fr\/product\/apacer-usb3-1-gen1-flash-drive-ah25b-32gb-red-rp-ap32gah25br-1\/\"> <span class=\"screen-reader-text\">APACER USB3.1 GEN1 FLASH DRIVE AH25B 32GB RED RP-AP32GAH25BR-1<\/span> Lire la suite\u00a0\u00bb<\/a><\/p>\n","protected":false},"featured_media":1218,"comment_status":"open","ping_status":"closed","template":"","meta":{"site-sidebar-layout":"default","site-content-layout":"default","ast-site-content-layout":"","site-content-style":"default","site-sidebar-style":"default","ast-global-header-display":"","ast-banner-title-visibility":"","ast-main-header-display":"","ast-hfb-above-header-display":"","ast-hfb-below-header-display":"","ast-hfb-mobile-header-display":"","site-post-title":"","ast-breadcrumbs-content":"","ast-featured-img":"","footer-sml-layout":"","theme-transparent-header-meta":"default","adv-header-id-meta":"","stick-header-meta":"","header-above-stick-meta":"","header-main-stick-meta":"","header-below-stick-meta":"","astra-migrate-meta-layouts":""},"product_brand":[],"product_cat":[54],"product_tag":[],"class_list":{"0":"post-1217","1":"product","2":"type-product","3":"status-publish","4":"has-post-thumbnail","6":"product_cat-usb-memoire-flash","7":"desktop-align-left","8":"tablet-align-left","9":"mobile-align-left","11":"first","12":"instock","13":"sale","14":"shipping-taxable","15":"purchasable","16":"product-type-simple"},"jetpack_sharing_enabled":true,"_links":{"self":[{"href":"https:\/\/gmtechnologie.com\/fr\/wp-json\/wp\/v2\/product\/1217","targetHints":{"allow":["GET"]}}],"collection":[{"href":"https:\/\/gmtechnologie.com\/fr\/wp-json\/wp\/v2\/product"}],"about":[{"href":"https:\/\/gmtechnologie.com\/fr\/wp-json\/wp\/v2\/types\/product"}],"replies":[{"embeddable":true,"href":"https:\/\/gmtechnologie.com\/fr\/wp-json\/wp\/v2\/comments?post=1217"}],"wp:featuredmedia":[{"embeddable":true,"href":"https:\/\/gmtechnologie.com\/fr\/wp-json\/wp\/v2\/media\/1218"}],"wp:attachment":[{"href":"https:\/\/gmtechnologie.com\/fr\/wp-json\/wp\/v2\/media?parent=1217"}],"wp:term":[{"taxonomy":"product_brand","embeddable":true,"href":"https:\/\/gmtechnologie.com\/fr\/wp-json\/wp\/v2\/product_brand?post=1217"},{"taxonomy":"product_cat","embeddable":true,"href":"https:\/\/gmtechnologie.com\/fr\/wp-json\/wp\/v2\/product_cat?post=1217"},{"taxonomy":"product_tag","embeddable":true,"href":"https:\/\/gmtechnologie.com\/fr\/wp-json\/wp\/v2\/product_tag?post=1217"}],"curies":[{"name":"wp","href":"https:\/\/api.w.org\/{rel}","templated":true}]}}