{"id":1219,"date":"2022-06-26T12:24:39","date_gmt":"2022-06-26T12:24:39","guid":{"rendered":"https:\/\/gmtechnologie.com\/?post_type=product&#038;p=1219"},"modified":"2022-06-26T14:01:43","modified_gmt":"2022-06-26T14:01:43","slug":"pc-portable-gamer-acer-nitro-an515-55-59me-156-fhd-60hz-core-i5-10300h-8-go-stockage-256go-ssd-gtx-1650-w10-azerty","status":"publish","type":"product","link":"https:\/\/gmtechnologie.com\/fr\/product\/pc-portable-gamer-acer-nitro-an515-55-59me-156-fhd-60hz-core-i5-10300h-8-go-stockage-256go-ssd-gtx-1650-w10-azerty\/","title":{"rendered":"PC Portable Gamer &#8211; ACER Nitro AN515-55-59ME &#8211; 15,6&Prime; FHD 60Hz &#8211; Core i5-10300H &#8211; 8 Go &#8211; Stockage 256Go SSD &#8211; GTX 1650 &#8211; W10 &#8211; AZERTY"},"content":{"rendered":"<p>PC Portable Gamer &#8211; ACER Nitro AN515-55-59ME &#8211; 15,6&Prime; FHD 60Hz &#8211; Core i5-10300H &#8211; 8 Go &#8211; Stockage 256Go SSD &#8211; GTX 1650 &#8211; W10 &#8211; AZERTY<\/p>\n<p><span class=\"fpBlocTitle\">\u00a0 \u00a0 \u00a0 \u00a0 \u00a0Les points forts :<\/span><\/p>\n<ul>\n<li>Processeur : Intel Core i5 (10\u00e8me g\u00e9n\u00e9ration) 10300H \/ 2.5 GHz<\/li>\n<li>RAM : 8 Go (1 x 8 GB)<\/li>\n<li>R\u00e9solution : 1920 x 1080 (Full HD)<\/li>\n<li>Fonctions : Anti-\u00e9blouissement, ComfyView, taux de r\u00e9ponse de 25 ms, \u00e9cran \u00e0 bord \u00e9troit<\/li>\n<li>Stockage principal : 256 Go SSD &#8211; Western Digital<\/li>\n<\/ul>\n<div class=\"jsFpBulletPointMore\">\n<ul>\n<li>Processeur graphique : NVIDIA GeForce GTX 1650<\/li>\n<li>Syst\u00e8me d&rsquo;exploitation : Windows 10 Edition Familiale 64 bits<\/li>\n<li>Poids : 2.3 kg<\/li>\n<\/ul>\n<\/div>\n","protected":false},"excerpt":{"rendered":"<p>PC Portable Gamer &#8211; ACER Nitro AN515-55-59ME &#8211; 15,6&Prime; FHD 60Hz &#8211; Core i5-10300H &#8211; 8 Go &#8211; Stockage 256Go SSD &#8211; GTX 1650 &#8211; W10 &#8211; AZERTY \u00a0 \u00a0 \u00a0 \u00a0 \u00a0Les points forts : Processeur : Intel Core i5 (10\u00e8me g\u00e9n\u00e9ration) 10300H \/ 2.5 GHz RAM : 8 Go (1 x 8 GB) &hellip;<\/p>\n<p class=\"read-more\"> <a class=\"\" href=\"https:\/\/gmtechnologie.com\/fr\/product\/pc-portable-gamer-acer-nitro-an515-55-59me-156-fhd-60hz-core-i5-10300h-8-go-stockage-256go-ssd-gtx-1650-w10-azerty\/\"> <span class=\"screen-reader-text\">PC Portable Gamer &#8211; ACER Nitro AN515-55-59ME &#8211; 15,6&Prime; FHD 60Hz &#8211; Core i5-10300H &#8211; 8 Go &#8211; Stockage 256Go SSD &#8211; GTX 1650 &#8211; W10 &#8211; AZERTY<\/span> Lire la suite\u00a0\u00bb<\/a><\/p>\n","protected":false},"featured_media":1220,"comment_status":"open","ping_status":"closed","template":"","meta":{"site-sidebar-layout":"default","site-content-layout":"default","ast-site-content-layout":"","site-content-style":"default","site-sidebar-style":"default","ast-global-header-display":"","ast-banner-title-visibility":"","ast-main-header-display":"","ast-hfb-above-header-display":"","ast-hfb-below-header-display":"","ast-hfb-mobile-header-display":"","site-post-title":"","ast-breadcrumbs-content":"","ast-featured-img":"","footer-sml-layout":"","theme-transparent-header-meta":"default","adv-header-id-meta":"","stick-header-meta":"","header-above-stick-meta":"","header-main-stick-meta":"","header-below-stick-meta":"","astra-migrate-meta-layouts":""},"product_brand":[],"product_cat":[24],"product_tag":[],"class_list":{"0":"post-1219","1":"product","2":"type-product","3":"status-publish","4":"has-post-thumbnail","6":"product_cat-ordinateur-portable","7":"desktop-align-left","8":"tablet-align-left","9":"mobile-align-left","11":"first","12":"instock","13":"sale","14":"shipping-taxable","15":"purchasable","16":"product-type-simple"},"jetpack_sharing_enabled":true,"_links":{"self":[{"href":"https:\/\/gmtechnologie.com\/fr\/wp-json\/wp\/v2\/product\/1219","targetHints":{"allow":["GET"]}}],"collection":[{"href":"https:\/\/gmtechnologie.com\/fr\/wp-json\/wp\/v2\/product"}],"about":[{"href":"https:\/\/gmtechnologie.com\/fr\/wp-json\/wp\/v2\/types\/product"}],"replies":[{"embeddable":true,"href":"https:\/\/gmtechnologie.com\/fr\/wp-json\/wp\/v2\/comments?post=1219"}],"wp:featuredmedia":[{"embeddable":true,"href":"https:\/\/gmtechnologie.com\/fr\/wp-json\/wp\/v2\/media\/1220"}],"wp:attachment":[{"href":"https:\/\/gmtechnologie.com\/fr\/wp-json\/wp\/v2\/media?parent=1219"}],"wp:term":[{"taxonomy":"product_brand","embeddable":true,"href":"https:\/\/gmtechnologie.com\/fr\/wp-json\/wp\/v2\/product_brand?post=1219"},{"taxonomy":"product_cat","embeddable":true,"href":"https:\/\/gmtechnologie.com\/fr\/wp-json\/wp\/v2\/product_cat?post=1219"},{"taxonomy":"product_tag","embeddable":true,"href":"https:\/\/gmtechnologie.com\/fr\/wp-json\/wp\/v2\/product_tag?post=1219"}],"curies":[{"name":"wp","href":"https:\/\/api.w.org\/{rel}","templated":true}]}}