{"id":1228,"date":"2022-06-26T13:50:26","date_gmt":"2022-06-26T13:50:26","guid":{"rendered":"https:\/\/gmtechnologie.com\/?post_type=product&#038;p=1228"},"modified":"2025-09-10T22:48:56","modified_gmt":"2025-09-10T22:48:56","slug":"hp-omen-16-gaming-laptop-16-1-fhd-144hz-ips-display-amd-octa-core-ryzen-7-5800h-16gb-ram-512gb-ssd-nvidia-geforce-rtx-3050-ti-4gb-rgb-backlit-usb-c-bo-audio","status":"publish","type":"product","link":"https:\/\/gmtechnologie.com\/fr\/product\/hp-omen-16-gaming-laptop-16-1-fhd-144hz-ips-display-amd-octa-core-ryzen-7-5800h-16gb-ram-512gb-ssd-nvidia-geforce-rtx-3050-ti-4gb-rgb-backlit-usb-c-bo-audio\/","title":{"rendered":"HP Omen 16 Gaming Laptop 16.1&Prime; FHD 144Hz IPS Display AMD Octa-Core Ryzen 7 5800H 16GB RAM 512GB SSD NVIDIA GeForce RTX 3050 Ti 4GB RGB Backlit USB-C B&#038;O Audio"},"content":{"rendered":"<h6 id=\"title\" class=\"a-size-large a-spacing-none\"><span id=\"productTitle\" class=\"a-size-large product-title-word-break\">HP Omen 16 Gaming Laptop 16.1&Prime; FHD 144Hz IPS Display AMD Octa-Core Ryzen 7 5800H (Beats i7-10750H) 16GB RAM 512GB SSD NVIDIA GeForce RTX 3050 Ti 4GB RGB Backlit USB-C B&amp;O<\/span><\/h6>\n<p>16 Go de RAM | SSD de 512 Go<br \/>\n\u00c9quip\u00e9 des processeurs mobiles AMD Ryzen 7 puissants et rapides, AMD Octa-Core Ryzen 7 5800H (horloge de base \u00e0 3,2 GHz, horloge jusqu&rsquo;\u00e0 4,4 GHz Max Boost, 16 Mo de cache L3, 16 fils)<br \/>\n16,1&Prime; de diagonale, FHD (1\u00a0920 x 1\u00a0080), 144 Hz, IPS, micro-bord, antireflet, 250 nits, \u00e9cran | GPU pour ordinateur portable NVIDIA GeForce RTX 3050 Ti (4 Go GDDR6 d\u00e9di\u00e9s), carte graphique AMD Radeon int\u00e9gr\u00e9e<br \/>\n1x HDMI 2.1, 1x taux de signalisation SuperSpeed USB-C 10Gbps (DisplayPort 1.4, HP Sleep and Charge), 3x taux de signal SuperSpeed USB Type-A 5Gbps, 1x Ethernet RJ-45, 1x combo casque\/microphone, 1x support SD multiformat lecteur de cartes<br \/>\nMicrosoft Windows 11 Famille (64 bits), clavier r\u00e9tro\u00e9clair\u00e9 RVB \u00e0 quatre zones, Bluetooth 5.2, cam\u00e9ra HD HP Wide Vision 720p avec microphones num\u00e9riques \u00e0 double entr\u00e9e int\u00e9gr\u00e9s, audio par Bang &amp; Olufsen ; DTS:X Ultra\u00a0; Haut-parleurs doubles\u00a0; HP Audio Boost, HP Fast Charge, jusqu&rsquo;\u00e0 9,5 heures d&rsquo;autonomie (utilisation mixte) \u3010C\u00e2ble HDMI inclus\u3011<\/p>\n","protected":false},"excerpt":{"rendered":"<p>HP Omen 16 Gaming Laptop 16.1&Prime; FHD 144Hz IPS Display AMD Octa-Core Ryzen 7 5800H (Beats i7-10750H) 16GB RAM 512GB SSD NVIDIA GeForce RTX 3050 Ti 4GB RGB Backlit USB-C B&amp;O 16 Go de RAM | SSD de 512 Go \u00c9quip\u00e9 des processeurs mobiles AMD Ryzen 7 puissants et rapides, AMD Octa-Core Ryzen 7 5800H &hellip;<\/p>\n<p class=\"read-more\"> <a class=\"\" href=\"https:\/\/gmtechnologie.com\/fr\/product\/hp-omen-16-gaming-laptop-16-1-fhd-144hz-ips-display-amd-octa-core-ryzen-7-5800h-16gb-ram-512gb-ssd-nvidia-geforce-rtx-3050-ti-4gb-rgb-backlit-usb-c-bo-audio\/\"> <span class=\"screen-reader-text\">HP Omen 16 Gaming Laptop 16.1&Prime; FHD 144Hz IPS Display AMD Octa-Core Ryzen 7 5800H 16GB RAM 512GB SSD NVIDIA GeForce RTX 3050 Ti 4GB RGB Backlit USB-C B&#038;O Audio<\/span> Lire la suite\u00a0\u00bb<\/a><\/p>\n","protected":false},"featured_media":3147,"comment_status":"open","ping_status":"closed","template":"","meta":{"site-sidebar-layout":"default","site-content-layout":"default","ast-site-content-layout":"default","site-content-style":"default","site-sidebar-style":"default","ast-global-header-display":"","ast-banner-title-visibility":"","ast-main-header-display":"","ast-hfb-above-header-display":"","ast-hfb-below-header-display":"","ast-hfb-mobile-header-display":"","site-post-title":"","ast-breadcrumbs-content":"","ast-featured-img":"","footer-sml-layout":"","theme-transparent-header-meta":"default","adv-header-id-meta":"","stick-header-meta":"","header-above-stick-meta":"","header-main-stick-meta":"","header-below-stick-meta":"","astra-migrate-meta-layouts":"set"},"product_brand":[],"product_cat":[24],"product_tag":[],"class_list":{"0":"post-1228","1":"product","2":"type-product","3":"status-publish","4":"has-post-thumbnail","6":"product_cat-ordinateur-portable","7":"desktop-align-left","8":"tablet-align-left","9":"mobile-align-left","11":"first","12":"instock","13":"sale","14":"shipping-taxable","15":"purchasable","16":"product-type-simple"},"jetpack_sharing_enabled":true,"_links":{"self":[{"href":"https:\/\/gmtechnologie.com\/fr\/wp-json\/wp\/v2\/product\/1228","targetHints":{"allow":["GET"]}}],"collection":[{"href":"https:\/\/gmtechnologie.com\/fr\/wp-json\/wp\/v2\/product"}],"about":[{"href":"https:\/\/gmtechnologie.com\/fr\/wp-json\/wp\/v2\/types\/product"}],"replies":[{"embeddable":true,"href":"https:\/\/gmtechnologie.com\/fr\/wp-json\/wp\/v2\/comments?post=1228"}],"wp:featuredmedia":[{"embeddable":true,"href":"https:\/\/gmtechnologie.com\/fr\/wp-json\/wp\/v2\/media\/3147"}],"wp:attachment":[{"href":"https:\/\/gmtechnologie.com\/fr\/wp-json\/wp\/v2\/media?parent=1228"}],"wp:term":[{"taxonomy":"product_brand","embeddable":true,"href":"https:\/\/gmtechnologie.com\/fr\/wp-json\/wp\/v2\/product_brand?post=1228"},{"taxonomy":"product_cat","embeddable":true,"href":"https:\/\/gmtechnologie.com\/fr\/wp-json\/wp\/v2\/product_cat?post=1228"},{"taxonomy":"product_tag","embeddable":true,"href":"https:\/\/gmtechnologie.com\/fr\/wp-json\/wp\/v2\/product_tag?post=1228"}],"curies":[{"name":"wp","href":"https:\/\/api.w.org\/{rel}","templated":true}]}}