{"id":1404,"date":"2022-06-28T17:48:22","date_gmt":"2022-06-28T17:48:22","guid":{"rendered":"https:\/\/gmtechnologie.com\/?post_type=product&#038;p=1404"},"modified":"2022-06-28T17:48:22","modified_gmt":"2022-06-28T17:48:22","slug":"mousse-de-netoyage-650ml-handboss-universal","status":"publish","type":"product","link":"https:\/\/gmtechnologie.com\/fr\/product\/mousse-de-netoyage-650ml-handboss-universal\/","title":{"rendered":"MOUSSE DE NETOYAGE 650ml Handboss, UNIVERSAL"},"content":{"rendered":"<ul class=\"nav nav-tabs\">\n<li class=\"nav-item\"><a class=\"nav-link active\" href=\"https:\/\/www.celectronix.com\/nettoyant\/1454-mousse-de-netoyage-650ml-handboss-universal-foam-cleaning-agent.html#description\" data-toggle=\"tab\">Description<\/a><\/li>\n<li class=\"nav-item\"><a class=\"nav-link\" href=\"https:\/\/www.celectronix.com\/nettoyant\/1454-mousse-de-netoyage-650ml-handboss-universal-foam-cleaning-agent.html#product-details\" data-toggle=\"tab\">D\u00e9tails Du Produit<\/a><\/li>\n<li class=\"nav-item\"><\/li>\n<\/ul>\n<div id=\"tab-content\" class=\"tab-content\">\n<div id=\"description\" class=\"tab-pane fade in active\">\n<div class=\"product-description\">\n<div>\n<p>Bombe de nettoyage mousse \u2013 650ml \u2013 nettoie, enleve la salet\u00e9 et d\u00e9sodorise \u2013 Prot\u00e9ge l\u2019environnement<\/p>\n<p>Mousse de nettoyage tr\u00e8s active et puissante sp\u00e9cialement con\u00e7ue pour intervenir sur des surfaces bureautiques et informatiques tr\u00e8s sales.<\/p>\n<p>Cette mousse est aussi tr\u00e8s efficace sur les moquettes, les surfaces peintes et le mobilier en g\u00e9n\u00e9ral.<\/p>\n<p>Id\u00e9ale pour nettoyer et d\u00e9sinfecter toutes les surfaces, plastiques, polym\u00e8res, \u00e9lastom\u00e8res, m\u00e9taux, fa\u00efences, verre ou m\u00e9tal.<\/p>\n<\/div>\n<\/div>\n<\/div>\n<\/div>\n","protected":false},"excerpt":{"rendered":"<p>Description D\u00e9tails Du Produit Bombe de nettoyage mousse \u2013 650ml \u2013 nettoie, enleve la salet\u00e9 et d\u00e9sodorise \u2013 Prot\u00e9ge l\u2019environnement Mousse de nettoyage tr\u00e8s active et puissante sp\u00e9cialement con\u00e7ue pour intervenir sur des surfaces bureautiques et informatiques tr\u00e8s sales. Cette mousse est aussi tr\u00e8s efficace sur les moquettes, les surfaces peintes et le mobilier en &hellip;<\/p>\n<p class=\"read-more\"> <a class=\"\" href=\"https:\/\/gmtechnologie.com\/fr\/product\/mousse-de-netoyage-650ml-handboss-universal\/\"> <span class=\"screen-reader-text\">MOUSSE DE NETOYAGE 650ml Handboss, UNIVERSAL<\/span> Lire la suite\u00a0\u00bb<\/a><\/p>\n","protected":false},"featured_media":1405,"comment_status":"open","ping_status":"closed","template":"","meta":{"site-sidebar-layout":"default","site-content-layout":"default","ast-site-content-layout":"","site-content-style":"default","site-sidebar-style":"default","ast-global-header-display":"","ast-banner-title-visibility":"","ast-main-header-display":"","ast-hfb-above-header-display":"","ast-hfb-below-header-display":"","ast-hfb-mobile-header-display":"","site-post-title":"","ast-breadcrumbs-content":"","ast-featured-img":"","footer-sml-layout":"","theme-transparent-header-meta":"default","adv-header-id-meta":"","stick-header-meta":"","header-above-stick-meta":"","header-main-stick-meta":"","header-below-stick-meta":"","astra-migrate-meta-layouts":""},"product_brand":[],"product_cat":[27],"product_tag":[],"class_list":{"0":"post-1404","1":"product","2":"type-product","3":"status-publish","4":"has-post-thumbnail","6":"product_cat-autre","7":"desktop-align-left","8":"tablet-align-left","9":"mobile-align-left","11":"first","12":"instock","13":"shipping-taxable","14":"purchasable","15":"product-type-simple"},"jetpack_sharing_enabled":true,"_links":{"self":[{"href":"https:\/\/gmtechnologie.com\/fr\/wp-json\/wp\/v2\/product\/1404","targetHints":{"allow":["GET"]}}],"collection":[{"href":"https:\/\/gmtechnologie.com\/fr\/wp-json\/wp\/v2\/product"}],"about":[{"href":"https:\/\/gmtechnologie.com\/fr\/wp-json\/wp\/v2\/types\/product"}],"replies":[{"embeddable":true,"href":"https:\/\/gmtechnologie.com\/fr\/wp-json\/wp\/v2\/comments?post=1404"}],"wp:featuredmedia":[{"embeddable":true,"href":"https:\/\/gmtechnologie.com\/fr\/wp-json\/wp\/v2\/media\/1405"}],"wp:attachment":[{"href":"https:\/\/gmtechnologie.com\/fr\/wp-json\/wp\/v2\/media?parent=1404"}],"wp:term":[{"taxonomy":"product_brand","embeddable":true,"href":"https:\/\/gmtechnologie.com\/fr\/wp-json\/wp\/v2\/product_brand?post=1404"},{"taxonomy":"product_cat","embeddable":true,"href":"https:\/\/gmtechnologie.com\/fr\/wp-json\/wp\/v2\/product_cat?post=1404"},{"taxonomy":"product_tag","embeddable":true,"href":"https:\/\/gmtechnologie.com\/fr\/wp-json\/wp\/v2\/product_tag?post=1404"}],"curies":[{"name":"wp","href":"https:\/\/api.w.org\/{rel}","templated":true}]}}