{"id":1807,"date":"2022-07-03T18:05:28","date_gmt":"2022-07-03T18:05:28","guid":{"rendered":"https:\/\/gmtechnologie.com\/?post_type=product&#038;p=1807"},"modified":"2022-07-03T18:05:29","modified_gmt":"2022-07-03T18:05:29","slug":"epson-ecotank-l3150-imprimante-a-reservoirs-rechargeables-c11cg86407","status":"publish","type":"product","link":"https:\/\/gmtechnologie.com\/fr\/product\/epson-ecotank-l3150-imprimante-a-reservoirs-rechargeables-c11cg86407\/","title":{"rendered":"Epson EcoTank L3150 Imprimante \u00e0 r\u00e9servoirs rechargeables (C11CG86407)"},"content":{"rendered":"<p>Impression, copie et num\u00e9risation<br \/>\nLivr\u00e9e avec encre noire jusqu&rsquo;\u00e0 8100 pages et 6500 pages en couleur<br \/>\nVitesse d&rsquo;impression noir: 33 pages\/min (10 pages\/min en norme ISO)<br \/>\nVitesse d&rsquo;impression couleur: 15 pages\/min (5 pages\/min en norme ISO)<br \/>\nQualit\u00e9 d&rsquo;impression couleur: 5760 x 1440 DPI (ppp)<br \/>\nImpression recto\/verso: Manuelle<br \/>\nFonctionne avec: 4 R\u00e9servoirs (noir, cyan, magenta, jaune)<br \/>\nConnectivit\u00e9: 1 Port USB 2.0, <\/p>\n","protected":false},"excerpt":{"rendered":"<p>Impression, copie et num\u00e9risation Livr\u00e9e avec encre noire jusqu&rsquo;\u00e0 8100 pages et 6500 pages en couleur Vitesse d&rsquo;impression noir: 33 pages\/min (10 pages\/min en norme ISO) Vitesse d&rsquo;impression couleur: 15 pages\/min (5 pages\/min en norme ISO) Qualit\u00e9 d&rsquo;impression couleur: 5760 x 1440 DPI (ppp) Impression recto\/verso: Manuelle Fonctionne avec: 4 R\u00e9servoirs (noir, cyan, magenta, jaune) &hellip;<\/p>\n<p class=\"read-more\"> <a class=\"\" href=\"https:\/\/gmtechnologie.com\/fr\/product\/epson-ecotank-l3150-imprimante-a-reservoirs-rechargeables-c11cg86407\/\"> <span class=\"screen-reader-text\">Epson EcoTank L3150 Imprimante \u00e0 r\u00e9servoirs rechargeables (C11CG86407)<\/span> Lire la suite\u00a0\u00bb<\/a><\/p>\n","protected":false},"featured_media":1808,"comment_status":"open","ping_status":"closed","template":"","meta":{"site-sidebar-layout":"default","site-content-layout":"default","ast-site-content-layout":"","site-content-style":"default","site-sidebar-style":"default","ast-global-header-display":"","ast-banner-title-visibility":"","ast-main-header-display":"","ast-hfb-above-header-display":"","ast-hfb-below-header-display":"","ast-hfb-mobile-header-display":"","site-post-title":"","ast-breadcrumbs-content":"","ast-featured-img":"","footer-sml-layout":"","theme-transparent-header-meta":"default","adv-header-id-meta":"","stick-header-meta":"","header-above-stick-meta":"","header-main-stick-meta":"","header-below-stick-meta":"","astra-migrate-meta-layouts":""},"product_brand":[],"product_cat":[43],"product_tag":[],"class_list":{"0":"post-1807","1":"product","2":"type-product","3":"status-publish","4":"has-post-thumbnail","6":"product_cat-imprimantes","7":"desktop-align-left","8":"tablet-align-left","9":"mobile-align-left","11":"first","12":"instock","13":"shipping-taxable","14":"purchasable","15":"product-type-simple"},"jetpack_sharing_enabled":true,"_links":{"self":[{"href":"https:\/\/gmtechnologie.com\/fr\/wp-json\/wp\/v2\/product\/1807","targetHints":{"allow":["GET"]}}],"collection":[{"href":"https:\/\/gmtechnologie.com\/fr\/wp-json\/wp\/v2\/product"}],"about":[{"href":"https:\/\/gmtechnologie.com\/fr\/wp-json\/wp\/v2\/types\/product"}],"replies":[{"embeddable":true,"href":"https:\/\/gmtechnologie.com\/fr\/wp-json\/wp\/v2\/comments?post=1807"}],"wp:featuredmedia":[{"embeddable":true,"href":"https:\/\/gmtechnologie.com\/fr\/wp-json\/wp\/v2\/media\/1808"}],"wp:attachment":[{"href":"https:\/\/gmtechnologie.com\/fr\/wp-json\/wp\/v2\/media?parent=1807"}],"wp:term":[{"taxonomy":"product_brand","embeddable":true,"href":"https:\/\/gmtechnologie.com\/fr\/wp-json\/wp\/v2\/product_brand?post=1807"},{"taxonomy":"product_cat","embeddable":true,"href":"https:\/\/gmtechnologie.com\/fr\/wp-json\/wp\/v2\/product_cat?post=1807"},{"taxonomy":"product_tag","embeddable":true,"href":"https:\/\/gmtechnologie.com\/fr\/wp-json\/wp\/v2\/product_tag?post=1807"}],"curies":[{"name":"wp","href":"https:\/\/api.w.org\/{rel}","templated":true}]}}