{"id":1841,"date":"2022-07-22T10:13:40","date_gmt":"2022-07-22T10:13:40","guid":{"rendered":"https:\/\/gmtechnologie.com\/?post_type=product&#038;p=1841"},"modified":"2022-07-22T10:13:41","modified_gmt":"2022-07-22T10:13:41","slug":"televiseur-leader-le42fhd4275-fhd-smart-42-le42fhd4275","status":"publish","type":"product","link":"https:\/\/gmtechnologie.com\/fr\/product\/televiseur-leader-le42fhd4275-fhd-smart-42-le42fhd4275\/","title":{"rendered":"T\u00c9L\u00c9VISEUR LEADER LE42FHD4275 FHD SMART 42\u00a0\u00bb (LE42FHD4275)"},"content":{"rendered":"<p>Marque LEADER<br \/>\nR\u00e9f\u00e9rence LE42FHD4275<br \/>\nT\u00c9L\u00c9VISEUR LEADER LE42FHD4275 FHD SMART 42\u00a0\u00bb (LE42FHD4275) <\/p>\n<p>LED FHD TV 2K (105 cm), <\/p>\n<p>FHD 1920 x 1080<\/p>\n<p>3*HDMI, USB<\/p>\n<p>Android<\/p>\n<p>Garantie 1 an.  <\/p>\n","protected":false},"excerpt":{"rendered":"<p>Marque LEADER R\u00e9f\u00e9rence LE42FHD4275 T\u00c9L\u00c9VISEUR LEADER LE42FHD4275 FHD SMART 42\u00a0\u00bb (LE42FHD4275) LED FHD TV 2K (105 cm), FHD 1920 x 1080 3*HDMI, USB Android Garantie 1 an.<\/p>\n","protected":false},"featured_media":1842,"comment_status":"open","ping_status":"closed","template":"","meta":{"site-sidebar-layout":"default","site-content-layout":"default","ast-site-content-layout":"","site-content-style":"default","site-sidebar-style":"default","ast-global-header-display":"","ast-banner-title-visibility":"","ast-main-header-display":"","ast-hfb-above-header-display":"","ast-hfb-below-header-display":"","ast-hfb-mobile-header-display":"","site-post-title":"","ast-breadcrumbs-content":"","ast-featured-img":"","footer-sml-layout":"","theme-transparent-header-meta":"default","adv-header-id-meta":"","stick-header-meta":"","header-above-stick-meta":"","header-main-stick-meta":"","header-below-stick-meta":"","astra-migrate-meta-layouts":""},"product_brand":[],"product_cat":[40],"product_tag":[],"class_list":{"0":"post-1841","1":"product","2":"type-product","3":"status-publish","4":"has-post-thumbnail","6":"product_cat-televisions","7":"desktop-align-left","8":"tablet-align-left","9":"mobile-align-left","11":"first","12":"instock","13":"shipping-taxable","14":"purchasable","15":"product-type-simple"},"jetpack_sharing_enabled":true,"_links":{"self":[{"href":"https:\/\/gmtechnologie.com\/fr\/wp-json\/wp\/v2\/product\/1841","targetHints":{"allow":["GET"]}}],"collection":[{"href":"https:\/\/gmtechnologie.com\/fr\/wp-json\/wp\/v2\/product"}],"about":[{"href":"https:\/\/gmtechnologie.com\/fr\/wp-json\/wp\/v2\/types\/product"}],"replies":[{"embeddable":true,"href":"https:\/\/gmtechnologie.com\/fr\/wp-json\/wp\/v2\/comments?post=1841"}],"wp:featuredmedia":[{"embeddable":true,"href":"https:\/\/gmtechnologie.com\/fr\/wp-json\/wp\/v2\/media\/1842"}],"wp:attachment":[{"href":"https:\/\/gmtechnologie.com\/fr\/wp-json\/wp\/v2\/media?parent=1841"}],"wp:term":[{"taxonomy":"product_brand","embeddable":true,"href":"https:\/\/gmtechnologie.com\/fr\/wp-json\/wp\/v2\/product_brand?post=1841"},{"taxonomy":"product_cat","embeddable":true,"href":"https:\/\/gmtechnologie.com\/fr\/wp-json\/wp\/v2\/product_cat?post=1841"},{"taxonomy":"product_tag","embeddable":true,"href":"https:\/\/gmtechnologie.com\/fr\/wp-json\/wp\/v2\/product_tag?post=1841"}],"curies":[{"name":"wp","href":"https:\/\/api.w.org\/{rel}","templated":true}]}}