{"id":1845,"date":"2022-07-22T10:51:14","date_gmt":"2022-07-22T10:51:14","guid":{"rendered":"https:\/\/gmtechnologie.com\/?post_type=product&#038;p=1845"},"modified":"2022-07-22T11:01:43","modified_gmt":"2022-07-22T11:01:43","slug":"leader-le50uhd5075-televiseur-uhd-smart-50-led-4k-uhd-127-cm","status":"publish","type":"product","link":"https:\/\/gmtechnologie.com\/fr\/product\/leader-le50uhd5075-televiseur-uhd-smart-50-led-4k-uhd-127-cm\/","title":{"rendered":"LEADER LE50UHD5075 &#8211; T\u00e9l\u00e9viseur UHD SMART 50\u00a0\u00bb LED 4K UHD (127 cm)"},"content":{"rendered":"<p>Marque LEADER<br \/>\nR\u00e9f\u00e9rence LE50UHD5075<br \/>\nT\u00c9L\u00c9VISEUR LEADER LE50UHD5075 UHD SMART 50\u00a0\u00bb (LE50UHD5075) <\/p>\n<p>LED 4K UHD TV (127 cm) <\/p>\n<p>4K UHD 3840 * 2160<\/p>\n<p>Classe \u00e9nerg\u00e9tique: A +<\/p>\n<p>3*HDMI, USB<\/p>\n<p>Android<\/p>\n<p>Garantie 1 an.<\/p>\n","protected":false},"excerpt":{"rendered":"<p>Marque LEADER R\u00e9f\u00e9rence LE50UHD5075 T\u00c9L\u00c9VISEUR LEADER LE50UHD5075 UHD SMART 50\u00a0\u00bb (LE50UHD5075) LED 4K UHD TV (127 cm) 4K UHD 3840 * 2160 Classe \u00e9nerg\u00e9tique: A + 3*HDMI, USB Android Garantie 1 an.<\/p>\n","protected":false},"featured_media":1846,"comment_status":"open","ping_status":"closed","template":"","meta":{"site-sidebar-layout":"default","site-content-layout":"default","ast-site-content-layout":"","site-content-style":"default","site-sidebar-style":"default","ast-global-header-display":"","ast-banner-title-visibility":"","ast-main-header-display":"","ast-hfb-above-header-display":"","ast-hfb-below-header-display":"","ast-hfb-mobile-header-display":"","site-post-title":"","ast-breadcrumbs-content":"","ast-featured-img":"","footer-sml-layout":"","theme-transparent-header-meta":"default","adv-header-id-meta":"","stick-header-meta":"","header-above-stick-meta":"","header-main-stick-meta":"","header-below-stick-meta":"","astra-migrate-meta-layouts":""},"product_brand":[],"product_cat":[40],"product_tag":[],"class_list":{"0":"post-1845","1":"product","2":"type-product","3":"status-publish","4":"has-post-thumbnail","6":"product_cat-televisions","7":"desktop-align-left","8":"tablet-align-left","9":"mobile-align-left","11":"first","12":"instock","13":"shipping-taxable","14":"purchasable","15":"product-type-simple"},"jetpack_sharing_enabled":true,"_links":{"self":[{"href":"https:\/\/gmtechnologie.com\/fr\/wp-json\/wp\/v2\/product\/1845","targetHints":{"allow":["GET"]}}],"collection":[{"href":"https:\/\/gmtechnologie.com\/fr\/wp-json\/wp\/v2\/product"}],"about":[{"href":"https:\/\/gmtechnologie.com\/fr\/wp-json\/wp\/v2\/types\/product"}],"replies":[{"embeddable":true,"href":"https:\/\/gmtechnologie.com\/fr\/wp-json\/wp\/v2\/comments?post=1845"}],"wp:featuredmedia":[{"embeddable":true,"href":"https:\/\/gmtechnologie.com\/fr\/wp-json\/wp\/v2\/media\/1846"}],"wp:attachment":[{"href":"https:\/\/gmtechnologie.com\/fr\/wp-json\/wp\/v2\/media?parent=1845"}],"wp:term":[{"taxonomy":"product_brand","embeddable":true,"href":"https:\/\/gmtechnologie.com\/fr\/wp-json\/wp\/v2\/product_brand?post=1845"},{"taxonomy":"product_cat","embeddable":true,"href":"https:\/\/gmtechnologie.com\/fr\/wp-json\/wp\/v2\/product_cat?post=1845"},{"taxonomy":"product_tag","embeddable":true,"href":"https:\/\/gmtechnologie.com\/fr\/wp-json\/wp\/v2\/product_tag?post=1845"}],"curies":[{"name":"wp","href":"https:\/\/api.w.org\/{rel}","templated":true}]}}