{"id":1865,"date":"2022-07-22T12:34:44","date_gmt":"2022-07-22T12:34:44","guid":{"rendered":"https:\/\/gmtechnologie.com\/?post_type=product&#038;p=1865"},"modified":"2022-07-22T12:36:54","modified_gmt":"2022-07-22T12:36:54","slug":"logitech-h111-casque-filaire-ecouteurs-stereo-avec-micro-anti-parasite-jack-audio-35mm-pc-mac-portable-smartphone-tablette-noir","status":"publish","type":"product","link":"https:\/\/gmtechnologie.com\/fr\/product\/logitech-h111-casque-filaire-ecouteurs-stereo-avec-micro-anti-parasite-jack-audio-35mm-pc-mac-portable-smartphone-tablette-noir\/","title":{"rendered":"Logitech H111 Casque Filaire, Ecouteurs St\u00e9r\u00e9o avec Micro Anti-Parasite, Jack Audio 3,5mm, PC\/Mac\/Portable\/Smartphone\/Tablette &#8211; Noir"},"content":{"rendered":"<p>Marque\tLogitech<br \/>\nNum\u00e9ro de mod\u00e8le\t981-000593<br \/>\nCouleur\tGris<br \/>\nInsonorisation\tIsolation acoustique<br \/>\nType de connecteur\tFilaire<br \/>\nType de connectivit\u00e9\tSans-fil<br \/>\nComposants inclus\tLe microphone<br \/>\nStyle\tH111 &#8211; Prise Simple 3,5 mm<br \/>\nEmplacement des oreilles\tSupra-auriculaire<br \/>\nPoids du produit\t0.07 Kilogrammes<\/p>\n","protected":false},"excerpt":{"rendered":"<p>Marque Logitech Num\u00e9ro de mod\u00e8le 981-000593 Couleur Gris Insonorisation Isolation acoustique Type de connecteur Filaire Type de connectivit\u00e9 Sans-fil Composants inclus Le microphone Style H111 &#8211; Prise Simple 3,5 mm Emplacement des oreilles Supra-auriculaire Poids du produit 0.07 Kilogrammes<\/p>\n","protected":false},"featured_media":1866,"comment_status":"open","ping_status":"closed","template":"","meta":{"site-sidebar-layout":"default","site-content-layout":"default","ast-site-content-layout":"","site-content-style":"default","site-sidebar-style":"default","ast-global-header-display":"","ast-banner-title-visibility":"","ast-main-header-display":"","ast-hfb-above-header-display":"","ast-hfb-below-header-display":"","ast-hfb-mobile-header-display":"","site-post-title":"","ast-breadcrumbs-content":"","ast-featured-img":"","footer-sml-layout":"","theme-transparent-header-meta":"default","adv-header-id-meta":"","stick-header-meta":"","header-above-stick-meta":"","header-main-stick-meta":"","header-below-stick-meta":"","astra-migrate-meta-layouts":""},"product_brand":[],"product_cat":[33],"product_tag":[],"class_list":{"0":"post-1865","1":"product","2":"type-product","3":"status-publish","4":"has-post-thumbnail","6":"product_cat-casques","7":"desktop-align-left","8":"tablet-align-left","9":"mobile-align-left","11":"first","12":"instock","13":"sale","14":"shipping-taxable","15":"purchasable","16":"product-type-simple"},"jetpack_sharing_enabled":true,"_links":{"self":[{"href":"https:\/\/gmtechnologie.com\/fr\/wp-json\/wp\/v2\/product\/1865","targetHints":{"allow":["GET"]}}],"collection":[{"href":"https:\/\/gmtechnologie.com\/fr\/wp-json\/wp\/v2\/product"}],"about":[{"href":"https:\/\/gmtechnologie.com\/fr\/wp-json\/wp\/v2\/types\/product"}],"replies":[{"embeddable":true,"href":"https:\/\/gmtechnologie.com\/fr\/wp-json\/wp\/v2\/comments?post=1865"}],"wp:featuredmedia":[{"embeddable":true,"href":"https:\/\/gmtechnologie.com\/fr\/wp-json\/wp\/v2\/media\/1866"}],"wp:attachment":[{"href":"https:\/\/gmtechnologie.com\/fr\/wp-json\/wp\/v2\/media?parent=1865"}],"wp:term":[{"taxonomy":"product_brand","embeddable":true,"href":"https:\/\/gmtechnologie.com\/fr\/wp-json\/wp\/v2\/product_brand?post=1865"},{"taxonomy":"product_cat","embeddable":true,"href":"https:\/\/gmtechnologie.com\/fr\/wp-json\/wp\/v2\/product_cat?post=1865"},{"taxonomy":"product_tag","embeddable":true,"href":"https:\/\/gmtechnologie.com\/fr\/wp-json\/wp\/v2\/product_tag?post=1865"}],"curies":[{"name":"wp","href":"https:\/\/api.w.org\/{rel}","templated":true}]}}