{"id":1874,"date":"2022-07-22T22:58:40","date_gmt":"2022-07-22T22:58:40","guid":{"rendered":"https:\/\/gmtechnologie.com\/?post_type=product&#038;p=1874"},"modified":"2022-07-22T22:58:40","modified_gmt":"2022-07-22T22:58:40","slug":"casque-gaming-msi-h991","status":"publish","type":"product","link":"https:\/\/gmtechnologie.com\/fr\/product\/casque-gaming-msi-h991\/","title":{"rendered":"CASQUE GAMING MSI H991"},"content":{"rendered":"<p>Description<br \/>\nCASQUE MSI<br \/>\nConfort de jeu<br \/>\nMicrophone d\u00e9tachable<br \/>\n\u00c9tui de rangement fourni<br \/>\nCasque de jeu immerge GH50<br \/>\nFr\u00e9quence du haut-parleur 20Hz20KHz<br \/>\nSensibilit\u00e9 des haut-parleurs (SPL) 109 dB 3 dB<br \/>\nSensibilit\u00e9 du microphone -36 dB 3 dB<br \/>\nConfort de jeu<br \/>\nMicrophone d\u00e9tachable<br \/>\n\u00c9tui de rangement fourni<br \/>\nCasque de jeu immerge GH50<br \/>\nFr\u00e9quence du haut-parleur 20Hz20KHz<br \/>\nSensibilit\u00e9 des haut-parleurs (SPL) 109 dB 3 dB<br \/>\nSensibilit\u00e9 du microphone -36 dB 3 dB<br \/>\nConfort de jeu<br \/>\nMicrophone d\u00e9tachable<br \/>\n\u00c9tui de rangement fourni<br \/>\nCasque de jeu immerge GH50<br \/>\nFr\u00e9quence du haut-parleur 20Hz20KHz<br \/>\nSensibilit\u00e9 des haut-parleurs (SPL) 109 dB 3 dB<br \/>\nSensibilit\u00e9 du microphone -36 dB 3 dB<\/p>\n","protected":false},"excerpt":{"rendered":"<p>Description CASQUE MSI Confort de jeu Microphone d\u00e9tachable \u00c9tui de rangement fourni Casque de jeu immerge GH50 Fr\u00e9quence du haut-parleur 20Hz20KHz Sensibilit\u00e9 des haut-parleurs (SPL) 109 dB 3 dB Sensibilit\u00e9 du microphone -36 dB 3 dB Confort de jeu Microphone d\u00e9tachable \u00c9tui de rangement fourni Casque de jeu immerge GH50 Fr\u00e9quence du haut-parleur 20Hz20KHz Sensibilit\u00e9 &hellip;<\/p>\n<p class=\"read-more\"> <a class=\"\" href=\"https:\/\/gmtechnologie.com\/fr\/product\/casque-gaming-msi-h991\/\"> <span class=\"screen-reader-text\">CASQUE GAMING MSI H991<\/span> Lire la suite\u00a0\u00bb<\/a><\/p>\n","protected":false},"featured_media":1875,"comment_status":"open","ping_status":"closed","template":"","meta":{"site-sidebar-layout":"default","site-content-layout":"default","ast-site-content-layout":"","site-content-style":"default","site-sidebar-style":"default","ast-global-header-display":"","ast-banner-title-visibility":"","ast-main-header-display":"","ast-hfb-above-header-display":"","ast-hfb-below-header-display":"","ast-hfb-mobile-header-display":"","site-post-title":"","ast-breadcrumbs-content":"","ast-featured-img":"","footer-sml-layout":"","theme-transparent-header-meta":"default","adv-header-id-meta":"","stick-header-meta":"","header-above-stick-meta":"","header-main-stick-meta":"","header-below-stick-meta":"","astra-migrate-meta-layouts":""},"product_brand":[],"product_cat":[33],"product_tag":[],"class_list":{"0":"post-1874","1":"product","2":"type-product","3":"status-publish","4":"has-post-thumbnail","6":"product_cat-casques","7":"desktop-align-left","8":"tablet-align-left","9":"mobile-align-left","11":"first","12":"instock","13":"sale","14":"shipping-taxable","15":"purchasable","16":"product-type-simple"},"jetpack_sharing_enabled":true,"_links":{"self":[{"href":"https:\/\/gmtechnologie.com\/fr\/wp-json\/wp\/v2\/product\/1874","targetHints":{"allow":["GET"]}}],"collection":[{"href":"https:\/\/gmtechnologie.com\/fr\/wp-json\/wp\/v2\/product"}],"about":[{"href":"https:\/\/gmtechnologie.com\/fr\/wp-json\/wp\/v2\/types\/product"}],"replies":[{"embeddable":true,"href":"https:\/\/gmtechnologie.com\/fr\/wp-json\/wp\/v2\/comments?post=1874"}],"wp:featuredmedia":[{"embeddable":true,"href":"https:\/\/gmtechnologie.com\/fr\/wp-json\/wp\/v2\/media\/1875"}],"wp:attachment":[{"href":"https:\/\/gmtechnologie.com\/fr\/wp-json\/wp\/v2\/media?parent=1874"}],"wp:term":[{"taxonomy":"product_brand","embeddable":true,"href":"https:\/\/gmtechnologie.com\/fr\/wp-json\/wp\/v2\/product_brand?post=1874"},{"taxonomy":"product_cat","embeddable":true,"href":"https:\/\/gmtechnologie.com\/fr\/wp-json\/wp\/v2\/product_cat?post=1874"},{"taxonomy":"product_tag","embeddable":true,"href":"https:\/\/gmtechnologie.com\/fr\/wp-json\/wp\/v2\/product_tag?post=1874"}],"curies":[{"name":"wp","href":"https:\/\/api.w.org\/{rel}","templated":true}]}}