{"id":1932,"date":"2022-07-31T17:29:35","date_gmt":"2022-07-31T17:29:35","guid":{"rendered":"https:\/\/gmtechnologie.com\/?post_type=product&#038;p=1932"},"modified":"2022-12-13T13:45:23","modified_gmt":"2022-12-13T13:45:23","slug":"pc-portable-hp-probook-450g3-processeur-intel-i5-6200u","status":"publish","type":"product","link":"https:\/\/gmtechnologie.com\/fr\/product\/pc-portable-hp-probook-450g3-processeur-intel-i5-6200u\/","title":{"rendered":"PC PORTABLE HP PROBOOK 450G3 PROCESSEUR INTEL I5-6200U"},"content":{"rendered":"<p>Processeur\tIntel Core i5-6200U (2 c\u0153urs)<br \/>\nFr\u00e9quence du processeur\t2,3 GHz jusqu&rsquo;\u00e0 2,8 GHz avec technologie Intel Turbo Boost<br \/>\nM\u00e9moire cache externe\t3 Mo de cache<br \/>\nM\u00e9moire vive(RAM) install\u00e9e\t8 GB DDR3 1600MHz<br \/>\nTaille du disque dur\t256 SSD<br \/>\nType du disque dur\tSATA<br \/>\nVitesse de rotation du disque dur\t7200 tr\/min<br \/>\nLecteur \/ Graveur\tDVD+\/-RW<br \/>\nCarte graphique\tIntel HD Graphics<br \/>\nPoids en kg\t2,06<br \/>\nTaille de l&rsquo;\u00e9cran\t15.6 pouces<br \/>\nType de l&rsquo;\u00e9cran\tHD R\u00e9tro\u00e9clair\u00e9 par LED anti-reflet<br \/>\nLecteur de cartes m\u00e9moire\tOui<br \/>\nWebcam int\u00e9gr\u00e9e\t720p HD<br \/>\nAudio\tSon HD avec DTS Studio Sound\u2122, Deux haut-parleurs st\u00e9r\u00e9o, Baie \u00e0 double microphone int\u00e9gr\u00e9e, Prise combo casque\/microphone<br \/>\nClavier\tAZERTY (Clavier HP Premium pleine largeur r\u00e9sistant aux \u00e9claboussures avec pav\u00e9 num\u00e9rique)<br \/>\nCarte r\u00e9seau Ethernet\tRealtek Ethernet 10\/100\/1000<br \/>\nBluetooth\tOui<br \/>\nCommunication sans fil\tCombo Intel\u00ae Dual Band sans fil AC 3165 Wi-Fi 802.11a\/b\/g\/n\/ac (1 x 1) Wi-Fi et Bluetooth 4.0<br \/>\nConnecteurs\t2x USB 2.0, 2x USB 3.0, 1x HDMI, 1x VGA, 1x prise combo casque\/microphone<br \/>\nSyst\u00e8me d&rsquo;exploitation\tFreeDOS<br \/>\nDimensions (l x p x h) en mm\t375 x 262,8 x 2,4<br \/>\nEtat: (utilis\u00e9)<br \/>\nGarantie: 6 Mois<\/p>\n","protected":false},"excerpt":{"rendered":"<p>HP ProBook 450 G3 Processeur Intel i5-6200U (2,3 GHz Jusqu&rsquo;\u00e0 2,8Ghz, 3 MB cache, 2 cores), Disque Dur256 SSD SATA 5400, Memoire vive 8 GB, Reseau WIFI et bluetooth , Freedos Ecran14&Prime; pouces LED HD, GARANTIE6 Mois<\/p>\n","protected":false},"featured_media":1933,"comment_status":"open","ping_status":"closed","template":"","meta":{"site-sidebar-layout":"default","site-content-layout":"default","ast-site-content-layout":"","site-content-style":"default","site-sidebar-style":"default","ast-global-header-display":"","ast-banner-title-visibility":"","ast-main-header-display":"","ast-hfb-above-header-display":"","ast-hfb-below-header-display":"","ast-hfb-mobile-header-display":"","site-post-title":"","ast-breadcrumbs-content":"","ast-featured-img":"","footer-sml-layout":"","theme-transparent-header-meta":"default","adv-header-id-meta":"","stick-header-meta":"","header-above-stick-meta":"","header-main-stick-meta":"","header-below-stick-meta":"","astra-migrate-meta-layouts":""},"product_brand":[],"product_cat":[24],"product_tag":[],"class_list":{"0":"post-1932","1":"product","2":"type-product","3":"status-publish","4":"has-post-thumbnail","6":"product_cat-ordinateur-portable","7":"desktop-align-left","8":"tablet-align-left","9":"mobile-align-left","11":"first","12":"instock","13":"sale","14":"shipping-taxable","15":"purchasable","16":"product-type-simple"},"jetpack_sharing_enabled":true,"_links":{"self":[{"href":"https:\/\/gmtechnologie.com\/fr\/wp-json\/wp\/v2\/product\/1932","targetHints":{"allow":["GET"]}}],"collection":[{"href":"https:\/\/gmtechnologie.com\/fr\/wp-json\/wp\/v2\/product"}],"about":[{"href":"https:\/\/gmtechnologie.com\/fr\/wp-json\/wp\/v2\/types\/product"}],"replies":[{"embeddable":true,"href":"https:\/\/gmtechnologie.com\/fr\/wp-json\/wp\/v2\/comments?post=1932"}],"wp:featuredmedia":[{"embeddable":true,"href":"https:\/\/gmtechnologie.com\/fr\/wp-json\/wp\/v2\/media\/1933"}],"wp:attachment":[{"href":"https:\/\/gmtechnologie.com\/fr\/wp-json\/wp\/v2\/media?parent=1932"}],"wp:term":[{"taxonomy":"product_brand","embeddable":true,"href":"https:\/\/gmtechnologie.com\/fr\/wp-json\/wp\/v2\/product_brand?post=1932"},{"taxonomy":"product_cat","embeddable":true,"href":"https:\/\/gmtechnologie.com\/fr\/wp-json\/wp\/v2\/product_cat?post=1932"},{"taxonomy":"product_tag","embeddable":true,"href":"https:\/\/gmtechnologie.com\/fr\/wp-json\/wp\/v2\/product_tag?post=1932"}],"curies":[{"name":"wp","href":"https:\/\/api.w.org\/{rel}","templated":true}]}}