{"id":2008,"date":"2022-08-31T12:57:07","date_gmt":"2022-08-31T12:57:07","guid":{"rendered":"https:\/\/gmtechnologie.com\/?post_type=product&#038;p=2008"},"modified":"2025-09-10T22:44:01","modified_gmt":"2025-09-10T22:44:01","slug":"ordinateur-portable-convertible-2-en-1-hp-elitebook-x360-1030-g2-intel-i5-de-7e-generation","status":"publish","type":"product","link":"https:\/\/gmtechnologie.com\/fr\/product\/ordinateur-portable-convertible-2-en-1-hp-elitebook-x360-1030-g2-intel-i5-de-7e-generation\/","title":{"rendered":"Ordinateur portable convertible 2 en 1 HP EliteBook x360 1030 G2 &#8211; Intel i5 de 7e g\u00e9n\u00e9ration"},"content":{"rendered":"<p>-Ordinateur portable convertible 2 en 1 HP EliteBook x360 1030 G2 &#8211; Intel i5 de 7e g\u00e9n\u00e9ration, 8 Go de RAM, 512 Go de SSD, \u00e9cran tactile Full HD (1920 x 1080) de 13,3 pouces, Win10 Pro<br \/>\n-Etat prisque neuf<br \/>\n-Garantie 6 Mois<\/p>\n","protected":false},"excerpt":{"rendered":"<p>Marque HP<br \/>\nS\u00e9rie EliteBook x360 1030 G2<br \/>\nTaille de l&rsquo;\u00e9cran 13,3 pouces<br \/>\nTaille du disque dur 512 Go<br \/>\nMod\u00e8le de processeur Intel Core i5<br \/>\nTaille de la m\u00e9moire RAM install\u00e9e 8 Go<br \/>\nSyst\u00e8me op\u00e9rateur Windows 10 Pro<br \/>\nDescription de la carte Carte graphique Intel HD 620, int\u00e9gr\u00e9e<br \/>\nCoprocesseur graphique Carte graphique Intel UHD 620<br \/>\nVitesse CPU 2,6 GHz<br \/>\nProcesseur Intel 7e g\u00e9n\u00e9ration Core i5-7300U Kaby Lake (2,6 GHz, jusqu&rsquo;\u00e0 3,5 GHz, 3 Mo de cache) + Intel HD Graphics 620<br \/>\n13,3&Prime; de diagonale FHD (1920 x 1080) \u00c9cran tactile ultra-plat BrightView LED UWVA avec verre Corning Gorilla, clavier de collaboration haut de gamme &#8211; Clavier r\u00e9tro\u00e9clair\u00e9 anti-\u00e9claboussures avec drain et DuraKeys, poids : 2,82 lb, \u00e9paisseur : 0,59 pouce<br \/>\n8 Go de RAM, Wi-Fi et Bluetooth 4.2 Combo et communication en champ proche (NFC), capteur d&#8217;empreintes digitales tactile pour l&rsquo;authentification des empreintes digitales avec Windows Hello<br \/>\nDisque SSD de 512 Go, 1 USB Type-C avec Thunderbolt ; 2 USB 3.1 (1 en charge) ; 1 HDMI 1.4 ; 1 micro SIM externe ; 1 connecteur d&rsquo;alimentation CA ; 1 combo casque\/micro<br \/>\nWindows 10 Professionnel 64<br \/>\nEtat prisque neuf<br \/>\nGarantie 6 Mois<\/p>\n","protected":false},"featured_media":3146,"comment_status":"open","ping_status":"closed","template":"","meta":{"site-sidebar-layout":"default","site-content-layout":"default","ast-site-content-layout":"default","site-content-style":"default","site-sidebar-style":"default","ast-global-header-display":"","ast-banner-title-visibility":"","ast-main-header-display":"","ast-hfb-above-header-display":"","ast-hfb-below-header-display":"","ast-hfb-mobile-header-display":"","site-post-title":"","ast-breadcrumbs-content":"","ast-featured-img":"","footer-sml-layout":"","theme-transparent-header-meta":"default","adv-header-id-meta":"","stick-header-meta":"","header-above-stick-meta":"","header-main-stick-meta":"","header-below-stick-meta":"","astra-migrate-meta-layouts":"set"},"product_brand":[],"product_cat":[24],"product_tag":[],"class_list":{"0":"post-2008","1":"product","2":"type-product","3":"status-publish","4":"has-post-thumbnail","6":"product_cat-ordinateur-portable","7":"desktop-align-left","8":"tablet-align-left","9":"mobile-align-left","11":"first","12":"instock","13":"sale","14":"shipping-taxable","15":"purchasable","16":"product-type-simple"},"jetpack_sharing_enabled":true,"_links":{"self":[{"href":"https:\/\/gmtechnologie.com\/fr\/wp-json\/wp\/v2\/product\/2008","targetHints":{"allow":["GET"]}}],"collection":[{"href":"https:\/\/gmtechnologie.com\/fr\/wp-json\/wp\/v2\/product"}],"about":[{"href":"https:\/\/gmtechnologie.com\/fr\/wp-json\/wp\/v2\/types\/product"}],"replies":[{"embeddable":true,"href":"https:\/\/gmtechnologie.com\/fr\/wp-json\/wp\/v2\/comments?post=2008"}],"wp:featuredmedia":[{"embeddable":true,"href":"https:\/\/gmtechnologie.com\/fr\/wp-json\/wp\/v2\/media\/3146"}],"wp:attachment":[{"href":"https:\/\/gmtechnologie.com\/fr\/wp-json\/wp\/v2\/media?parent=2008"}],"wp:term":[{"taxonomy":"product_brand","embeddable":true,"href":"https:\/\/gmtechnologie.com\/fr\/wp-json\/wp\/v2\/product_brand?post=2008"},{"taxonomy":"product_cat","embeddable":true,"href":"https:\/\/gmtechnologie.com\/fr\/wp-json\/wp\/v2\/product_cat?post=2008"},{"taxonomy":"product_tag","embeddable":true,"href":"https:\/\/gmtechnologie.com\/fr\/wp-json\/wp\/v2\/product_tag?post=2008"}],"curies":[{"name":"wp","href":"https:\/\/api.w.org\/{rel}","templated":true}]}}