{"id":2048,"date":"2023-03-01T20:34:33","date_gmt":"2023-03-01T20:34:33","guid":{"rendered":"https:\/\/gmtechnologie.com\/?post_type=product&#038;p=2048"},"modified":"2023-10-20T09:35:08","modified_gmt":"2023-10-20T09:35:08","slug":"pc-portable-hp-840-g3-core-i7-14fhd-6eme-8gb-ddr4-256gb-ssd6","status":"publish","type":"product","link":"https:\/\/gmtechnologie.com\/fr\/product\/pc-portable-hp-840-g3-core-i7-14fhd-6eme-8gb-ddr4-256gb-ssd6\/","title":{"rendered":"PC Portable HP 840 G3 Core i7- 14FHD-6eme 8GB DDR4 256GB SSD6"},"content":{"rendered":"<p>Processeur : Intel Core i7 (6\u00e8me g\u00e9n\u00e9ration) 6500U \/ 2.5 GHz<br \/>\nRAM : 8 Go (1 x 8 GB)<br \/>\nR\u00e9solution : 1920 x 1080 (Full HD)<br \/>\nFonctions : Slim Design, eDP visualisation standard (SVA) Full HD<br \/>\nStockage principal : 256Go SSD M.2<br \/>\nProcesseur graphique : Intel HD Graphics 520<br \/>\nSyst\u00e8me d&rsquo;exploitation : Windows 10 Pro- 64 bits &#8211;<br \/>\nPoids : 1.54 kg<br \/>\nEtat: presque neuf<br \/>\nGarantie 6 mois<\/p>\n","protected":false},"excerpt":{"rendered":"<p>HP EliteBook 840 G3 Core i7 6500U &#8211; 2.5 GHz Win 10 Pro 64 bits 8 Go RAM 512 Go SSD 14&Prime; TN 1920 x 1080 (Full HD) HD Graph-Y3B75EA#UUZ<\/p>\n","protected":false},"featured_media":2049,"comment_status":"open","ping_status":"closed","template":"","meta":{"site-sidebar-layout":"default","site-content-layout":"default","ast-site-content-layout":"default","site-content-style":"default","site-sidebar-style":"default","ast-global-header-display":"","ast-banner-title-visibility":"","ast-main-header-display":"","ast-hfb-above-header-display":"","ast-hfb-below-header-display":"","ast-hfb-mobile-header-display":"","site-post-title":"","ast-breadcrumbs-content":"","ast-featured-img":"","footer-sml-layout":"","theme-transparent-header-meta":"default","adv-header-id-meta":"","stick-header-meta":"","header-above-stick-meta":"","header-main-stick-meta":"","header-below-stick-meta":"","astra-migrate-meta-layouts":"set"},"product_brand":[],"product_cat":[24],"product_tag":[],"class_list":{"0":"post-2048","1":"product","2":"type-product","3":"status-publish","4":"has-post-thumbnail","6":"product_cat-ordinateur-portable","7":"desktop-align-left","8":"tablet-align-left","9":"mobile-align-left","11":"first","12":"instock","13":"sale","14":"shipping-taxable","15":"purchasable","16":"product-type-simple"},"jetpack_sharing_enabled":true,"_links":{"self":[{"href":"https:\/\/gmtechnologie.com\/fr\/wp-json\/wp\/v2\/product\/2048","targetHints":{"allow":["GET"]}}],"collection":[{"href":"https:\/\/gmtechnologie.com\/fr\/wp-json\/wp\/v2\/product"}],"about":[{"href":"https:\/\/gmtechnologie.com\/fr\/wp-json\/wp\/v2\/types\/product"}],"replies":[{"embeddable":true,"href":"https:\/\/gmtechnologie.com\/fr\/wp-json\/wp\/v2\/comments?post=2048"}],"wp:featuredmedia":[{"embeddable":true,"href":"https:\/\/gmtechnologie.com\/fr\/wp-json\/wp\/v2\/media\/2049"}],"wp:attachment":[{"href":"https:\/\/gmtechnologie.com\/fr\/wp-json\/wp\/v2\/media?parent=2048"}],"wp:term":[{"taxonomy":"product_brand","embeddable":true,"href":"https:\/\/gmtechnologie.com\/fr\/wp-json\/wp\/v2\/product_brand?post=2048"},{"taxonomy":"product_cat","embeddable":true,"href":"https:\/\/gmtechnologie.com\/fr\/wp-json\/wp\/v2\/product_cat?post=2048"},{"taxonomy":"product_tag","embeddable":true,"href":"https:\/\/gmtechnologie.com\/fr\/wp-json\/wp\/v2\/product_tag?post=2048"}],"curies":[{"name":"wp","href":"https:\/\/api.w.org\/{rel}","templated":true}]}}