{"id":2055,"date":"2023-03-06T15:09:41","date_gmt":"2023-03-06T15:09:41","guid":{"rendered":"https:\/\/gmtechnologie.com\/?post_type=product&#038;p=2055"},"modified":"2023-12-19T11:31:18","modified_gmt":"2023-12-19T11:31:18","slug":"pc-portable-lenovo-14-thinkpad-t480s-core-i5-8250u-8go-ssd-256go","status":"publish","type":"product","link":"https:\/\/gmtechnologie.com\/fr\/product\/pc-portable-lenovo-14-thinkpad-t480s-core-i5-8250u-8go-ssd-256go\/","title":{"rendered":"PC PORTABLE Lenovo 14&Prime; ThinkPad T480s Core i5-8250U &#8211; 16Go &#8211; SSD 512Go"},"content":{"rendered":"<p>Lenovo ThinkPad T480s Noir Ordinateur portable 35,6 cm [14&Prime;] 1920 x 1080 pixels Intel\u00ae Core\u2122 i5 de 8e g\u00e9n\u00e9ration 16 Go DDR4-SDRAM 512 Go SSD UHD Graphics 620, Wi-Fi, Bluetooth -Windows 10 Pro &#8211; CLAVIER AZERTY<\/p>\n","protected":false},"excerpt":{"rendered":"<p>Lenovo ThinkPad T480s &#8211; 14&Prime; &#8211; Core i5 8350U &#8211; 16 Go RAM &#8211; 512 Go SSD<br \/>\nType de Produit\tOrdinateur portable<br \/>\nSyst\u00e8me d&rsquo;exploitation\tWin 10 Pro 64 bits<br \/>\nProcesseur\tIntel Core i5 (8\u00e8me g\u00e9n\u00e9ration) 8350U \/ 1.7 GHz (3.6 GHz) \/ 6 Mo Cache<br \/>\nM\u00e9moire\t16 Go DDR4<br \/>\nStockage\t512 Go SSD<br \/>\nAffichage\t14&Prime; r\u00e9tro\u00e9clairage par LED 1920 x 1080 \/ Full HD<br \/>\nGraphique\tIntel UHD Graphics 620<br \/>\nWebcam int\u00e9gr\u00e9e\tOui<br \/>\nR\u00e9seaux\t802.11a\/b\/g\/n\/ac, Bluetooth 4.1, Gigabit Ethernet<br \/>\nCouleur\tNoir<br \/>\nDimensions (LxPxH)\t33.1 cm x 22.68 cm x 1.845 cm<br \/>\nPoids\t1.32 kg<br \/>\nEtat: presque neuf<br \/>\nGarantie: 6 mois<\/p>\n","protected":false},"featured_media":2056,"comment_status":"open","ping_status":"closed","template":"","meta":{"site-sidebar-layout":"default","site-content-layout":"default","ast-site-content-layout":"default","site-content-style":"default","site-sidebar-style":"default","ast-global-header-display":"","ast-banner-title-visibility":"","ast-main-header-display":"","ast-hfb-above-header-display":"","ast-hfb-below-header-display":"","ast-hfb-mobile-header-display":"","site-post-title":"","ast-breadcrumbs-content":"","ast-featured-img":"","footer-sml-layout":"","theme-transparent-header-meta":"default","adv-header-id-meta":"","stick-header-meta":"","header-above-stick-meta":"","header-main-stick-meta":"","header-below-stick-meta":"","astra-migrate-meta-layouts":"set"},"product_brand":[],"product_cat":[24],"product_tag":[],"class_list":{"0":"post-2055","1":"product","2":"type-product","3":"status-publish","4":"has-post-thumbnail","6":"product_cat-ordinateur-portable","7":"desktop-align-left","8":"tablet-align-left","9":"mobile-align-left","11":"first","12":"instock","13":"sale","14":"shipping-taxable","15":"purchasable","16":"product-type-simple"},"jetpack_sharing_enabled":true,"_links":{"self":[{"href":"https:\/\/gmtechnologie.com\/fr\/wp-json\/wp\/v2\/product\/2055","targetHints":{"allow":["GET"]}}],"collection":[{"href":"https:\/\/gmtechnologie.com\/fr\/wp-json\/wp\/v2\/product"}],"about":[{"href":"https:\/\/gmtechnologie.com\/fr\/wp-json\/wp\/v2\/types\/product"}],"replies":[{"embeddable":true,"href":"https:\/\/gmtechnologie.com\/fr\/wp-json\/wp\/v2\/comments?post=2055"}],"wp:featuredmedia":[{"embeddable":true,"href":"https:\/\/gmtechnologie.com\/fr\/wp-json\/wp\/v2\/media\/2056"}],"wp:attachment":[{"href":"https:\/\/gmtechnologie.com\/fr\/wp-json\/wp\/v2\/media?parent=2055"}],"wp:term":[{"taxonomy":"product_brand","embeddable":true,"href":"https:\/\/gmtechnologie.com\/fr\/wp-json\/wp\/v2\/product_brand?post=2055"},{"taxonomy":"product_cat","embeddable":true,"href":"https:\/\/gmtechnologie.com\/fr\/wp-json\/wp\/v2\/product_cat?post=2055"},{"taxonomy":"product_tag","embeddable":true,"href":"https:\/\/gmtechnologie.com\/fr\/wp-json\/wp\/v2\/product_tag?post=2055"}],"curies":[{"name":"wp","href":"https:\/\/api.w.org\/{rel}","templated":true}]}}