{"id":2072,"date":"2023-03-26T16:19:17","date_gmt":"2023-03-26T16:19:17","guid":{"rendered":"https:\/\/gmtechnologie.com\/?post_type=product&#038;p=2072"},"modified":"2025-09-10T22:40:11","modified_gmt":"2025-09-10T22:40:11","slug":"dell-latitude-e7480-14%e2%80%b3-intel-core-i5-6300u-8-go-128-go-ssd-ultrabook-6e-generation","status":"publish","type":"product","link":"https:\/\/gmtechnologie.com\/fr\/product\/dell-latitude-e7480-14%e2%80%b3-intel-core-i5-6300u-8-go-128-go-ssd-ultrabook-6e-generation\/","title":{"rendered":"Dell Latitude E7480 14\u2033 Intel\u00ae Core i5-6300U 8 Go 128 Go SSD &#8211; Ultrabook 6e g\u00e9n\u00e9ration"},"content":{"rendered":"<p>Mod\u00e8le Dell Latitude E7480<br \/>\nProcesseur Intel\u00ae Core i5-6300U de 6e g\u00e9n\u00e9ration<br \/>\nVitesse du processeur (3 Mo de cache, 2,40 GHz<br \/>\nRAM 8 Go DDR4<br \/>\nStockage SSD 128 Go<br \/>\nAffichage 14 pouces Full HD (1920 x 1080) \u00c9cran antireflet<br \/>\nCarte graphique Intel HD Graphics 520 int\u00e9gr\u00e9e<br \/>\nJeu de puces int\u00e9gr\u00e9 au processeur<br \/>\nPorts E\/S HDMI, RJ-45- 10\/100\/1000\/, USB 3.0 x 3, HDMI x 1<br \/>\nLecteur de carte SD, un port combo casque et microphone<br \/>\nClavier r\u00e9tro\u00e9clair\u00e9<br \/>\nAudio Haut-parleurs st\u00e9r\u00e9o int\u00e9gr\u00e9s avec Realtek ALC3246<br \/>\nBatterie Batterie origine 5h<br \/>\nChargeur origine<br \/>\nSyst\u00e8me d&rsquo;exploitation Windows 11 Pro 64 bits<br \/>\nGarantie: 6 Mois<\/p>\n","protected":false},"excerpt":{"rendered":"<p>Processeur Intel Core i5 \u2013 6e g\u00e9n\u00e9ration<br \/>\n\u200e8 Go de RAM<br \/>\nType de m\u00e9moire DDR4<br \/>\nPoids de l&rsquo;article 1,36 kg<br \/>\nMarque Dell<br \/>\nS\u00e9rie E7480<br \/>\nMarque du processeur Intel<br \/>\nTaille d&rsquo;affichage de l&rsquo;\u00e9cran debout 14 pouces<br \/>\nSyst\u00e8me d&rsquo;exploitation Windows<br \/>\nM\u00e9moire interne \u200e128 Go<br \/>\nType de carte graphique Intel HD Graphics<\/p>\n","protected":false},"featured_media":3145,"comment_status":"open","ping_status":"closed","template":"","meta":{"site-sidebar-layout":"default","site-content-layout":"default","ast-site-content-layout":"default","site-content-style":"default","site-sidebar-style":"default","ast-global-header-display":"","ast-banner-title-visibility":"","ast-main-header-display":"","ast-hfb-above-header-display":"","ast-hfb-below-header-display":"","ast-hfb-mobile-header-display":"","site-post-title":"","ast-breadcrumbs-content":"","ast-featured-img":"","footer-sml-layout":"","theme-transparent-header-meta":"default","adv-header-id-meta":"","stick-header-meta":"","header-above-stick-meta":"","header-main-stick-meta":"","header-below-stick-meta":"","astra-migrate-meta-layouts":"set"},"product_brand":[],"product_cat":[24],"product_tag":[],"class_list":{"0":"post-2072","1":"product","2":"type-product","3":"status-publish","4":"has-post-thumbnail","6":"product_cat-ordinateur-portable","7":"desktop-align-left","8":"tablet-align-left","9":"mobile-align-left","11":"first","12":"instock","13":"sale","14":"shipping-taxable","15":"purchasable","16":"product-type-simple"},"jetpack_sharing_enabled":true,"_links":{"self":[{"href":"https:\/\/gmtechnologie.com\/fr\/wp-json\/wp\/v2\/product\/2072","targetHints":{"allow":["GET"]}}],"collection":[{"href":"https:\/\/gmtechnologie.com\/fr\/wp-json\/wp\/v2\/product"}],"about":[{"href":"https:\/\/gmtechnologie.com\/fr\/wp-json\/wp\/v2\/types\/product"}],"replies":[{"embeddable":true,"href":"https:\/\/gmtechnologie.com\/fr\/wp-json\/wp\/v2\/comments?post=2072"}],"wp:featuredmedia":[{"embeddable":true,"href":"https:\/\/gmtechnologie.com\/fr\/wp-json\/wp\/v2\/media\/3145"}],"wp:attachment":[{"href":"https:\/\/gmtechnologie.com\/fr\/wp-json\/wp\/v2\/media?parent=2072"}],"wp:term":[{"taxonomy":"product_brand","embeddable":true,"href":"https:\/\/gmtechnologie.com\/fr\/wp-json\/wp\/v2\/product_brand?post=2072"},{"taxonomy":"product_cat","embeddable":true,"href":"https:\/\/gmtechnologie.com\/fr\/wp-json\/wp\/v2\/product_cat?post=2072"},{"taxonomy":"product_tag","embeddable":true,"href":"https:\/\/gmtechnologie.com\/fr\/wp-json\/wp\/v2\/product_tag?post=2072"}],"curies":[{"name":"wp","href":"https:\/\/api.w.org\/{rel}","templated":true}]}}