{"id":2086,"date":"2023-04-08T22:43:49","date_gmt":"2023-04-08T22:43:49","guid":{"rendered":"https:\/\/gmtechnologie.com\/?post_type=product&#038;p=2086"},"modified":"2023-04-08T22:43:49","modified_gmt":"2023-04-08T22:43:49","slug":"ecran-led-23-hp-s231d-ips-1920x1080-169-7ms-10001-vga-dp","status":"publish","type":"product","link":"https:\/\/gmtechnologie.com\/fr\/product\/ecran-led-23-hp-s231d-ips-1920x1080-169-7ms-10001-vga-dp\/","title":{"rendered":"Ecran LED 23&Prime; HP S231D IPS 1920X1080 16:9 7MS 1000:1 VGA\/DP"},"content":{"rendered":"<p>Taille de l&rsquo;\u00e9cran 23 Pouces<br \/>\nR\u00e9solution d&rsquo;affichage maximale\t1920 x 1080<br \/>\nMarque\tHP<br \/>\nCaract\u00e9ristique sp\u00e9ciale R\u00e9glage de l&rsquo;inclinaison, R\u00e9glage pivotant<br \/>\nTechnologie de connectivit\u00e9 USB<br \/>\nUsages sp\u00e9cifiques pour le produit Entreprise, Montage photo, \u00c9ducation, Jeu, Montage vid\u00e9o, Programmation<br \/>\nTemps de r\u00e9ponse 7 Milliseconds<br \/>\nCouleur\tNoir<br \/>\nR\u00e9solution FHD 1080p<br \/>\nTechnologie d&rsquo;affichage<br \/>\nRemis A Neuf<br \/>\nGarantie 6 Mois <\/p>\n","protected":false},"excerpt":{"rendered":"<p>\u00c9cran Taille de l&rsquo;\u00e9cran\t58,4 cm (23&Prime;)<br \/>\nLuminosit\u00e9 de l&rsquo;\u00e9cran (typique)\t250 cd\/m\u00b2<br \/>\nR\u00e9solution de l&rsquo;\u00e9cran\t1920 x 1080 pixels<br \/>\nTemps de r\u00e9ponse\t7 ms<br \/>\nType HD\tFull HD<br \/>\nTechnologie d&rsquo;affichage\tLED<br \/>\nType de panneau\tIPS<br \/>\nTaux de contraste\t1000:1<br \/>\nAngle de vision horizontal\t178\u00b0<br \/>\nAngle de vision vertical\t178\u00b0<br \/>\nNombre de couleurs affich\u00e9es\t16,78 millions de couleurs<br \/>\nFormat d&rsquo;image\t16:9<br \/>\nRapport de contraste (dynamique)\t5000000:1<br \/>\nFormat d&rsquo;image\t16:9<br \/>\nDiagonale d&rsquo;\u00e9cran (cm)\t58,4 cm<br \/>\nPas de pixel\t0,265 x 0,265 mm<br \/>\nDomaine de num\u00e9risation horizontale\t24 &#8211; 80 kHz<br \/>\nFr\u00e9quence de balayage vertical\t50 &#8211; 60 Hz<br \/>\nTaille visualisable horizontale\t50,9 cm<br \/>\nTaille visualisable verticale\t28,6 cm<br \/>\nHDCP\tOui<br \/>\nConnectivit\u00e9<br \/>\nConcentrateur USB int\u00e9gr\u00e9\tOui<br \/>\nNombre de ports VGA (D-Sub)\t1<br \/>\nPort DVI\tNon<br \/>\nVersion du concentrateur USB\tUSB 3.0 (3.1 Gen 1)<br \/>\nQuantit\u00e9 de ports avals USB de type A\t2<br \/>\nQuantit\u00e9 d&rsquo;interface DisplayPorts\t1<br \/>\nEntr\u00e9e audio\tOui<br \/>\nSortie de casque\t1<br \/>\nPoids et dimensions<br \/>\nLargeur\t544 mm<br \/>\nProfondeur\t51 mm<br \/>\nHauteur\t329 mm<br \/>\nPoids\t6,12 kg<br \/>\nLargeur appareil (support inclus)\t544 mm<br \/>\nProfondeur (support inclus)\t242,4 mm<br \/>\nHauteur (support inclus)\t469,9 mm<br \/>\nPuissance<br \/>\nConsommation d&rsquo;\u00e9nergie (mode veille)\t2,2 W<br \/>\nConsommation \u00e9lectrique typique\t38 W<br \/>\nTension d&rsquo;entr\u00e9e AC\t100 &#8211; 240<br \/>\nFr\u00e9quence d&rsquo;entr\u00e9e AC\t50\/60<br \/>\nCertificat<br \/>\nCertifi\u00e9 Energy Star\tOui<br \/>\nErgonomie<br \/>\nPort de c\u00e2ble antivol\tOui<br \/>\nBouton marche\/arr\u00eat int\u00e9gr\u00e9\tNon<br \/>\nMontage VESA\tOui<br \/>\nR\u00e9glage de la hauteur\tOui<br \/>\nNorme VESA\t100 x 100 mm<br \/>\nPivotant\tOui<br \/>\nPlage de l&rsquo;angle d&rsquo;oscillation\t0 &#8211; 360\u00b0<br \/>\nAjustement de l&rsquo;inclinaison\tOui<br \/>\nAngle d&rsquo;inclinaison\t-5 &#8211; 30\u00b0<br \/>\nR\u00e9glage de la hauteur\t15 cm<br \/>\nClient l\u00e9ger<br \/>\nThin client install\u00e9\tNon<br \/>\nAutres caract\u00e9ristiques<br \/>\n\u00c9cran\tLCD<br \/>\nDesign<br \/>\nposition de march\u00e9\tDomestique et professionnel<br \/>\nCouleur du produit\tNoir<br \/>\nmultim\u00e9dia<br \/>\nAppareil photo int\u00e9gr\u00e9\tOui<br \/>\n(Remis A Neuf)<br \/>\nGarantie 6 mois <\/p>\n","protected":false},"featured_media":2087,"comment_status":"open","ping_status":"closed","template":"","meta":{"site-sidebar-layout":"default","site-content-layout":"default","ast-site-content-layout":"","site-content-style":"default","site-sidebar-style":"default","ast-global-header-display":"","ast-banner-title-visibility":"","ast-main-header-display":"","ast-hfb-above-header-display":"","ast-hfb-below-header-display":"","ast-hfb-mobile-header-display":"","site-post-title":"","ast-breadcrumbs-content":"","ast-featured-img":"","footer-sml-layout":"","theme-transparent-header-meta":"default","adv-header-id-meta":"","stick-header-meta":"","header-above-stick-meta":"","header-main-stick-meta":"","header-below-stick-meta":"","astra-migrate-meta-layouts":""},"product_brand":[],"product_cat":[41],"product_tag":[],"class_list":{"0":"post-2086","1":"product","2":"type-product","3":"status-publish","4":"has-post-thumbnail","6":"product_cat-ecran-pc","7":"desktop-align-left","8":"tablet-align-left","9":"mobile-align-left","11":"first","12":"instock","13":"sale","14":"shipping-taxable","15":"purchasable","16":"product-type-simple"},"jetpack_sharing_enabled":true,"_links":{"self":[{"href":"https:\/\/gmtechnologie.com\/fr\/wp-json\/wp\/v2\/product\/2086","targetHints":{"allow":["GET"]}}],"collection":[{"href":"https:\/\/gmtechnologie.com\/fr\/wp-json\/wp\/v2\/product"}],"about":[{"href":"https:\/\/gmtechnologie.com\/fr\/wp-json\/wp\/v2\/types\/product"}],"replies":[{"embeddable":true,"href":"https:\/\/gmtechnologie.com\/fr\/wp-json\/wp\/v2\/comments?post=2086"}],"wp:featuredmedia":[{"embeddable":true,"href":"https:\/\/gmtechnologie.com\/fr\/wp-json\/wp\/v2\/media\/2087"}],"wp:attachment":[{"href":"https:\/\/gmtechnologie.com\/fr\/wp-json\/wp\/v2\/media?parent=2086"}],"wp:term":[{"taxonomy":"product_brand","embeddable":true,"href":"https:\/\/gmtechnologie.com\/fr\/wp-json\/wp\/v2\/product_brand?post=2086"},{"taxonomy":"product_cat","embeddable":true,"href":"https:\/\/gmtechnologie.com\/fr\/wp-json\/wp\/v2\/product_cat?post=2086"},{"taxonomy":"product_tag","embeddable":true,"href":"https:\/\/gmtechnologie.com\/fr\/wp-json\/wp\/v2\/product_tag?post=2086"}],"curies":[{"name":"wp","href":"https:\/\/api.w.org\/{rel}","templated":true}]}}