{"id":2119,"date":"2023-12-19T12:14:30","date_gmt":"2023-12-19T12:14:30","guid":{"rendered":"https:\/\/gmtechnologie.com\/?post_type=product&#038;p=2119"},"modified":"2025-09-21T17:43:35","modified_gmt":"2025-09-21T17:43:35","slug":"lenovo-thinkpad-t490s-ordinateur-portable-356-cm-14-full-hd-intel-core-i7-i7-8565u-16-go-ddr4","status":"publish","type":"product","link":"https:\/\/gmtechnologie.com\/fr\/product\/lenovo-thinkpad-t490s-ordinateur-portable-356-cm-14-full-hd-intel-core-i7-i7-8565u-16-go-ddr4\/","title":{"rendered":"Lenovo ThinkPad T490s Ordinateur portable 35,6 cm (14&Prime;) Full HD Intel\u00ae Core\u2122 i7 -8565U 16 Go DDR4"},"content":{"rendered":"<p>Lenovo ThinkPad T490s Ordinateur portable 35,6 cm (14&Prime;) Full HD Intel\u00ae Core\u2122 i7 -8565U 16 Go DDR4-SDRAM 512 Go SSD Wi-Fi 5 (802.11ac) Windows 10 Pro Noir :<br \/>\nProfessionnel Ordinateur portable Clapet Noir<br \/>\nIntel\u00ae Core\u2122 i7 -8565U 1,8 GHz<br \/>\n35,6 cm (14&Prime;) Full HD 1920 x 1080 pixels IPS R\u00e9tro\u00e9clairage \u00e0 LED 16:9<br \/>\n16 Go DDR4-SDRAM 2400 MHz<br \/>\n512 Go SSD<br \/>\nIntel\u00ae UHD Graphics<br \/>\nWi-Fi 5 (802.11ac) Bluetooth 5.1<br \/>\nLithium Polym\u00e8re (LiPo) 57 Wh 20 h<br \/>\nWindows 10 Pro 64-bit<\/p>\n","protected":false},"excerpt":{"rendered":"<p>Lenovo ThinkPad T490s Ordinateur portable 35,6 cm (14&Prime;) Full HD Intel\u00ae Core\u2122 i7 i7-8565U 16 Go DDR4-SDRAM 512 Go SSD Wi-Fi 5 (802.11ac) Windows 10 Pro Noir:<br \/>\nLenovo ThinkPad T490s. Type de produit: Ordinateur portable, Format: Clapet. Famille de processeur: Intel\u00ae Core\u2122 i7, Mod\u00e8le de processeur: i7-8565U, Fr\u00e9quence du processeur: 1,8 GHz. Taille de l&rsquo;\u00e9cran: 35,6 cm (14&Prime;), Type HD: Full HD, R\u00e9solution de l&rsquo;\u00e9cran: 1920 x 1080 pixels. M\u00e9moire interne: 16 Go, Type de m\u00e9moire interne: DDR4-SDRAM. Capacit\u00e9 totale de stockage: 512 Go, Supports de stockage: SSD. Mod\u00e8le d&rsquo;adaptateur graphique inclus: Intel\u00ae UHD Graphics. Syst\u00e8me d&rsquo;exploitation install\u00e9: Windows 10 Pro. Couleur du produit: Noir<\/p>\n","protected":false},"featured_media":2120,"comment_status":"open","ping_status":"closed","template":"","meta":{"site-sidebar-layout":"default","site-content-layout":"","ast-site-content-layout":"default","site-content-style":"default","site-sidebar-style":"default","ast-global-header-display":"","ast-banner-title-visibility":"","ast-main-header-display":"","ast-hfb-above-header-display":"","ast-hfb-below-header-display":"","ast-hfb-mobile-header-display":"","site-post-title":"","ast-breadcrumbs-content":"","ast-featured-img":"","footer-sml-layout":"","theme-transparent-header-meta":"default","adv-header-id-meta":"","stick-header-meta":"","header-above-stick-meta":"","header-main-stick-meta":"","header-below-stick-meta":"","astra-migrate-meta-layouts":"set"},"product_brand":[],"product_cat":[24],"product_tag":[],"class_list":{"0":"post-2119","1":"product","2":"type-product","3":"status-publish","4":"has-post-thumbnail","6":"product_cat-ordinateur-portable","7":"desktop-align-left","8":"tablet-align-left","9":"mobile-align-left","11":"first","12":"instock","13":"sale","14":"shipping-taxable","15":"purchasable","16":"product-type-simple"},"jetpack_sharing_enabled":true,"_links":{"self":[{"href":"https:\/\/gmtechnologie.com\/fr\/wp-json\/wp\/v2\/product\/2119","targetHints":{"allow":["GET"]}}],"collection":[{"href":"https:\/\/gmtechnologie.com\/fr\/wp-json\/wp\/v2\/product"}],"about":[{"href":"https:\/\/gmtechnologie.com\/fr\/wp-json\/wp\/v2\/types\/product"}],"replies":[{"embeddable":true,"href":"https:\/\/gmtechnologie.com\/fr\/wp-json\/wp\/v2\/comments?post=2119"}],"wp:featuredmedia":[{"embeddable":true,"href":"https:\/\/gmtechnologie.com\/fr\/wp-json\/wp\/v2\/media\/2120"}],"wp:attachment":[{"href":"https:\/\/gmtechnologie.com\/fr\/wp-json\/wp\/v2\/media?parent=2119"}],"wp:term":[{"taxonomy":"product_brand","embeddable":true,"href":"https:\/\/gmtechnologie.com\/fr\/wp-json\/wp\/v2\/product_brand?post=2119"},{"taxonomy":"product_cat","embeddable":true,"href":"https:\/\/gmtechnologie.com\/fr\/wp-json\/wp\/v2\/product_cat?post=2119"},{"taxonomy":"product_tag","embeddable":true,"href":"https:\/\/gmtechnologie.com\/fr\/wp-json\/wp\/v2\/product_tag?post=2119"}],"curies":[{"name":"wp","href":"https:\/\/api.w.org\/{rel}","templated":true}]}}