{"id":2126,"date":"2024-01-06T12:34:40","date_gmt":"2024-01-06T12:34:40","guid":{"rendered":"https:\/\/gmtechnologie.com\/?post_type=product&#038;p=2126"},"modified":"2024-09-20T10:30:47","modified_gmt":"2024-09-20T10:30:47","slug":"ordinateur-portable-hp-elitebook-1040-g4-core-i5-8eme","status":"publish","type":"product","link":"https:\/\/gmtechnologie.com\/fr\/product\/ordinateur-portable-hp-elitebook-1040-g4-core-i5-8eme\/","title":{"rendered":"Ordinateur portable HP EliteBook 1040 G4 Core I5 7\u00e9me"},"content":{"rendered":"<p> Ordenateur portable HP EliteBook 1040 G4 HD Intel\u00ae Core\u2122 i5 i5-7300U<br \/>\nMemoir : 16 Go DDR4-SDRAM Disque dur 256 Go SSD<br \/>\nIntel\u00ae Core\u2122 i5 i5-7300U 2,6 GHz<br \/>\n\u00c9cran  (14&Prime;) Full HD 1920 x 1080 pixels IPS R\u00e9tro\u00e9clairage<br \/>\nCarte graphique Intel\u00ae HD 620<br \/>\nSyst\u00e8me d&rsquo;exploitation  : Microsoft Windows 11 Pro 64 bits<br \/>\nGarantie: 6 Mois<\/p>\n","protected":false},"excerpt":{"rendered":"<p> Ordenateur portable HP EliteBook 1040 G4 HD Intel\u00ae Core\u2122 i5 i5-7300U<br \/>\nMemoir : 16 Go DDR4-SDRAM Disque dur 256 Go SSD<br \/>\nIntel\u00ae Core\u2122 i5 i5-7300U 2,6 GHz<br \/>\n\u00c9cran  (14&Prime;) Full HD 1920 x 1080 pixels IPS R\u00e9tro\u00e9clairage<br \/>\nCarte graphique Intel\u00ae HD 620<br \/>\nSyst\u00e8me d&rsquo;exploitation  : Microsoft Windows 11 Pro 64 bits<br \/>\nGarantie: 6 Mois<\/p>\n","protected":false},"featured_media":2127,"comment_status":"open","ping_status":"closed","template":"","meta":{"site-sidebar-layout":"default","site-content-layout":"","ast-site-content-layout":"default","site-content-style":"default","site-sidebar-style":"default","ast-global-header-display":"","ast-banner-title-visibility":"","ast-main-header-display":"","ast-hfb-above-header-display":"","ast-hfb-below-header-display":"","ast-hfb-mobile-header-display":"","site-post-title":"","ast-breadcrumbs-content":"","ast-featured-img":"","footer-sml-layout":"","theme-transparent-header-meta":"default","adv-header-id-meta":"","stick-header-meta":"","header-above-stick-meta":"","header-main-stick-meta":"","header-below-stick-meta":"","astra-migrate-meta-layouts":"set"},"product_brand":[],"product_cat":[24],"product_tag":[],"class_list":{"0":"post-2126","1":"product","2":"type-product","3":"status-publish","4":"has-post-thumbnail","6":"product_cat-ordinateur-portable","7":"desktop-align-left","8":"tablet-align-left","9":"mobile-align-left","11":"first","12":"instock","13":"sale","14":"shipping-taxable","15":"purchasable","16":"product-type-simple"},"jetpack_sharing_enabled":true,"_links":{"self":[{"href":"https:\/\/gmtechnologie.com\/fr\/wp-json\/wp\/v2\/product\/2126","targetHints":{"allow":["GET"]}}],"collection":[{"href":"https:\/\/gmtechnologie.com\/fr\/wp-json\/wp\/v2\/product"}],"about":[{"href":"https:\/\/gmtechnologie.com\/fr\/wp-json\/wp\/v2\/types\/product"}],"replies":[{"embeddable":true,"href":"https:\/\/gmtechnologie.com\/fr\/wp-json\/wp\/v2\/comments?post=2126"}],"wp:featuredmedia":[{"embeddable":true,"href":"https:\/\/gmtechnologie.com\/fr\/wp-json\/wp\/v2\/media\/2127"}],"wp:attachment":[{"href":"https:\/\/gmtechnologie.com\/fr\/wp-json\/wp\/v2\/media?parent=2126"}],"wp:term":[{"taxonomy":"product_brand","embeddable":true,"href":"https:\/\/gmtechnologie.com\/fr\/wp-json\/wp\/v2\/product_brand?post=2126"},{"taxonomy":"product_cat","embeddable":true,"href":"https:\/\/gmtechnologie.com\/fr\/wp-json\/wp\/v2\/product_cat?post=2126"},{"taxonomy":"product_tag","embeddable":true,"href":"https:\/\/gmtechnologie.com\/fr\/wp-json\/wp\/v2\/product_tag?post=2126"}],"curies":[{"name":"wp","href":"https:\/\/api.w.org\/{rel}","templated":true}]}}