{"id":2132,"date":"2024-01-06T13:41:48","date_gmt":"2024-01-06T13:41:48","guid":{"rendered":"https:\/\/gmtechnologie.com\/?post_type=product&#038;p=2132"},"modified":"2024-06-06T17:48:35","modified_gmt":"2024-06-06T17:48:35","slug":"ordinateur-portable-hp-elitebook-1040-g3","status":"publish","type":"product","link":"https:\/\/gmtechnologie.com\/fr\/product\/ordinateur-portable-hp-elitebook-1040-g3\/","title":{"rendered":"Ordinateur portable HP EliteBook 1040 G3"},"content":{"rendered":"<p>Description longue HP EliteBook 1040 G3 Ordinateur portable 35,6 cm (14\u2033) Intel\u00ae Core\u2122 i5 i5-6300U 8 Go DDR4-SDRAM 256 Go SSD Windows 10 Argent:<br \/>\nHP EliteBook 1040 G3. Type de produit: Ordinateur portable, Format: Clapet. Famille de processeur: Intel\u00ae Core\u2122 i5, Mod\u00e8le de processeur: i5-6300U, Fr\u00e9quence du processeur: 2,4 GHz. Taille de l\u2019\u00e9cran: 35,6 cm (14\u2033). M\u00e9moire interne: 8 Go, Type de m\u00e9moire interne: DDR4-SDRAM. Capacit\u00e9 totale de stockage: 256 Go, Supports de stockage: SSD. Mod\u00e8le d\u2019adaptateur graphique inclus: Intel\u00ae HD Graphics 520. Syst\u00e8me d\u2019exploitation install\u00e9: Windows 10. Couleur du produit: Argent. Poids: 1,43 kg<\/p>\n","protected":false},"excerpt":{"rendered":"<p>Ordinateur portable HP EliteBook 1040 G3 6\u00e9me gen\u00e9retion<br \/>\nOrdinateur portable Clapet Argent<br \/>\n&#8211; Intel\u00ae Core\u2122 i5 i5-6300U 2,4 GHz<br \/>\n&#8211; 35,6 cm (14&Prime;) R\u00e9tro\u00e9clairage \u00e0 LED 16:9<br \/>\n-Ram: 8 Go DDR4<br \/>\n-Disque dur: 256 Go SSD<br \/>\n&#8211; Intel\u00ae HD Graphics 520<br \/>\n&#8211; Bluetooth<br \/>\n&#8211; Lithium Polym\u00e8re (LiPo) 45,6 Wh 45 W<br \/>\n-Syst\u00e8me d&rsquo;exploitation  : Microsoft Windows 11 Pro 64 bits<br \/>\n-Garantie: 6 Mois<\/p>\n","protected":false},"featured_media":2242,"comment_status":"open","ping_status":"closed","template":"","meta":{"site-sidebar-layout":"default","site-content-layout":"","ast-site-content-layout":"default","site-content-style":"default","site-sidebar-style":"default","ast-global-header-display":"","ast-banner-title-visibility":"","ast-main-header-display":"","ast-hfb-above-header-display":"","ast-hfb-below-header-display":"","ast-hfb-mobile-header-display":"","site-post-title":"","ast-breadcrumbs-content":"","ast-featured-img":"","footer-sml-layout":"","theme-transparent-header-meta":"default","adv-header-id-meta":"","stick-header-meta":"","header-above-stick-meta":"","header-main-stick-meta":"","header-below-stick-meta":"","astra-migrate-meta-layouts":"set"},"product_brand":[],"product_cat":[24],"product_tag":[],"class_list":{"0":"post-2132","1":"product","2":"type-product","3":"status-publish","4":"has-post-thumbnail","6":"product_cat-ordinateur-portable","7":"desktop-align-left","8":"tablet-align-left","9":"mobile-align-left","11":"first","12":"instock","13":"sale","14":"shipping-taxable","15":"purchasable","16":"product-type-simple"},"jetpack_sharing_enabled":true,"_links":{"self":[{"href":"https:\/\/gmtechnologie.com\/fr\/wp-json\/wp\/v2\/product\/2132","targetHints":{"allow":["GET"]}}],"collection":[{"href":"https:\/\/gmtechnologie.com\/fr\/wp-json\/wp\/v2\/product"}],"about":[{"href":"https:\/\/gmtechnologie.com\/fr\/wp-json\/wp\/v2\/types\/product"}],"replies":[{"embeddable":true,"href":"https:\/\/gmtechnologie.com\/fr\/wp-json\/wp\/v2\/comments?post=2132"}],"wp:featuredmedia":[{"embeddable":true,"href":"https:\/\/gmtechnologie.com\/fr\/wp-json\/wp\/v2\/media\/2242"}],"wp:attachment":[{"href":"https:\/\/gmtechnologie.com\/fr\/wp-json\/wp\/v2\/media?parent=2132"}],"wp:term":[{"taxonomy":"product_brand","embeddable":true,"href":"https:\/\/gmtechnologie.com\/fr\/wp-json\/wp\/v2\/product_brand?post=2132"},{"taxonomy":"product_cat","embeddable":true,"href":"https:\/\/gmtechnologie.com\/fr\/wp-json\/wp\/v2\/product_cat?post=2132"},{"taxonomy":"product_tag","embeddable":true,"href":"https:\/\/gmtechnologie.com\/fr\/wp-json\/wp\/v2\/product_tag?post=2132"}],"curies":[{"name":"wp","href":"https:\/\/api.w.org\/{rel}","templated":true}]}}