{"id":2152,"date":"2024-01-09T12:47:45","date_gmt":"2024-01-09T12:47:45","guid":{"rendered":"https:\/\/gmtechnologie.com\/?post_type=product&#038;p=2152"},"modified":"2025-09-10T22:31:04","modified_gmt":"2025-09-10T22:31:04","slug":"lenovo-thinkpad-t470s-ordinateur-portable-356-cm-14-full-hd-intel-core-i7-i7-7500u","status":"publish","type":"product","link":"https:\/\/gmtechnologie.com\/fr\/product\/lenovo-thinkpad-t470s-ordinateur-portable-356-cm-14-full-hd-intel-core-i7-i7-7500u\/","title":{"rendered":"Lenovo ThinkPad T470s Ordinateur portable 35,6 cm (14&Prime;) Full HD Intel\u00ae Core\u2122 i7 i7-7500U"},"content":{"rendered":"<p>Description courte Lenovo ThinkPad T470s Ordinateur portable 35,6 cm (14&Prime;) Full HD Intel\u00ae Core\u2122 i7 i7-7500U 16 Go DDR4-SDRAM 512 Go SSD Wi-Fi 5 (802.11ac) Windows 10 Pro Noir<br \/>\nLa description \u00e9ditoriale courte de Lenovo ThinkPad T470s Ordinateur portable 35,6 cm (14&Prime;) Full HD Intel\u00ae Core\u2122 i7 i7-7500U 16 Go DDR4-SDRAM 512 Go SSD Wi-Fi 5 (802.11ac) Windows 10 Pro Noir<br \/>\n14&Prime; LED Full HD 1920 x 1080, Intel Core i7-7500U (2.7 GHz), 16Go DDR4, 512Go SSD, Intel HD Graphics 620, WLAN 802.11 ac\/a\/b\/g\/n.<\/p>\n","protected":false},"excerpt":{"rendered":"<p>Lenovo ThinkPad T470s Ordinateur portable 35,6 cm (14&Prime;) Full HD Intel\u00ae Core\u2122 i7 i7-7500U 16 Go DDR4-SDRAM 512 Go SSD Wi-Fi 5 (802.11ac) Windows 10 Pro Noir<br \/>\n&#8211; Ordinateur portable Professionnel Clapet Noir<br \/>\n-Intel\u00ae Core\u2122 i7 i7-7500U 2,7 GHz<br \/>\n&#8211; 35,6 cm (14&Prime;) Full HD 1920 x 1080 pixels IPS R\u00e9tro\u00e9clairage \u00e0 LED Mat 16:9<br \/>\n&#8211; 16 Go DDR4-SDRAM 2133 MHz<br \/>\n&#8211; SSD 512 Go<br \/>\n&#8211; Carte graphique Intel\u00ae HD 620<br \/>\n&#8211; Wi-Fi 5 (802.11ac) Ethernet\/LAN 10 100 1000 Mbit\/s Bluetooth 4.1 4<br \/>\n&#8211; Windows 10 Professionnel 64 bits<br \/>\n-Garantie: 6 Mois<\/p>\n","protected":false},"featured_media":3144,"comment_status":"open","ping_status":"closed","template":"","meta":{"site-sidebar-layout":"default","site-content-layout":"","ast-site-content-layout":"default","site-content-style":"default","site-sidebar-style":"default","ast-global-header-display":"","ast-banner-title-visibility":"","ast-main-header-display":"","ast-hfb-above-header-display":"","ast-hfb-below-header-display":"","ast-hfb-mobile-header-display":"","site-post-title":"","ast-breadcrumbs-content":"","ast-featured-img":"","footer-sml-layout":"","theme-transparent-header-meta":"default","adv-header-id-meta":"","stick-header-meta":"","header-above-stick-meta":"","header-main-stick-meta":"","header-below-stick-meta":"","astra-migrate-meta-layouts":"set"},"product_brand":[],"product_cat":[24],"product_tag":[],"class_list":{"0":"post-2152","1":"product","2":"type-product","3":"status-publish","4":"has-post-thumbnail","6":"product_cat-ordinateur-portable","7":"desktop-align-left","8":"tablet-align-left","9":"mobile-align-left","11":"first","12":"instock","13":"sale","14":"shipping-taxable","15":"purchasable","16":"product-type-simple"},"jetpack_sharing_enabled":true,"_links":{"self":[{"href":"https:\/\/gmtechnologie.com\/fr\/wp-json\/wp\/v2\/product\/2152","targetHints":{"allow":["GET"]}}],"collection":[{"href":"https:\/\/gmtechnologie.com\/fr\/wp-json\/wp\/v2\/product"}],"about":[{"href":"https:\/\/gmtechnologie.com\/fr\/wp-json\/wp\/v2\/types\/product"}],"replies":[{"embeddable":true,"href":"https:\/\/gmtechnologie.com\/fr\/wp-json\/wp\/v2\/comments?post=2152"}],"wp:featuredmedia":[{"embeddable":true,"href":"https:\/\/gmtechnologie.com\/fr\/wp-json\/wp\/v2\/media\/3144"}],"wp:attachment":[{"href":"https:\/\/gmtechnologie.com\/fr\/wp-json\/wp\/v2\/media?parent=2152"}],"wp:term":[{"taxonomy":"product_brand","embeddable":true,"href":"https:\/\/gmtechnologie.com\/fr\/wp-json\/wp\/v2\/product_brand?post=2152"},{"taxonomy":"product_cat","embeddable":true,"href":"https:\/\/gmtechnologie.com\/fr\/wp-json\/wp\/v2\/product_cat?post=2152"},{"taxonomy":"product_tag","embeddable":true,"href":"https:\/\/gmtechnologie.com\/fr\/wp-json\/wp\/v2\/product_tag?post=2152"}],"curies":[{"name":"wp","href":"https:\/\/api.w.org\/{rel}","templated":true}]}}