{"id":2169,"date":"2024-01-31T17:19:11","date_gmt":"2024-01-31T17:19:11","guid":{"rendered":"https:\/\/gmtechnologie.com\/?post_type=product&#038;p=2169"},"modified":"2025-09-10T22:23:53","modified_gmt":"2025-09-10T22:23:53","slug":"dell-latitude-5540-15-pouces-core-i5-1345u-ram-16-go-ssd-512-go-fhd","status":"publish","type":"product","link":"https:\/\/gmtechnologie.com\/fr\/product\/dell-latitude-5540-15-pouces-core-i5-1345u-ram-16-go-ssd-512-go-fhd\/","title":{"rendered":"Dell Latitude 5540 15 pouces  \u2013 Core i5 1345U Ram 16 Go SSD 512 Go FHD NEUF"},"content":{"rendered":"<p>Processeur : Core\u2122 i5-1345U (10 c\u0153urs, 12 threads, 8-E-Core 3,4 GHz, 2-P-Core 4,7 GHz, 12 Mo de cache)<br \/>\nRAM : 16 Go LPDDR4<br \/>\nStockage : 512 Go M2 PCIe NVMe<br \/>\n\u00c9cran : 15,6\u2033 FHD (1920\u00d71080) AG, IPS, 250 nits, FHD<br \/>\nVGA : Intel 13e g\u00e9n\u00e9ration<\/p>\n","protected":false},"excerpt":{"rendered":"<p>Full HD Intel\u00ae Core\u2122 i5 i5-1345U 16 Go DDR4-SDRAM 512 Go SSD Wi-Fi 6E<br \/>\n&#8211; Ordinateur portable Clapet Gris<br \/>\n&#8211; Intel\u00ae Core\u2122 i5 i5-1345U<br \/>\n&#8211; 39,6 cm (15.6&Prime;) Full HD 1920 x 1080 pixels IPS R\u00e9tro\u00e9clairage \u00e0 LED 16:9<br \/>\n&#8211; 16 Go DDR4-SDRAM 3200 MHz 2 x 8 Go<br \/>\n&#8211; 512 Go SSD<br \/>\n&#8211; Intel Iris Xe Graphics<br \/>\n&#8211; Wi-Fi 6E (802.11ax) Ethernet\/LAN 10,100,1000 Mbit\/s Bluetooth 4G<br \/>\n&#8211; Lithium-Ion (Li-Ion) 54 Wh 65 W<br \/>\n&#8211; Windows 10 Pro 64-bit<br \/>\n&#8211; Etat presque neuf<br \/>\n&#8211; Garantie:6 Mois<\/p>\n","protected":false},"featured_media":3143,"comment_status":"open","ping_status":"closed","template":"","meta":{"site-sidebar-layout":"default","site-content-layout":"","ast-site-content-layout":"default","site-content-style":"default","site-sidebar-style":"default","ast-global-header-display":"","ast-banner-title-visibility":"","ast-main-header-display":"","ast-hfb-above-header-display":"","ast-hfb-below-header-display":"","ast-hfb-mobile-header-display":"","site-post-title":"","ast-breadcrumbs-content":"","ast-featured-img":"","footer-sml-layout":"","theme-transparent-header-meta":"default","adv-header-id-meta":"","stick-header-meta":"","header-above-stick-meta":"","header-main-stick-meta":"","header-below-stick-meta":"","astra-migrate-meta-layouts":"set"},"product_brand":[],"product_cat":[24],"product_tag":[],"class_list":{"0":"post-2169","1":"product","2":"type-product","3":"status-publish","4":"has-post-thumbnail","6":"product_cat-ordinateur-portable","7":"desktop-align-left","8":"tablet-align-left","9":"mobile-align-left","11":"first","12":"instock","13":"sale","14":"shipping-taxable","15":"purchasable","16":"product-type-simple"},"jetpack_sharing_enabled":true,"_links":{"self":[{"href":"https:\/\/gmtechnologie.com\/fr\/wp-json\/wp\/v2\/product\/2169","targetHints":{"allow":["GET"]}}],"collection":[{"href":"https:\/\/gmtechnologie.com\/fr\/wp-json\/wp\/v2\/product"}],"about":[{"href":"https:\/\/gmtechnologie.com\/fr\/wp-json\/wp\/v2\/types\/product"}],"replies":[{"embeddable":true,"href":"https:\/\/gmtechnologie.com\/fr\/wp-json\/wp\/v2\/comments?post=2169"}],"wp:featuredmedia":[{"embeddable":true,"href":"https:\/\/gmtechnologie.com\/fr\/wp-json\/wp\/v2\/media\/3143"}],"wp:attachment":[{"href":"https:\/\/gmtechnologie.com\/fr\/wp-json\/wp\/v2\/media?parent=2169"}],"wp:term":[{"taxonomy":"product_brand","embeddable":true,"href":"https:\/\/gmtechnologie.com\/fr\/wp-json\/wp\/v2\/product_brand?post=2169"},{"taxonomy":"product_cat","embeddable":true,"href":"https:\/\/gmtechnologie.com\/fr\/wp-json\/wp\/v2\/product_cat?post=2169"},{"taxonomy":"product_tag","embeddable":true,"href":"https:\/\/gmtechnologie.com\/fr\/wp-json\/wp\/v2\/product_tag?post=2169"}],"curies":[{"name":"wp","href":"https:\/\/api.w.org\/{rel}","templated":true}]}}