{"id":2181,"date":"2024-02-13T15:06:33","date_gmt":"2024-02-13T15:06:33","guid":{"rendered":"https:\/\/gmtechnologie.com\/?post_type=product&#038;p=2181"},"modified":"2024-02-13T15:30:43","modified_gmt":"2024-02-13T15:30:43","slug":"kyocera-ecosys-p3055dn-imprimante-monochrome-laser","status":"publish","type":"product","link":"https:\/\/gmtechnologie.com\/fr\/product\/kyocera-ecosys-p3055dn-imprimante-monochrome-laser\/","title":{"rendered":"Kyocera ECOSYS P3055DN &#8211; imprimante &#8211; monochrome &#8211; laser"},"content":{"rendered":"<p>Kyocera ECOSYS P3055DN &#8211; Imprimante &#8211; monochrome &#8211; Recto-verso &#8211; laser &#8211; A4\/Legal &#8211; 1200 ppp &#8211; jusqu&rsquo;\u00e0 55 ppm &#8211; capacit\u00e9 : 600 feuilles &#8211; USB 2.0, Gigabit LAN, h\u00f4te USB<\/p>\n","protected":false},"excerpt":{"rendered":"<p>Poids\t15.5 kg<br \/>\nDimensions (LxPxH)\t39.6 cm x 42.1 cm x 34.2 cm<br \/>\nVitesse d&rsquo;impression\tJusqu&rsquo;\u00e0 55 ppm &#8211; noir &#038; blanc &#8211; A4 (210 x 297 mm)<br \/>\nCycle d&rsquo;utilisation mensuel (maxi)\t250000 pages<br \/>\nType de supports\tPapier uni<br \/>\nType d&rsquo;imprimante\tImprimante de groupe de travail &#8211; laser &#8211; monochrome<br \/>\nTaille max. du support\tLegal (216 x 356 mm)\/A4 (210 x 297 mm)<br \/>\nTaille minimale du support (personnalis\u00e9e)\t70 mm x 148 mm<br \/>\nLangage(s) d&rsquo;impression\tPCL 5C, PostScript 3, IBM X24E, PCL 6, PCL XL, KPDL3, PRESCRIBE IIe, XPS, EPSON LQ 850, PDF 1.7<br \/>\nFonctionnalit\u00e9s de l&rsquo;imprimante\tTechnologie de la r\u00e9duction du gaspillage des ressources de Kyocera (ECOSYS)<br \/>\nConfiguration requise\tUNIX, Linux, Microsoft Windows, Apple MacOS X 10.8 ou ult\u00e9rieur<br \/>\nR\u00e9solution maximum (N&#038;B)\t1200 ppp<br \/>\nCapacit\u00e9 totale\t600 feuilles<br \/>\nRAM install\u00e9e (maximum)\t512 Mo (2.5 Go)<br \/>\nEtat: Remis A neuf<br \/>\nGarantie: 6 Mois<\/p>\n","protected":false},"featured_media":2182,"comment_status":"open","ping_status":"closed","template":"","meta":{"site-sidebar-layout":"default","site-content-layout":"","ast-site-content-layout":"default","site-content-style":"default","site-sidebar-style":"default","ast-global-header-display":"","ast-banner-title-visibility":"","ast-main-header-display":"","ast-hfb-above-header-display":"","ast-hfb-below-header-display":"","ast-hfb-mobile-header-display":"","site-post-title":"","ast-breadcrumbs-content":"","ast-featured-img":"","footer-sml-layout":"","theme-transparent-header-meta":"default","adv-header-id-meta":"","stick-header-meta":"","header-above-stick-meta":"","header-main-stick-meta":"","header-below-stick-meta":"","astra-migrate-meta-layouts":"set"},"product_brand":[],"product_cat":[43],"product_tag":[],"class_list":{"0":"post-2181","1":"product","2":"type-product","3":"status-publish","4":"has-post-thumbnail","6":"product_cat-imprimantes","7":"desktop-align-left","8":"tablet-align-left","9":"mobile-align-left","11":"first","12":"instock","13":"sale","14":"shipping-taxable","15":"purchasable","16":"product-type-simple"},"jetpack_sharing_enabled":true,"_links":{"self":[{"href":"https:\/\/gmtechnologie.com\/fr\/wp-json\/wp\/v2\/product\/2181","targetHints":{"allow":["GET"]}}],"collection":[{"href":"https:\/\/gmtechnologie.com\/fr\/wp-json\/wp\/v2\/product"}],"about":[{"href":"https:\/\/gmtechnologie.com\/fr\/wp-json\/wp\/v2\/types\/product"}],"replies":[{"embeddable":true,"href":"https:\/\/gmtechnologie.com\/fr\/wp-json\/wp\/v2\/comments?post=2181"}],"wp:featuredmedia":[{"embeddable":true,"href":"https:\/\/gmtechnologie.com\/fr\/wp-json\/wp\/v2\/media\/2182"}],"wp:attachment":[{"href":"https:\/\/gmtechnologie.com\/fr\/wp-json\/wp\/v2\/media?parent=2181"}],"wp:term":[{"taxonomy":"product_brand","embeddable":true,"href":"https:\/\/gmtechnologie.com\/fr\/wp-json\/wp\/v2\/product_brand?post=2181"},{"taxonomy":"product_cat","embeddable":true,"href":"https:\/\/gmtechnologie.com\/fr\/wp-json\/wp\/v2\/product_cat?post=2181"},{"taxonomy":"product_tag","embeddable":true,"href":"https:\/\/gmtechnologie.com\/fr\/wp-json\/wp\/v2\/product_tag?post=2181"}],"curies":[{"name":"wp","href":"https:\/\/api.w.org\/{rel}","templated":true}]}}