{"id":2187,"date":"2024-02-13T15:28:14","date_gmt":"2024-02-13T15:28:14","guid":{"rendered":"https:\/\/gmtechnologie.com\/?post_type=product&#038;p=2187"},"modified":"2024-03-22T05:20:38","modified_gmt":"2024-03-22T05:20:38","slug":"2187","status":"publish","type":"product","link":"https:\/\/gmtechnologie.com\/fr\/product\/2187\/","title":{"rendered":"IMPRIMANTE LEXMARK \u200eMX 511dhe"},"content":{"rendered":"<p>Descriptif technique<br \/>\nMarque\t\u200eLexmark<br \/>\nNum\u00e9ro du mod\u00e8le de l&rsquo;article\t\u200e35S5749<br \/>\ns\u00e9ries\t\u200eMX 511dhe<br \/>\nCouleur\t\u200eGris\/blanc<br \/>\nTaille de la m\u00e9moire vive\t\u200e512 MB<br \/>\nTaille de l&rsquo;\u00e9cran\t\u200e4,3 Pouces<br \/>\nInterface du mat\u00e9riel informatique\t\u200eEthernet<br \/>\nType de connecteur\t\u200eEthernet<br \/>\nDimensions de l&rsquo;article L x L x H\t\u200e48.9 x 45.2 x 50.2 centim\u00e8tres<br \/>\nPoids du produit\t\u200e21800 Grammes<br \/>\nDivers\t\u200ePortable<br \/>\nDisponibilit\u00e9 des pi\u00e8ces d\u00e9tach\u00e9es\t\u200eInformation indisponible sur les pi\u00e8ces d\u00e9tach\u00e9es<br \/>\nMises \u00e0 jour logicielles garanties jusqu\u2019\u00e0\t\u200eInformation non disponible<br \/>\nEtat: Remis A neuf<br \/>\nGarantie: 6 Mois<\/p>\n","protected":false},"excerpt":{"rendered":"<p>Lexmark MX511dhe Imprimante Multifonction Laser Monochrome 47 ppm Noir<\/p>\n","protected":false},"featured_media":2188,"comment_status":"open","ping_status":"closed","template":"","meta":{"site-sidebar-layout":"default","site-content-layout":"","ast-site-content-layout":"default","site-content-style":"default","site-sidebar-style":"default","ast-global-header-display":"","ast-banner-title-visibility":"","ast-main-header-display":"","ast-hfb-above-header-display":"","ast-hfb-below-header-display":"","ast-hfb-mobile-header-display":"","site-post-title":"","ast-breadcrumbs-content":"","ast-featured-img":"","footer-sml-layout":"","theme-transparent-header-meta":"default","adv-header-id-meta":"","stick-header-meta":"","header-above-stick-meta":"","header-main-stick-meta":"","header-below-stick-meta":"","astra-migrate-meta-layouts":"set"},"product_brand":[],"product_cat":[43],"product_tag":[],"class_list":{"0":"post-2187","1":"product","2":"type-product","3":"status-publish","4":"has-post-thumbnail","6":"product_cat-imprimantes","7":"desktop-align-left","8":"tablet-align-left","9":"mobile-align-left","11":"first","12":"instock","13":"sale","14":"shipping-taxable","15":"purchasable","16":"product-type-simple"},"jetpack_sharing_enabled":true,"_links":{"self":[{"href":"https:\/\/gmtechnologie.com\/fr\/wp-json\/wp\/v2\/product\/2187","targetHints":{"allow":["GET"]}}],"collection":[{"href":"https:\/\/gmtechnologie.com\/fr\/wp-json\/wp\/v2\/product"}],"about":[{"href":"https:\/\/gmtechnologie.com\/fr\/wp-json\/wp\/v2\/types\/product"}],"replies":[{"embeddable":true,"href":"https:\/\/gmtechnologie.com\/fr\/wp-json\/wp\/v2\/comments?post=2187"}],"wp:featuredmedia":[{"embeddable":true,"href":"https:\/\/gmtechnologie.com\/fr\/wp-json\/wp\/v2\/media\/2188"}],"wp:attachment":[{"href":"https:\/\/gmtechnologie.com\/fr\/wp-json\/wp\/v2\/media?parent=2187"}],"wp:term":[{"taxonomy":"product_brand","embeddable":true,"href":"https:\/\/gmtechnologie.com\/fr\/wp-json\/wp\/v2\/product_brand?post=2187"},{"taxonomy":"product_cat","embeddable":true,"href":"https:\/\/gmtechnologie.com\/fr\/wp-json\/wp\/v2\/product_cat?post=2187"},{"taxonomy":"product_tag","embeddable":true,"href":"https:\/\/gmtechnologie.com\/fr\/wp-json\/wp\/v2\/product_tag?post=2187"}],"curies":[{"name":"wp","href":"https:\/\/api.w.org\/{rel}","templated":true}]}}