{"id":2206,"date":"2024-02-26T12:16:59","date_gmt":"2024-02-26T12:16:59","guid":{"rendered":"https:\/\/gmtechnologie.com\/?post_type=product&#038;p=2206"},"modified":"2025-09-21T17:40:55","modified_gmt":"2025-09-21T17:40:55","slug":"hp-elitebook-840-g5-ordinateur-portable-14-ecran-full-hd-intel-core-i7-i7-8550","status":"publish","type":"product","link":"https:\/\/gmtechnologie.com\/fr\/product\/hp-elitebook-840-g5-ordinateur-portable-14-ecran-full-hd-intel-core-i7-i7-8550\/","title":{"rendered":"HP EliteBook 840 G5 Ordinateur portable (14&Prime;) \u00c9cran Full HD Intel\u00ae Core\u2122 i7 -8550U"},"content":{"rendered":"<p>HP EliteBook 840 G5-3JX61EA (EliteBook 840 G5 Gamme)<br \/>\nProcesseur<br \/>\nIntel Core i7-8550U 4 x 1.8 &#8211; 4 GHz, Kaby Lake Refresh<br \/>\nCarte graphique<br \/>\nIntel UHD Graphics 620, Processeur: 1150 MHz, double canal, 24.20.100.6025<br \/>\nM\u00e9moire 16 Go<br \/>\nDisque Dur : 512 Go SSD<br \/>\n,DDR4-2 400, double canal, 2 emplacements sur 2 occup\u00e9s.<br \/>\n\u00c9cran14.00 pouces 16:9, 1920 x 1080 pixel 157 PPP, IVO M140NVF7 R0, IPS,R\u00e9tro\u00e9clairage<\/p>\n","protected":false},"excerpt":{"rendered":"<p>HP EliteBook 840 G5 Ordinateur portable (14&Prime;) \u00c9cran Full HD Intel\u00ae Core\u2122 i7 i7-8550<br \/>\n16 Go DDR4- 512 Go SSD Professionnel Ordinateur portable<br \/>\nProcesseur Intel\u00ae Core\u2122 i7 i7-8550U 1,8 GHz Intel\u00ae UHD Graphics 620<br \/>\n\u00c9cran 35,6 cm (14&Prime;) Full HD 1920 x 1080 pixels IPS R\u00e9tro\u00e9clairage \u00e0 LED 16:9<br \/>\nRam :16 Go DDR4-SDRAM 2400 MHz<br \/>\nDisque Dur : 512 Go SSD<br \/>\nEthernet\/LAN 10,100,1000 Mbit\/s Bluetooth 4.2 4G Lithium-Ion (Li-Ion) 50 Wh<br \/>\nWindows 11 Pro Professionnel<br \/>\nEtat: Remis A neuf<br \/>\nGarantie 6 Mois<\/p>\n","protected":false},"featured_media":3142,"comment_status":"open","ping_status":"closed","template":"","meta":{"site-sidebar-layout":"default","site-content-layout":"","ast-site-content-layout":"default","site-content-style":"default","site-sidebar-style":"default","ast-global-header-display":"","ast-banner-title-visibility":"","ast-main-header-display":"","ast-hfb-above-header-display":"","ast-hfb-below-header-display":"","ast-hfb-mobile-header-display":"","site-post-title":"","ast-breadcrumbs-content":"","ast-featured-img":"","footer-sml-layout":"","theme-transparent-header-meta":"default","adv-header-id-meta":"","stick-header-meta":"","header-above-stick-meta":"","header-main-stick-meta":"","header-below-stick-meta":"","astra-migrate-meta-layouts":"set"},"product_brand":[],"product_cat":[24],"product_tag":[],"class_list":{"0":"post-2206","1":"product","2":"type-product","3":"status-publish","4":"has-post-thumbnail","6":"product_cat-ordinateur-portable","7":"desktop-align-left","8":"tablet-align-left","9":"mobile-align-left","11":"first","12":"instock","13":"sale","14":"shipping-taxable","15":"purchasable","16":"product-type-simple"},"jetpack_sharing_enabled":true,"_links":{"self":[{"href":"https:\/\/gmtechnologie.com\/fr\/wp-json\/wp\/v2\/product\/2206","targetHints":{"allow":["GET"]}}],"collection":[{"href":"https:\/\/gmtechnologie.com\/fr\/wp-json\/wp\/v2\/product"}],"about":[{"href":"https:\/\/gmtechnologie.com\/fr\/wp-json\/wp\/v2\/types\/product"}],"replies":[{"embeddable":true,"href":"https:\/\/gmtechnologie.com\/fr\/wp-json\/wp\/v2\/comments?post=2206"}],"wp:featuredmedia":[{"embeddable":true,"href":"https:\/\/gmtechnologie.com\/fr\/wp-json\/wp\/v2\/media\/3142"}],"wp:attachment":[{"href":"https:\/\/gmtechnologie.com\/fr\/wp-json\/wp\/v2\/media?parent=2206"}],"wp:term":[{"taxonomy":"product_brand","embeddable":true,"href":"https:\/\/gmtechnologie.com\/fr\/wp-json\/wp\/v2\/product_brand?post=2206"},{"taxonomy":"product_cat","embeddable":true,"href":"https:\/\/gmtechnologie.com\/fr\/wp-json\/wp\/v2\/product_cat?post=2206"},{"taxonomy":"product_tag","embeddable":true,"href":"https:\/\/gmtechnologie.com\/fr\/wp-json\/wp\/v2\/product_tag?post=2206"}],"curies":[{"name":"wp","href":"https:\/\/api.w.org\/{rel}","templated":true}]}}