{"id":2223,"date":"2024-03-15T05:44:18","date_gmt":"2024-03-15T05:44:18","guid":{"rendered":"https:\/\/gmtechnologie.com\/?post_type=product&#038;p=2223"},"modified":"2025-09-21T17:35:04","modified_gmt":"2025-09-21T17:35:04","slug":"2223","status":"publish","type":"product","link":"https:\/\/gmtechnologie.com\/fr\/product\/2223\/","title":{"rendered":"Ordinateur portable HP EliteBook 840 G6 (14 \u00ab\u00a0) 1920 x 1080 pixels Intel\u00ae Core \u2122 i7 de 8\u00e9me g\u00e9n\u00e9ration"},"content":{"rendered":"<p>Processeur Intel Core i7-8665U (Quad-Core 1.6 GHz \/ 3.9 GHz Turbo \u2013 Cache 6 Mo)<br \/>\n16 Go de m\u00e9moire DDR4<br \/>\nEcran de 14\u2033 anti-reflets avec r\u00e9solution Full HD (1920 x 1080)<br \/>\nDalle IPS : couleurs lumineuses et angles de vision larges<br \/>\nFonctionnement rapide avec un SSD M.2 de 512 Go<br \/>\nCommunication sans fil Wi-Fi AC + Bluetooth 5.0<br \/>\nClavier r\u00e9tro\u00e9clair\u00e9 r\u00e9sistant aux \u00e9claboussures<br \/>\nWebcam IR HD avec capteur de luminosit\u00e9 ambiante<br \/>\n2 ports USB 3.0 + 1 port USB 3.1 Type C<br \/>\nConnecteur HDMI v1.4b<br \/>\nS\u00e9curit\u00e9 : puce TPM 2.0 et lecteur d\u2019empreinte digitale<br \/>\nSyst\u00e8me audio Bang &amp; Olufsen<br \/>\nWindows 11 64 bits<\/p>\n","protected":false},"excerpt":{"rendered":"<p>HP EliteBook 840 G6 Core i7 Ram 16GB 512GB<br \/>\n\u00c9cran 14\u2033 Full HDCarte Graphique Intel UHD Graphics 620OS Haut-parleurs st\u00e9r\u00e9o microphone st\u00e9r\u00e9oSans fil WiFi Bluetooth 4.0Interface r\u00e9seau Gigabit EthernetInterfaces DisplayPort USB 3.0 Port de chargement USB 3.0 LAN Socle Prise combo casque\/microphone VGA USB-CLecteur de carte m\u00e9moire Oui<br \/>\nSyst\u00e8me d&rsquo;exploitation : Microsoft Windows 11 Pro 64 bits<br \/>\nBatterie &amp; chargeur origine<br \/>\nEtat: Remis \u00c0 Neuf,<br \/>\nGarantie: 3 mois<\/p>\n","protected":false},"featured_media":2224,"comment_status":"open","ping_status":"closed","template":"","meta":{"site-sidebar-layout":"default","site-content-layout":"","ast-site-content-layout":"default","site-content-style":"default","site-sidebar-style":"default","ast-global-header-display":"","ast-banner-title-visibility":"","ast-main-header-display":"","ast-hfb-above-header-display":"","ast-hfb-below-header-display":"","ast-hfb-mobile-header-display":"","site-post-title":"","ast-breadcrumbs-content":"","ast-featured-img":"","footer-sml-layout":"","theme-transparent-header-meta":"default","adv-header-id-meta":"","stick-header-meta":"","header-above-stick-meta":"","header-main-stick-meta":"","header-below-stick-meta":"","astra-migrate-meta-layouts":"set"},"product_brand":[],"product_cat":[24],"product_tag":[],"class_list":{"0":"post-2223","1":"product","2":"type-product","3":"status-publish","4":"has-post-thumbnail","6":"product_cat-ordinateur-portable","7":"desktop-align-left","8":"tablet-align-left","9":"mobile-align-left","11":"first","12":"instock","13":"sale","14":"shipping-taxable","15":"purchasable","16":"product-type-simple"},"jetpack_sharing_enabled":true,"_links":{"self":[{"href":"https:\/\/gmtechnologie.com\/fr\/wp-json\/wp\/v2\/product\/2223","targetHints":{"allow":["GET"]}}],"collection":[{"href":"https:\/\/gmtechnologie.com\/fr\/wp-json\/wp\/v2\/product"}],"about":[{"href":"https:\/\/gmtechnologie.com\/fr\/wp-json\/wp\/v2\/types\/product"}],"replies":[{"embeddable":true,"href":"https:\/\/gmtechnologie.com\/fr\/wp-json\/wp\/v2\/comments?post=2223"}],"wp:featuredmedia":[{"embeddable":true,"href":"https:\/\/gmtechnologie.com\/fr\/wp-json\/wp\/v2\/media\/2224"}],"wp:attachment":[{"href":"https:\/\/gmtechnologie.com\/fr\/wp-json\/wp\/v2\/media?parent=2223"}],"wp:term":[{"taxonomy":"product_brand","embeddable":true,"href":"https:\/\/gmtechnologie.com\/fr\/wp-json\/wp\/v2\/product_brand?post=2223"},{"taxonomy":"product_cat","embeddable":true,"href":"https:\/\/gmtechnologie.com\/fr\/wp-json\/wp\/v2\/product_cat?post=2223"},{"taxonomy":"product_tag","embeddable":true,"href":"https:\/\/gmtechnologie.com\/fr\/wp-json\/wp\/v2\/product_tag?post=2223"}],"curies":[{"name":"wp","href":"https:\/\/api.w.org\/{rel}","templated":true}]}}