{"id":2234,"date":"2024-03-19T00:02:17","date_gmt":"2024-03-19T00:02:17","guid":{"rendered":"https:\/\/gmtechnologie.com\/?post_type=product&#038;p=2234"},"modified":"2025-09-10T22:04:40","modified_gmt":"2025-09-10T22:04:40","slug":"hp-elite-x2-g4-intel-core-i5-8365u-16go-512ssd","status":"publish","type":"product","link":"https:\/\/gmtechnologie.com\/fr\/product\/hp-elite-x2-g4-intel-core-i5-8365u-16go-512ssd\/","title":{"rendered":"HP \u00c9lite x2 G4 Intel Core i5-8365U 16Go-512SSD"},"content":{"rendered":"<p>HP Elite x2 G4 &#8211; 13&Prime; &#8211; Core i5 8265U &#8211; 16 Go<br \/>\nRAM 512 Go SSD<br \/>\nInformation<br \/>\nFiche technique<br \/>\nG\u00e9n\u00e9ral<br \/>\nType de Produit Tablette &#8211; avec clavier d\u00e9tachable<br \/>\nSyst\u00e8me d&rsquo;exploitation Windows 11 Pro 64 bits<br \/>\nProcesseur \/ Chipset<br \/>\nCPU Intel Core i5 (8\u00e8me g\u00e9n\u00e9ration) 8265U \/ 1.6 GHz<br \/>\nVitesse maximale en mode Turbo 3.9 GHz<br \/>\nNombre de coeurs Quadric\u0153ur<br \/>\nCache L3 &#8211; 6 Mo<br \/>\nTechnologie 64 bits Oui<br \/>\nFonctions technologie Intel Turbo Boost<br \/>\nM\u00e9moire<br \/>\nRAM 16 Go<br \/>\nTechnologie LPDDR3 SDRAM<br \/>\nVitesse 2133 MHz \/ PC4-17066<br \/>\nVitesse nominale 2133 MHz<br \/>\nFormat SO DIMM 204 broches<br \/>\nStockage principal 512 Go SSD &#8211; (M.2 2280) PCIe 3.0 x4 &#8211; NVM Express (NVMe), cellule \u00e0<br \/>\ntrois niveaux (TLC)<\/p>\n","protected":false},"excerpt":{"rendered":"<p>HP \u00c9lite x2 G4<br \/>\nIntel Core i5-8365U<br \/>\nCarte graphique Intel UHD 620<br \/>\n12,3&Prime;, WUGVA+ (1 920 x 1 280), IPS<br \/>\nDisque SSD de 256 Go<br \/>\n8 Go LPDDR3<br \/>\n1,17 kg (2,6 livres)<br \/>\nSyst\u00e8me d&rsquo;exploitation Microsoft Windows 10 Professionnel 64 bits<br \/>\nGarantie: 6 Mois<\/p>\n","protected":false},"featured_media":3140,"comment_status":"open","ping_status":"closed","template":"","meta":{"site-sidebar-layout":"default","site-content-layout":"","ast-site-content-layout":"default","site-content-style":"default","site-sidebar-style":"default","ast-global-header-display":"","ast-banner-title-visibility":"","ast-main-header-display":"","ast-hfb-above-header-display":"","ast-hfb-below-header-display":"","ast-hfb-mobile-header-display":"","site-post-title":"","ast-breadcrumbs-content":"","ast-featured-img":"","footer-sml-layout":"","theme-transparent-header-meta":"default","adv-header-id-meta":"","stick-header-meta":"","header-above-stick-meta":"","header-main-stick-meta":"","header-below-stick-meta":"","astra-migrate-meta-layouts":"set"},"product_brand":[],"product_cat":[24],"product_tag":[],"class_list":{"0":"post-2234","1":"product","2":"type-product","3":"status-publish","4":"has-post-thumbnail","6":"product_cat-ordinateur-portable","7":"desktop-align-left","8":"tablet-align-left","9":"mobile-align-left","11":"first","12":"instock","13":"sale","14":"shipping-taxable","15":"purchasable","16":"product-type-simple"},"jetpack_sharing_enabled":true,"_links":{"self":[{"href":"https:\/\/gmtechnologie.com\/fr\/wp-json\/wp\/v2\/product\/2234","targetHints":{"allow":["GET"]}}],"collection":[{"href":"https:\/\/gmtechnologie.com\/fr\/wp-json\/wp\/v2\/product"}],"about":[{"href":"https:\/\/gmtechnologie.com\/fr\/wp-json\/wp\/v2\/types\/product"}],"replies":[{"embeddable":true,"href":"https:\/\/gmtechnologie.com\/fr\/wp-json\/wp\/v2\/comments?post=2234"}],"wp:featuredmedia":[{"embeddable":true,"href":"https:\/\/gmtechnologie.com\/fr\/wp-json\/wp\/v2\/media\/3140"}],"wp:attachment":[{"href":"https:\/\/gmtechnologie.com\/fr\/wp-json\/wp\/v2\/media?parent=2234"}],"wp:term":[{"taxonomy":"product_brand","embeddable":true,"href":"https:\/\/gmtechnologie.com\/fr\/wp-json\/wp\/v2\/product_brand?post=2234"},{"taxonomy":"product_cat","embeddable":true,"href":"https:\/\/gmtechnologie.com\/fr\/wp-json\/wp\/v2\/product_cat?post=2234"},{"taxonomy":"product_tag","embeddable":true,"href":"https:\/\/gmtechnologie.com\/fr\/wp-json\/wp\/v2\/product_tag?post=2234"}],"curies":[{"name":"wp","href":"https:\/\/api.w.org\/{rel}","templated":true}]}}