{"id":2284,"date":"2024-12-15T13:49:58","date_gmt":"2024-12-15T13:49:58","guid":{"rendered":"https:\/\/gmtechnologie.com\/?post_type=product&#038;p=2284"},"modified":"2025-09-11T22:34:42","modified_gmt":"2025-09-11T22:34:42","slug":"ordinateurs-portables-doccasion-lenovo-l390-core-i5-1-6ghz-8go-256ssd","status":"publish","type":"product","link":"https:\/\/gmtechnologie.com\/fr\/product\/ordinateurs-portables-doccasion-lenovo-l390-core-i5-1-6ghz-8go-256ssd\/","title":{"rendered":"Ordinateurs portables d&rsquo;occasion Lenovo L390 Core i5 &#8211; 1.6Ghz 16Go 512SSD"},"content":{"rendered":"<p>Ordinateurs portables d&rsquo;occasion Lenovo L390 Core i5 &#8211; 1.6Ghz 16 Go 512 SSD<br \/>\nsyst\u00e8me d&rsquo;exploitation\u00a0: Windows10 Professionnel<br \/>\n\u00c9cran: 13 pouces &#8211; M\u00e9moire RAM : 16 Go<br \/>\nType de m\u00e9moire\u00a0: DDR4<br \/>\nDisque dur interne : SSD de 512 Go<br \/>\nCarte graphique\u00a0: Graphiques Intel. Int\u00e9gr\u00e9<br \/>\nCarte son int\u00e9gr\u00e9e : Intel HD Audio ICH10<br \/>\nCarte r\u00e9seau\u00a0: Intel Gigabit<br \/>\nWi-Fi\u00a0: 802.11a\/b\/g\/n<\/p>\n","protected":false},"excerpt":{"rendered":"<p>Ordinateurs portables d&rsquo;occasion Lenovo L390 Core i5 1.6Ghz 16 Go 512 SSD<br \/>\nProcesseur: Intel Core i5 &#8211; G\u00e9n\u00e9ration: 8e g\u00e9n\u00e9ration<br \/>\n\u00c9cran: 13 pouces &#8211; M\u00e9moire RAM : 16 Go<br \/>\nCarte graphique\u00a0: Graphiques Intel. Int\u00e9gr\u00e9<br \/>\nCarte son int\u00e9gr\u00e9e : Intel HD Audio ICH10<br \/>\nCarte r\u00e9seau\u00a0: Intel Gigabit<br \/>\nWi-Fi\u00a0: 802.11a\/b\/g\/n<br \/>\nsyst\u00e8me d&rsquo;exploitation\u00a0: Windows11 Professionnel<br \/>\nBatterie: Excellente<br \/>\nEtat: Remis A neuf<br \/>\nGarantie: 6 Mois<\/p>\n","protected":false},"featured_media":2285,"comment_status":"open","ping_status":"closed","template":"","meta":{"site-sidebar-layout":"default","site-content-layout":"","ast-site-content-layout":"default","site-content-style":"default","site-sidebar-style":"default","ast-global-header-display":"","ast-banner-title-visibility":"","ast-main-header-display":"","ast-hfb-above-header-display":"","ast-hfb-below-header-display":"","ast-hfb-mobile-header-display":"","site-post-title":"","ast-breadcrumbs-content":"","ast-featured-img":"","footer-sml-layout":"","theme-transparent-header-meta":"default","adv-header-id-meta":"","stick-header-meta":"","header-above-stick-meta":"","header-main-stick-meta":"","header-below-stick-meta":"","astra-migrate-meta-layouts":"set"},"product_brand":[],"product_cat":[24],"product_tag":[],"class_list":{"0":"post-2284","1":"product","2":"type-product","3":"status-publish","4":"has-post-thumbnail","6":"product_cat-ordinateur-portable","7":"desktop-align-left","8":"tablet-align-left","9":"mobile-align-left","11":"first","12":"instock","13":"sale","14":"shipping-taxable","15":"purchasable","16":"product-type-simple"},"jetpack_sharing_enabled":true,"_links":{"self":[{"href":"https:\/\/gmtechnologie.com\/fr\/wp-json\/wp\/v2\/product\/2284","targetHints":{"allow":["GET"]}}],"collection":[{"href":"https:\/\/gmtechnologie.com\/fr\/wp-json\/wp\/v2\/product"}],"about":[{"href":"https:\/\/gmtechnologie.com\/fr\/wp-json\/wp\/v2\/types\/product"}],"replies":[{"embeddable":true,"href":"https:\/\/gmtechnologie.com\/fr\/wp-json\/wp\/v2\/comments?post=2284"}],"wp:featuredmedia":[{"embeddable":true,"href":"https:\/\/gmtechnologie.com\/fr\/wp-json\/wp\/v2\/media\/2285"}],"wp:attachment":[{"href":"https:\/\/gmtechnologie.com\/fr\/wp-json\/wp\/v2\/media?parent=2284"}],"wp:term":[{"taxonomy":"product_brand","embeddable":true,"href":"https:\/\/gmtechnologie.com\/fr\/wp-json\/wp\/v2\/product_brand?post=2284"},{"taxonomy":"product_cat","embeddable":true,"href":"https:\/\/gmtechnologie.com\/fr\/wp-json\/wp\/v2\/product_cat?post=2284"},{"taxonomy":"product_tag","embeddable":true,"href":"https:\/\/gmtechnologie.com\/fr\/wp-json\/wp\/v2\/product_tag?post=2284"}],"curies":[{"name":"wp","href":"https:\/\/api.w.org\/{rel}","templated":true}]}}