{"id":2306,"date":"2025-01-05T15:56:33","date_gmt":"2025-01-05T15:56:33","guid":{"rendered":"https:\/\/gmtechnologie.com\/?post_type=product&#038;p=2306"},"modified":"2025-01-05T15:56:33","modified_gmt":"2025-01-05T15:56:33","slug":"hp-elitebook-755-g5-amd-ryzen-3-pro-2300u","status":"publish","type":"product","link":"https:\/\/gmtechnologie.com\/fr\/product\/hp-elitebook-755-g5-amd-ryzen-3-pro-2300u\/","title":{"rendered":"HP EliteBook 755 G5 AMD Ryzen 3 PRO 2300U"},"content":{"rendered":"<p>Ecran R\u00e9solution 1920\u00d71080 Pixels (Full HD)<br \/>\nEcran Taille En Pouces 15&Prime;<br \/>\nDisque dur 256 GB ssd &#8211; 8GB Ram memoire<br \/>\nRAM (Nb Total Slots)<br \/>\n2 SLOT- RAM\u00a0 Type DDR4<br \/>\nLecteur De Carte SD (Oui\/Non)<br \/>\nAucun Lecteur De Cartes SD<br \/>\nPoids 1,9 Kg<br \/>\nProcesseur\u00a0 Fr\u00e9quence 2.0 Ghz<br \/>\nProcesseur\u00a0 Gamme Ryzen 3<br \/>\nProcesseur\u00a0 G\u00e9n\u00e9ration GEN 8<br \/>\nProcesseur\u00a0 Marque AMD<br \/>\nProcesseur &#8211; AMD Ryzen 3 PRO 2300U W\/ Radeon Vega Mobile Gfx<br \/>\nProcesseur Nb C\u0153urs 4 CORE<br \/>\nAvec Webcam Screen Resolution 1920\u00d71080 Pixels (Full HD)<br \/>\nScreen Size In Inches 15&Prime;<br \/>\nHard Drive 256 GB ssd &#8211; 8GB Ram memory<br \/>\nRAM (Total Slots)<br \/>\n2 SLOT- RAM (Type)<br \/>\nDDR4<br \/>\nAudio Jack (Yes\/No)<br \/>\nWithout Audio Jack<br \/>\nSD Card Reader (Yes\/No)<br \/>\nNo SD Card Reader<br \/>\nWeight 1.9 Kg<br \/>\nProcessor (Frequency)<br \/>\n2.0 Ghz<br \/>\nProcessor (Range)<br \/>\nRyzen 3<br \/>\nProcessor (Generation)<br \/>\nGEN 8<br \/>\nProcessor (Brand)<br \/>\nAMD<br \/>\nProcessor (Model)<br \/>\nAMD Ryzen 3 PRO 2300U W\/ Radeon Vega Mobile Gfx<br \/>\nProcessor No. Cores 4 CORE<br \/>\nWebcam (Yes) With Webcam<\/p>\n","protected":false},"excerpt":{"rendered":"<p>HP EliteBook 755 G5 &#8211; AMD Ryzen 3 PRO 2300U Radeon Vega Mobile Gfx GEN 8 &#8211; 8 GB \/ 256 GB NVMe 15\u2033 1920\u00d71080 pixels (Full HD) \/ Non tactile Radeon Vega Series Radeon Vega Mobile Series Avec Webcam Avec Clavier azerty (fr) USB-C \/ Windows 10 Professionnel install\u00e9N \u00e9t\u00e9t comme neuf,<br \/>\nGarantie: 6 Mois<\/p>\n","protected":false},"featured_media":2307,"comment_status":"open","ping_status":"closed","template":"","meta":{"site-sidebar-layout":"default","site-content-layout":"","ast-site-content-layout":"default","site-content-style":"default","site-sidebar-style":"default","ast-global-header-display":"","ast-banner-title-visibility":"","ast-main-header-display":"","ast-hfb-above-header-display":"","ast-hfb-below-header-display":"","ast-hfb-mobile-header-display":"","site-post-title":"","ast-breadcrumbs-content":"","ast-featured-img":"","footer-sml-layout":"","theme-transparent-header-meta":"default","adv-header-id-meta":"","stick-header-meta":"","header-above-stick-meta":"","header-main-stick-meta":"","header-below-stick-meta":"","astra-migrate-meta-layouts":"set"},"product_brand":[],"product_cat":[24],"product_tag":[],"class_list":{"0":"post-2306","1":"product","2":"type-product","3":"status-publish","4":"has-post-thumbnail","6":"product_cat-ordinateur-portable","7":"desktop-align-left","8":"tablet-align-left","9":"mobile-align-left","11":"first","12":"instock","13":"sale","14":"shipping-taxable","15":"purchasable","16":"product-type-simple"},"jetpack_sharing_enabled":true,"_links":{"self":[{"href":"https:\/\/gmtechnologie.com\/fr\/wp-json\/wp\/v2\/product\/2306","targetHints":{"allow":["GET"]}}],"collection":[{"href":"https:\/\/gmtechnologie.com\/fr\/wp-json\/wp\/v2\/product"}],"about":[{"href":"https:\/\/gmtechnologie.com\/fr\/wp-json\/wp\/v2\/types\/product"}],"replies":[{"embeddable":true,"href":"https:\/\/gmtechnologie.com\/fr\/wp-json\/wp\/v2\/comments?post=2306"}],"wp:featuredmedia":[{"embeddable":true,"href":"https:\/\/gmtechnologie.com\/fr\/wp-json\/wp\/v2\/media\/2307"}],"wp:attachment":[{"href":"https:\/\/gmtechnologie.com\/fr\/wp-json\/wp\/v2\/media?parent=2306"}],"wp:term":[{"taxonomy":"product_brand","embeddable":true,"href":"https:\/\/gmtechnologie.com\/fr\/wp-json\/wp\/v2\/product_brand?post=2306"},{"taxonomy":"product_cat","embeddable":true,"href":"https:\/\/gmtechnologie.com\/fr\/wp-json\/wp\/v2\/product_cat?post=2306"},{"taxonomy":"product_tag","embeddable":true,"href":"https:\/\/gmtechnologie.com\/fr\/wp-json\/wp\/v2\/product_tag?post=2306"}],"curies":[{"name":"wp","href":"https:\/\/api.w.org\/{rel}","templated":true}]}}