{"id":2318,"date":"2025-01-05T16:29:27","date_gmt":"2025-01-05T16:29:27","guid":{"rendered":"https:\/\/gmtechnologie.com\/?post_type=product&#038;p=2318"},"modified":"2025-02-11T13:14:16","modified_gmt":"2025-02-11T13:14:16","slug":"hp-elitebook-x360-830-g7-13-core-i5-1-7-ghz-ssd-512-go-8-go","status":"publish","type":"product","link":"https:\/\/gmtechnologie.com\/fr\/product\/hp-elitebook-x360-830-g7-13-core-i5-1-7-ghz-ssd-512-go-8-go\/","title":{"rendered":"HP EliteBook x360 830 G7 13&Prime; Core i5 1.7 GHz &#8211; SSD 512 Go &#8211; 16 Go"},"content":{"rendered":"<h5 class=\"product_title entry-title\">-Ordenateur Portable HP EliteBook 830 G7 Core i5-10210U I 16Go I 512Go SSD NVMe 14\u2033FHD Tactile [Remis \u00e0 Neuf]<\/h5>\n<p>-Processeur : Intel Core i5-10310U (10e g\u00e9n\u00e9ration 4 c\u0153urs 1-7 GHz)<\/p>\n<p>-M\u00e9moire vive : 16 Go DDR4 &#8211; Stockage : 512 Go SSD<\/p>\n","protected":false},"excerpt":{"rendered":"<p>HP EliteBook x360 830 G7 Grade B \/ Intel(R) Core(TM) i5-10310U CPU @ 1.70GHz &#8211; GEN 10 &#8211; 16 GB -512 GB -NVMe Aucun lecteur \/ 13,5\u2033 -1920\u00d71080 pixels (Full HD) \/ Tactile- Intel UHD Graphics \/ Avec Webcam &#8211; 1 HDMI &#8211; Avec Clavier \/ azerty 2 USB-C \/ Windows 11 Professionnel install\u00e9,<\/p>\n<h5 class=\"product_title entry-title\">Remis \u00e0 Neuf &#8211; Garantie: 6 mois<\/h5>\n","protected":false},"featured_media":2344,"comment_status":"open","ping_status":"closed","template":"","meta":{"site-sidebar-layout":"default","site-content-layout":"","ast-site-content-layout":"default","site-content-style":"default","site-sidebar-style":"default","ast-global-header-display":"","ast-banner-title-visibility":"","ast-main-header-display":"","ast-hfb-above-header-display":"","ast-hfb-below-header-display":"","ast-hfb-mobile-header-display":"","site-post-title":"","ast-breadcrumbs-content":"","ast-featured-img":"","footer-sml-layout":"","theme-transparent-header-meta":"default","adv-header-id-meta":"","stick-header-meta":"","header-above-stick-meta":"","header-main-stick-meta":"","header-below-stick-meta":"","astra-migrate-meta-layouts":"set"},"product_brand":[],"product_cat":[24],"product_tag":[],"class_list":{"0":"post-2318","1":"product","2":"type-product","3":"status-publish","4":"has-post-thumbnail","6":"product_cat-ordinateur-portable","7":"desktop-align-left","8":"tablet-align-left","9":"mobile-align-left","11":"first","12":"instock","13":"sale","14":"shipping-taxable","15":"purchasable","16":"product-type-simple"},"jetpack_sharing_enabled":true,"_links":{"self":[{"href":"https:\/\/gmtechnologie.com\/fr\/wp-json\/wp\/v2\/product\/2318","targetHints":{"allow":["GET"]}}],"collection":[{"href":"https:\/\/gmtechnologie.com\/fr\/wp-json\/wp\/v2\/product"}],"about":[{"href":"https:\/\/gmtechnologie.com\/fr\/wp-json\/wp\/v2\/types\/product"}],"replies":[{"embeddable":true,"href":"https:\/\/gmtechnologie.com\/fr\/wp-json\/wp\/v2\/comments?post=2318"}],"wp:featuredmedia":[{"embeddable":true,"href":"https:\/\/gmtechnologie.com\/fr\/wp-json\/wp\/v2\/media\/2344"}],"wp:attachment":[{"href":"https:\/\/gmtechnologie.com\/fr\/wp-json\/wp\/v2\/media?parent=2318"}],"wp:term":[{"taxonomy":"product_brand","embeddable":true,"href":"https:\/\/gmtechnologie.com\/fr\/wp-json\/wp\/v2\/product_brand?post=2318"},{"taxonomy":"product_cat","embeddable":true,"href":"https:\/\/gmtechnologie.com\/fr\/wp-json\/wp\/v2\/product_cat?post=2318"},{"taxonomy":"product_tag","embeddable":true,"href":"https:\/\/gmtechnologie.com\/fr\/wp-json\/wp\/v2\/product_tag?post=2318"}],"curies":[{"name":"wp","href":"https:\/\/api.w.org\/{rel}","templated":true}]}}