{"id":2325,"date":"2025-01-18T14:15:26","date_gmt":"2025-01-18T14:15:26","guid":{"rendered":"https:\/\/gmtechnologie.com\/?post_type=product&#038;p=2325"},"modified":"2025-09-26T20:58:08","modified_gmt":"2025-09-26T20:58:08","slug":"dell-latitude-7390-intel-core-i5-i5-8250u-full-hd-8-go-ddr4-256-go-ssd-windows-10-pro-noir","status":"publish","type":"product","link":"https:\/\/gmtechnologie.com\/fr\/product\/dell-latitude-7390-intel-core-i5-i5-8250u-full-hd-8-go-ddr4-256-go-ssd-windows-10-pro-noir\/","title":{"rendered":"DELL Latitude 7390 Intel\u00ae Core\u2122 i5 i5-8250U  Full HD 8 Go DDR4- 256 Go SSD  Windows 10 Pro Noir"},"content":{"rendered":"<h2 class=\"product_title entry-title\">Dell Latitude 7390 \u2013 Etat comme neuf<\/h2>\n<div class=\"description woocommerce-product-details__short-description\">\n<p>Dell Latitude 7390\u00a0 \/ Intel(R) Core(TM) i5-8350U CPU @ 1.70GHz \/ GEN 8 \/ 8 GB \/ 256 GB\u00a0 \/ 13.3\u2033 \/ 1920\u00d71080 pixels (Full HD) \/\u00a0 UHD Graphics 620 \/ Avec Webcam \/ 1 HDMI \/ Avec Clavier \/ azerty (fr) \/ 1 USB-C \/ Windows 10 Professionnel install\u00e9<\/p>\n<\/div>\n","protected":false},"excerpt":{"rendered":"<p>&#8211; Ordinateur portable Clapet Noir<\/p>\n<ul>\n<li>&#8211;\u00a0Intel\u00ae Core\u2122 i5 i5-8250U 1,6 GHz<\/li>\n<li>&#8211;\u00a033,8 cm (13.3&Prime;) Full HD 1920 x 1080 pixels R\u00e9tro\u00e9clairage \u00e0 LED Mat 16:9<\/li>\n<li>&#8211;\u00a08 Go DDR4-SDRAM 2400 MHz 1 x 8 Go<\/li>\n<li>&#8211;\u00a0256 Go SSD<\/li>\n<li>&#8211;\u00a0Intel\u00ae UHD Graphics 620<\/li>\n<li>&#8211;\u00a0Wi-Fi 5 (802.11ac) Bluetooth 4.2<\/li>\n<li>&#8211;\u00a0Lithium Polym\u00e8re (LiPo) 60 Wh 65 W<\/li>\n<li>&#8211;\u00a0Windows 10 Pro 64-bit<\/li>\n<li>&#8211; Garantie 6 Mois<\/li>\n<\/ul>\n","protected":false},"featured_media":2327,"comment_status":"open","ping_status":"closed","template":"","meta":{"site-sidebar-layout":"default","site-content-layout":"","ast-site-content-layout":"default","site-content-style":"default","site-sidebar-style":"default","ast-global-header-display":"","ast-banner-title-visibility":"","ast-main-header-display":"","ast-hfb-above-header-display":"","ast-hfb-below-header-display":"","ast-hfb-mobile-header-display":"","site-post-title":"","ast-breadcrumbs-content":"","ast-featured-img":"","footer-sml-layout":"","theme-transparent-header-meta":"default","adv-header-id-meta":"","stick-header-meta":"","header-above-stick-meta":"","header-main-stick-meta":"","header-below-stick-meta":"","astra-migrate-meta-layouts":"set"},"product_brand":[],"product_cat":[24],"product_tag":[],"class_list":{"0":"post-2325","1":"product","2":"type-product","3":"status-publish","4":"has-post-thumbnail","6":"product_cat-ordinateur-portable","7":"desktop-align-left","8":"tablet-align-left","9":"mobile-align-left","11":"first","12":"instock","13":"shipping-taxable","14":"purchasable","15":"product-type-simple"},"jetpack_sharing_enabled":true,"_links":{"self":[{"href":"https:\/\/gmtechnologie.com\/fr\/wp-json\/wp\/v2\/product\/2325","targetHints":{"allow":["GET"]}}],"collection":[{"href":"https:\/\/gmtechnologie.com\/fr\/wp-json\/wp\/v2\/product"}],"about":[{"href":"https:\/\/gmtechnologie.com\/fr\/wp-json\/wp\/v2\/types\/product"}],"replies":[{"embeddable":true,"href":"https:\/\/gmtechnologie.com\/fr\/wp-json\/wp\/v2\/comments?post=2325"}],"wp:featuredmedia":[{"embeddable":true,"href":"https:\/\/gmtechnologie.com\/fr\/wp-json\/wp\/v2\/media\/2327"}],"wp:attachment":[{"href":"https:\/\/gmtechnologie.com\/fr\/wp-json\/wp\/v2\/media?parent=2325"}],"wp:term":[{"taxonomy":"product_brand","embeddable":true,"href":"https:\/\/gmtechnologie.com\/fr\/wp-json\/wp\/v2\/product_brand?post=2325"},{"taxonomy":"product_cat","embeddable":true,"href":"https:\/\/gmtechnologie.com\/fr\/wp-json\/wp\/v2\/product_cat?post=2325"},{"taxonomy":"product_tag","embeddable":true,"href":"https:\/\/gmtechnologie.com\/fr\/wp-json\/wp\/v2\/product_tag?post=2325"}],"curies":[{"name":"wp","href":"https:\/\/api.w.org\/{rel}","templated":true}]}}