{"id":2331,"date":"2025-02-11T11:33:03","date_gmt":"2025-02-11T11:33:03","guid":{"rendered":"https:\/\/gmtechnologie.com\/?post_type=product&#038;p=2331"},"modified":"2025-02-11T11:54:51","modified_gmt":"2025-02-11T11:54:51","slug":"hp-elitebook-x360-1030-g4-core-i5-8265u-1-6-ghz-windows-10-pro-64-bits-8-go-ram-512-go-ssd-nvme-tlc-13-3","status":"publish","type":"product","link":"https:\/\/gmtechnologie.com\/fr\/product\/hp-elitebook-x360-1030-g4-core-i5-8265u-1-6-ghz-windows-10-pro-64-bits-8-go-ram-512-go-ssd-nvme-tlc-13-3\/","title":{"rendered":"HP EliteBook x360 1030 G4 &#8211; Core i5 8265U \/ 1.6 GHz &#8211; Windows 10 Pro 64 bits &#8211; 8 Go RAM &#8211; 512 Go SSD NVMe, TLC &#8211; 13.3&Prime;"},"content":{"rendered":"<p><strong>HP EliteBook x360 1030 G4 Intel\u00ae Core\u2122 i5 i5-8365U Hybride (2-en-1)<\/strong><\/p>\n<p><strong>33,8 cm (13.3&Prime;) \u00c9cran tactile Full HD 8 Go LPDDR3-SDRAM 512 Go SSD Wi-Fi 6 (802.11ax) Windows 10 Pro\u00a0\u00a0<\/strong><\/p>\n","protected":false},"excerpt":{"rendered":"<p>HP EliteBook x360 1030 G4 Intel\u00ae Core\u2122 i5 i5-8365U (2-en-1) 33,8 cm (13.3&Prime;) \u00c9cran tactile Full HD 8 Go LPDDR3-SDRAM 512 Go SSD Wi-Fi 6 (802.11ax)<br \/>\n&#8211; Intel\u00ae Core\u2122 i5 i5-8365U 1,6 GHz<br \/>\n&#8211; \u00c9cran tactile 33,8 cm (13.3&Prime;) Full HD 1920 x 1080 pixels IPS R\u00e9tro\u00e9clairage \u00e0 LED 16:9<br \/>\n&#8211; 8 Go Ram\u00a0 &#8211; 512 Go SSD<br \/>\n&#8211; Intel\u00ae UHD Graphics 620<br \/>\n&#8211; Wi-Fi 6 (802.11ax) Bluetooth 5.0 4G<br \/>\n&#8211; Windows 10 Pro 64 bits<\/p>\n<p>-Garantie 6 Mois<\/p>\n","protected":false},"featured_media":2332,"comment_status":"open","ping_status":"closed","template":"","meta":{"site-sidebar-layout":"default","site-content-layout":"","ast-site-content-layout":"default","site-content-style":"default","site-sidebar-style":"default","ast-global-header-display":"","ast-banner-title-visibility":"","ast-main-header-display":"","ast-hfb-above-header-display":"","ast-hfb-below-header-display":"","ast-hfb-mobile-header-display":"","site-post-title":"","ast-breadcrumbs-content":"","ast-featured-img":"","footer-sml-layout":"","theme-transparent-header-meta":"default","adv-header-id-meta":"","stick-header-meta":"","header-above-stick-meta":"","header-main-stick-meta":"","header-below-stick-meta":"","astra-migrate-meta-layouts":"set"},"product_brand":[],"product_cat":[24],"product_tag":[],"class_list":{"0":"post-2331","1":"product","2":"type-product","3":"status-publish","4":"has-post-thumbnail","6":"product_cat-ordinateur-portable","7":"desktop-align-left","8":"tablet-align-left","9":"mobile-align-left","11":"first","12":"instock","13":"sale","14":"shipping-taxable","15":"purchasable","16":"product-type-simple"},"jetpack_sharing_enabled":true,"_links":{"self":[{"href":"https:\/\/gmtechnologie.com\/fr\/wp-json\/wp\/v2\/product\/2331","targetHints":{"allow":["GET"]}}],"collection":[{"href":"https:\/\/gmtechnologie.com\/fr\/wp-json\/wp\/v2\/product"}],"about":[{"href":"https:\/\/gmtechnologie.com\/fr\/wp-json\/wp\/v2\/types\/product"}],"replies":[{"embeddable":true,"href":"https:\/\/gmtechnologie.com\/fr\/wp-json\/wp\/v2\/comments?post=2331"}],"wp:featuredmedia":[{"embeddable":true,"href":"https:\/\/gmtechnologie.com\/fr\/wp-json\/wp\/v2\/media\/2332"}],"wp:attachment":[{"href":"https:\/\/gmtechnologie.com\/fr\/wp-json\/wp\/v2\/media?parent=2331"}],"wp:term":[{"taxonomy":"product_brand","embeddable":true,"href":"https:\/\/gmtechnologie.com\/fr\/wp-json\/wp\/v2\/product_brand?post=2331"},{"taxonomy":"product_cat","embeddable":true,"href":"https:\/\/gmtechnologie.com\/fr\/wp-json\/wp\/v2\/product_cat?post=2331"},{"taxonomy":"product_tag","embeddable":true,"href":"https:\/\/gmtechnologie.com\/fr\/wp-json\/wp\/v2\/product_tag?post=2331"}],"curies":[{"name":"wp","href":"https:\/\/api.w.org\/{rel}","templated":true}]}}