{"id":2354,"date":"2025-03-09T14:06:33","date_gmt":"2025-03-09T14:06:33","guid":{"rendered":"https:\/\/gmtechnologie.com\/?post_type=product&#038;p=2354"},"modified":"2025-09-26T21:09:23","modified_gmt":"2025-09-26T21:09:23","slug":"pc-portable-hp-elitebook-830-g7-i7-10610u-16-go-ddr4-512-ssd","status":"publish","type":"product","link":"https:\/\/gmtechnologie.com\/fr\/product\/pc-portable-hp-elitebook-830-g7-i7-10610u-16-go-ddr4-512-ssd\/","title":{"rendered":"Pc Portable HP EliteBook 830 G7- i7-10610U &#8211; 16 Go DDR4-512 SSD"},"content":{"rendered":"<table class=\"aligncenter\" style=\"height: 951px;\" border=\"1\" width=\"694\" cellspacing=\"0\" cellpadding=\"5\">\n<tbody>\n<tr>\n<th>\n<h5>Mod\u00e8le<\/h5>\n<\/th>\n<td>\n<h5><strong>ELITEBOOK 830 G7<\/strong><\/h5>\n<\/td>\n<\/tr>\n<tr>\n<th>\n<h5>Marque<\/h5>\n<\/th>\n<td>\n<h5><a href=\"https:\/\/accesscomputer.ma\/fr\/hp-maroc\" rel=\"tag\">HP<\/a><\/h5>\n<\/td>\n<\/tr>\n<tr>\n<th>\n<h5>\u00c9tat<\/h5>\n<\/th>\n<td>\n<h5>Remis A Neuf<\/h5>\n<\/td>\n<\/tr>\n<tr>\n<th>\n<h5>Mod\u00e9le du Processeur<\/h5>\n<\/th>\n<td>\n<h5>Intel Core i7<\/h5>\n<\/td>\n<\/tr>\n<tr>\n<th>\n<h5>Type de processeur<\/h5>\n<\/th>\n<td>\n<h5>i7-10610U 10th Generation<\/h5>\n<\/td>\n<\/tr>\n<tr>\n<th>\n<h5>Vitesse de Processeur<\/h5>\n<\/th>\n<td>\n<h5>1.80 GHz base frequency, up to 4.90 GHz with Intel\u00ae Turbo Boost Technology, 8 MB cache, 4 core<\/h5>\n<\/td>\n<\/tr>\n<tr>\n<th>\n<h5>Taille de la M\u00e9moire<\/h5>\n<\/th>\n<td>\n<h5>16 Go<\/h5>\n<\/td>\n<\/tr>\n<tr>\n<th>\n<h5>Type de M\u00e9moire<\/h5>\n<\/th>\n<td>\n<h5>DDR4<\/h5>\n<\/td>\n<\/tr>\n<tr>\n<th>\n<h5>Disque Dur<\/h5>\n<\/th>\n<td>\n<h5>SSD 512 Go<\/h5>\n<\/td>\n<\/tr>\n<tr>\n<th>\n<h5>\u00a0 \u00a0 \u00a0 \u00a0 \u00a0Taille de la M\u00e9moire 16 Go<\/h5>\n<\/th>\n<td><\/td>\n<\/tr>\n<tr>\n<th>\n<h5>Type de Disque<\/h5>\n<\/th>\n<td>\n<h5>SSD (Solid State Drive)<\/h5>\n<\/td>\n<\/tr>\n<tr>\n<th>\n<h5>Graphique int\u00e9gr\u00e9e<\/h5>\n<\/th>\n<td>\n<h5>Intel UHD Graphics<\/h5>\n<\/td>\n<\/tr>\n<tr>\n<th>\n<h5>Taille de l&rsquo;\u00e9cran<\/h5>\n<\/th>\n<td>\n<h5>13.3 Pouces<\/h5>\n<\/td>\n<\/tr>\n<tr>\n<th>\n<h5>R\u00e9solution<\/h5>\n<\/th>\n<td>\n<h5>1920 x 1080 pixels<\/h5>\n<\/td>\n<\/tr>\n<tr>\n<th><\/th>\n<td><\/td>\n<\/tr>\n<tr>\n<th>\n<h5>Connecteur(s)<\/h5>\n<\/th>\n<td>\n<h5>2x USB 3.1, 2xUSB 3.1 Type C, Lecteur de carte \u00e0 puce sc, HDMI, Jack 3,5mm St\u00e9r\u00e9o<\/h5>\n<\/td>\n<\/tr>\n<tr>\n<th>\n<h5>R\u00e9seau sans-fil<\/h5>\n<\/th>\n<td>\n<h5>Bluetooth 5.0, Wi-Fi 6 AX<\/h5>\n<\/td>\n<\/tr>\n<tr>\n<th>\n<h5>WebCam Int\u00e9gr\u00e9<\/h5>\n<\/th>\n<td>\n<h5>Oui<\/h5>\n<\/td>\n<\/tr>\n<tr>\n<th>\n<h5>Haut-Parleurs Int\u00e9gr\u00e9s<\/h5>\n<\/th>\n<td>\n<h5>Oui<\/h5>\n<\/td>\n<\/tr>\n<tr>\n<th>\n<h5>Norme du clavier<\/h5>\n<\/th>\n<td>\n<h5>Azerty<\/h5>\n<\/td>\n<\/tr>\n<tr>\n<th>\n<h5>Couleur<\/h5>\n<\/th>\n<td>\n<h5>Silver<\/h5>\n<\/td>\n<\/tr>\n<tr>\n<th>\n<h5>Batterie<\/h5>\n<\/th>\n<td>\n<h5>4h Plus<\/h5>\n<\/td>\n<\/tr>\n<tr>\n<th>\n<h5>Syst\u00e8me d&rsquo;exploitation<\/h5>\n<\/th>\n<td>\n<h5>Windows 11 Professionnel 64 bits<\/h5>\n<\/td>\n<\/tr>\n<\/tbody>\n<\/table>\n","protected":false},"excerpt":{"rendered":"<div class=\"specs_element\">\n<div>\n<h1 class=\"product_title entry-title wd-entities-title\">HP EliteBook 830 G7 i7-10610U 16GB 512GB SSD<\/h1>\n<\/div>\n<div class=\"specs\">Processeur: <a href=\"https:\/\/www.notebookcheck.biz\/Intel-Comet-Lake-i7-10810U-Notebook-Processor.553798.0.html\">Intel Core i7-10810U<\/a>\u00a06 x 1.1 &#8211; 4.9\u00a0GHz, Comet Lake-U<\/div>\n<\/div>\n<div class=\"specs_element\">\n<div class=\"specs\">Carte graphique: <a href=\"https:\/\/www.notebookcheck.biz\/Intel-UHD-Graphics-620.341481.0.html\">Intel UHD Graphics 620<\/a>, DDR4, 26.20.100.7985<\/div>\n<\/div>\n<div class=\"specs_element\">\n<div class=\"specs\">M\u00e9moire: 16\u00a0Go<\/div>\n<div>\n<p><strong>Disque Dur : 512 Go SSD<\/strong><\/p>\n<p><strong>Etat : Remis A Neuf<\/strong><\/p>\n<p><strong>Garantie : 6 mois<\/strong><\/p>\n<\/div>\n<\/div>\n<div class=\"specs_element\">\n<div class=\"specs\"><\/div>\n<\/div>\n<div class=\"specs_element\">\n<div class=\"specs\"><\/div>\n<\/div>\n<div class=\"specs_element\">\n<div class=\"specs_details\">\n<div class=\"specs_indicator\">\n<div class=\"specs_indicator_rest\"><\/div>\n<div class=\"specs_indicator_color\"><\/div>\n<\/div>\n<\/div>\n<\/div>\n<div class=\"specs_element\">\n<div class=\"specs_details\"><\/div>\n<\/div>\n","protected":false},"featured_media":3134,"comment_status":"open","ping_status":"closed","template":"","meta":{"site-sidebar-layout":"default","site-content-layout":"","ast-site-content-layout":"default","site-content-style":"default","site-sidebar-style":"default","ast-global-header-display":"","ast-banner-title-visibility":"","ast-main-header-display":"","ast-hfb-above-header-display":"","ast-hfb-below-header-display":"","ast-hfb-mobile-header-display":"","site-post-title":"","ast-breadcrumbs-content":"","ast-featured-img":"","footer-sml-layout":"","theme-transparent-header-meta":"default","adv-header-id-meta":"","stick-header-meta":"","header-above-stick-meta":"","header-main-stick-meta":"","header-below-stick-meta":"","astra-migrate-meta-layouts":"set"},"product_brand":[],"product_cat":[24],"product_tag":[],"class_list":{"0":"post-2354","1":"product","2":"type-product","3":"status-publish","4":"has-post-thumbnail","6":"product_cat-ordinateur-portable","7":"desktop-align-left","8":"tablet-align-left","9":"mobile-align-left","11":"first","12":"instock","13":"shipping-taxable","14":"purchasable","15":"product-type-simple"},"jetpack_sharing_enabled":true,"_links":{"self":[{"href":"https:\/\/gmtechnologie.com\/fr\/wp-json\/wp\/v2\/product\/2354","targetHints":{"allow":["GET"]}}],"collection":[{"href":"https:\/\/gmtechnologie.com\/fr\/wp-json\/wp\/v2\/product"}],"about":[{"href":"https:\/\/gmtechnologie.com\/fr\/wp-json\/wp\/v2\/types\/product"}],"replies":[{"embeddable":true,"href":"https:\/\/gmtechnologie.com\/fr\/wp-json\/wp\/v2\/comments?post=2354"}],"wp:featuredmedia":[{"embeddable":true,"href":"https:\/\/gmtechnologie.com\/fr\/wp-json\/wp\/v2\/media\/3134"}],"wp:attachment":[{"href":"https:\/\/gmtechnologie.com\/fr\/wp-json\/wp\/v2\/media?parent=2354"}],"wp:term":[{"taxonomy":"product_brand","embeddable":true,"href":"https:\/\/gmtechnologie.com\/fr\/wp-json\/wp\/v2\/product_brand?post=2354"},{"taxonomy":"product_cat","embeddable":true,"href":"https:\/\/gmtechnologie.com\/fr\/wp-json\/wp\/v2\/product_cat?post=2354"},{"taxonomy":"product_tag","embeddable":true,"href":"https:\/\/gmtechnologie.com\/fr\/wp-json\/wp\/v2\/product_tag?post=2354"}],"curies":[{"name":"wp","href":"https:\/\/api.w.org\/{rel}","templated":true}]}}