{"id":2361,"date":"2025-03-10T14:10:01","date_gmt":"2025-03-10T14:10:01","guid":{"rendered":"https:\/\/gmtechnologie.com\/?post_type=product&#038;p=2361"},"modified":"2025-09-26T21:08:22","modified_gmt":"2025-09-26T21:08:22","slug":"ordinateur-portable-hp-elitebook-x360-convertible-830-g7-8go-512-ssd","status":"publish","type":"product","link":"https:\/\/gmtechnologie.com\/fr\/product\/ordinateur-portable-hp-elitebook-x360-convertible-830-g7-8go-512-ssd\/","title":{"rendered":"Ordinateur portable HP EliteBook x360 convertible 830 G7-8Go\/512 SSD"},"content":{"rendered":"<p>Ordinateur portable convertible HP EliteBook x360 830 G7<br \/>\nProcesseur Intel\u00ae Core\u2122 i5-10210U (fr\u00e9quence de base de 1,6 GHz, jusqu&rsquo;\u00e0 4,2 GHz avec la technologie Intel\u00ae Turbo Boost, 6 Mo de cache, 4 c\u0153urs)<br \/>\nCarte graphique Intel\u00ae UHD Graphics 620<br \/>\n\u00c9cran 33,8 cm (13,3&Prime;) de diagonale FHD, BrightView, \u00e9cran tactile \u00e0 micro-bords, 250 nits, 45 % NTSC (1920 x 1080)<br \/>\nPr\u00e9sentation du disque dur SSD PCIe\u00ae NVMe\u2122 512 Go<br \/>\n8 Go de RAM DDR4-2666 MHz (1 x 8 Go)<br \/>\nDimensions minimales (L x P x H)<br \/>\n30,75 x 20,5 x 1,79 cm<br \/>\nPoids 1,31 kg<br \/>\nWindows 10 Professionnel<br \/>\nEtat tr\u00e9s bon \u00e9tat<br \/>\nGrantie 6 Mois<\/p>\n","protected":false},"excerpt":{"rendered":"<p>HP EliteBook x360 830 G7<br \/>\nProcesseur Intel\u00ae Core\u2122 i5-10210U<br \/>\nCarte graphique Intel\u00ae UHD Graphics 620<br \/>\n\u00c9cran 33,8 cm (13,3&Prime;) de diagonale FHD, BrightView, \u00e9cran tactile \u00e0 micro-bords, 250 nits, 45 % NTSC (1920 x 1080)<br \/>\ndisque dur SSD PCIe\u00ae NVMe\u2122 512 Go<br \/>\n8 Go de RAM DDR4-2666 MHz (1 x 8 Go)<br \/>\nPoids 1,31 kg<br \/>\nWindows 10 Professionnel<br \/>\nEtat tr\u00e9s bon \u00e9tat<\/p>\n","protected":false},"featured_media":3138,"comment_status":"open","ping_status":"closed","template":"","meta":{"site-sidebar-layout":"default","site-content-layout":"","ast-site-content-layout":"default","site-content-style":"default","site-sidebar-style":"default","ast-global-header-display":"","ast-banner-title-visibility":"","ast-main-header-display":"","ast-hfb-above-header-display":"","ast-hfb-below-header-display":"","ast-hfb-mobile-header-display":"","site-post-title":"","ast-breadcrumbs-content":"","ast-featured-img":"","footer-sml-layout":"","theme-transparent-header-meta":"default","adv-header-id-meta":"","stick-header-meta":"","header-above-stick-meta":"","header-main-stick-meta":"","header-below-stick-meta":"","astra-migrate-meta-layouts":"set"},"product_brand":[],"product_cat":[24],"product_tag":[],"class_list":{"0":"post-2361","1":"product","2":"type-product","3":"status-publish","4":"has-post-thumbnail","6":"product_cat-ordinateur-portable","7":"desktop-align-left","8":"tablet-align-left","9":"mobile-align-left","11":"first","12":"instock","13":"shipping-taxable","14":"purchasable","15":"product-type-simple"},"jetpack_sharing_enabled":true,"_links":{"self":[{"href":"https:\/\/gmtechnologie.com\/fr\/wp-json\/wp\/v2\/product\/2361","targetHints":{"allow":["GET"]}}],"collection":[{"href":"https:\/\/gmtechnologie.com\/fr\/wp-json\/wp\/v2\/product"}],"about":[{"href":"https:\/\/gmtechnologie.com\/fr\/wp-json\/wp\/v2\/types\/product"}],"replies":[{"embeddable":true,"href":"https:\/\/gmtechnologie.com\/fr\/wp-json\/wp\/v2\/comments?post=2361"}],"wp:featuredmedia":[{"embeddable":true,"href":"https:\/\/gmtechnologie.com\/fr\/wp-json\/wp\/v2\/media\/3138"}],"wp:attachment":[{"href":"https:\/\/gmtechnologie.com\/fr\/wp-json\/wp\/v2\/media?parent=2361"}],"wp:term":[{"taxonomy":"product_brand","embeddable":true,"href":"https:\/\/gmtechnologie.com\/fr\/wp-json\/wp\/v2\/product_brand?post=2361"},{"taxonomy":"product_cat","embeddable":true,"href":"https:\/\/gmtechnologie.com\/fr\/wp-json\/wp\/v2\/product_cat?post=2361"},{"taxonomy":"product_tag","embeddable":true,"href":"https:\/\/gmtechnologie.com\/fr\/wp-json\/wp\/v2\/product_tag?post=2361"}],"curies":[{"name":"wp","href":"https:\/\/api.w.org\/{rel}","templated":true}]}}