{"id":2806,"date":"2025-05-06T11:03:41","date_gmt":"2025-05-06T11:03:41","guid":{"rendered":"https:\/\/gmtechnologie.com\/?post_type=product&#038;p=2806"},"modified":"2025-05-06T11:05:04","modified_gmt":"2025-05-06T11:05:04","slug":"dell-ultrasharp-u2414hb-led-display-605-cm-23-8-1920-x-1080-pixels-full-hd-noir","status":"publish","type":"product","link":"https:\/\/gmtechnologie.com\/fr\/product\/dell-ultrasharp-u2414hb-led-display-605-cm-23-8-1920-x-1080-pixels-full-hd-noir\/","title":{"rendered":"DELL UltraSharp U2414HB LED display 60,5 cm (23.8&Prime;) 1920 x 1080 pixels Full HD Noir"},"content":{"rendered":"<h6><strong>Dall\u00a0: \u00a0\u00a0<\/strong><a href=\"https:\/\/www.lcd-compare.com\/definition-de-ips.htm\"><strong>TFT IPS<\/strong><\/a><strong>R\u00e9tro\u00e9clairage : <a href=\"https:\/\/www.lcd-compare.com\/definition-de-led.htm\">LED<\/a><\/strong>\u00a0(LCD LED)<br \/>\n<strong>Aspect (ratio) : <\/strong>16:9<br \/>\n<strong>Diagonale : <\/strong>23.8&Prime; (60 cm)<br \/>\n<strong>D\u00e9finition \/ Fr\u00e9quence max : 1920 x 1080<\/strong>\u00a0@\u00a0<strong>60 Hz<\/strong><br \/>\n<strong>Temps de r\u00e9ponse : 8 ms<\/strong>\u00a0(<a href=\"https:\/\/www.lcd-compare.com\/definition-de-temps-de-reponse.htm\"><strong>GTG \/ Gris \u00e0 gris<\/strong><\/a>)<br \/>\n<strong>Luminosit\u00e9 : <\/strong>250 cd\/m\u00b2 (typique)<br \/>\n<strong>Taux de contraste : <\/strong>1 000 : 1 (typique)<br \/>\n2 000 000 : 1 (dynamique\/max)<br \/>\n<strong>Couleurs : <\/strong>16.77 millions<\/h6>\n<p>&nbsp;<\/p>\n","protected":false},"excerpt":{"rendered":"<h6>Diagonale :\u00a023.8&Prime;\u00a0(60 cm)<\/h6>\n<h6>\u00c9cran LCD \u00e0 r\u00e9tro\u00e9clairage\u00a0LED<\/h6>\n<h6>Format :\u00a01920 x 1080 (Wide) \u00e0 60 Hz \/ 16:9<\/h6>\n<h6>Dall\u00a0<a href=\"https:\/\/www.lcd-compare.com\/definition-de-ips.htm\">TFT IPS<\/a> 8 ms<\/h6>\n<h6>R\u00e9glages socle : Rotation \u2022 Inclinaison \u2022 Hauteur \u2022 Pivot<\/h6>\n<h6>\u00c9quipement : Hub USB<\/h6>\n<h6>Connectiques vid\u00e9o principales : HDMI (x2) \u2022 DisplayPort \u2022 Mini DisplayPort<\/h6>\n<h6>Etat comme Neuf<\/h6>\n<h6>Garantie 6 mois<\/h6>\n","protected":false},"featured_media":2807,"comment_status":"open","ping_status":"closed","template":"","meta":{"site-sidebar-layout":"default","site-content-layout":"","ast-site-content-layout":"default","site-content-style":"default","site-sidebar-style":"default","ast-global-header-display":"","ast-banner-title-visibility":"","ast-main-header-display":"","ast-hfb-above-header-display":"","ast-hfb-below-header-display":"","ast-hfb-mobile-header-display":"","site-post-title":"","ast-breadcrumbs-content":"","ast-featured-img":"","footer-sml-layout":"","theme-transparent-header-meta":"default","adv-header-id-meta":"","stick-header-meta":"","header-above-stick-meta":"","header-main-stick-meta":"","header-below-stick-meta":"","astra-migrate-meta-layouts":"set"},"product_brand":[],"product_cat":[41],"product_tag":[],"class_list":{"0":"post-2806","1":"product","2":"type-product","3":"status-publish","4":"has-post-thumbnail","6":"product_cat-ecran-pc","7":"desktop-align-left","8":"tablet-align-left","9":"mobile-align-left","11":"first","12":"instock","13":"sale","14":"shipping-taxable","15":"purchasable","16":"product-type-simple"},"jetpack_sharing_enabled":true,"_links":{"self":[{"href":"https:\/\/gmtechnologie.com\/fr\/wp-json\/wp\/v2\/product\/2806","targetHints":{"allow":["GET"]}}],"collection":[{"href":"https:\/\/gmtechnologie.com\/fr\/wp-json\/wp\/v2\/product"}],"about":[{"href":"https:\/\/gmtechnologie.com\/fr\/wp-json\/wp\/v2\/types\/product"}],"replies":[{"embeddable":true,"href":"https:\/\/gmtechnologie.com\/fr\/wp-json\/wp\/v2\/comments?post=2806"}],"wp:featuredmedia":[{"embeddable":true,"href":"https:\/\/gmtechnologie.com\/fr\/wp-json\/wp\/v2\/media\/2807"}],"wp:attachment":[{"href":"https:\/\/gmtechnologie.com\/fr\/wp-json\/wp\/v2\/media?parent=2806"}],"wp:term":[{"taxonomy":"product_brand","embeddable":true,"href":"https:\/\/gmtechnologie.com\/fr\/wp-json\/wp\/v2\/product_brand?post=2806"},{"taxonomy":"product_cat","embeddable":true,"href":"https:\/\/gmtechnologie.com\/fr\/wp-json\/wp\/v2\/product_cat?post=2806"},{"taxonomy":"product_tag","embeddable":true,"href":"https:\/\/gmtechnologie.com\/fr\/wp-json\/wp\/v2\/product_tag?post=2806"}],"curies":[{"name":"wp","href":"https:\/\/api.w.org\/{rel}","templated":true}]}}