{"id":3148,"date":"2025-09-11T22:07:24","date_gmt":"2025-09-11T22:07:24","guid":{"rendered":"https:\/\/gmtechnologie.com\/?post_type=product&#038;p=3148"},"modified":"2025-09-26T21:07:06","modified_gmt":"2025-09-26T21:07:06","slug":"lenovo-thinkpad-t480-14-1920-x-1080-full-hd-intel-core-i7-8250u","status":"publish","type":"product","link":"https:\/\/gmtechnologie.com\/fr\/product\/lenovo-thinkpad-t480-14-1920-x-1080-full-hd-intel-core-i7-8250u\/","title":{"rendered":"Lenovo ThinkPad T480  14&Prime; 1920 x 1080 Full HD Intel Core i7 8250U"},"content":{"rendered":"<p>Lenovo ThinkPad T480s\u00a0 Core i7 Intel(R) Core(TM) i7-8250U CPU @ 1.90GHz GEN 8 &#8211; 16GB 256 GB \u00a0NVMe 14\u2033 \/ 1920\u00d71080 pixels (Full HD) UHD Graphics 620 \/ Avec Webcam 1 HDMI \u00a0Clavier \u00a0azerty, 1 USB-C, Lenovo ThinkPad T480s Business Ordinateur portable | Processeur Intel i7 4x 1,690GHz | M\u00e9moire 16 Go | SSD 256 Go | \u00c9cran 14&Prime;, Full HD, 1920 x 1080, IPS | Web Cam, Windows 10 Professionnel install\u00e9,\u00a0Garantie 6 Mois<\/p>\n","protected":false},"excerpt":{"rendered":"<p>Lenovo ThinkPad T480s\u00a0 Core i5 Intel(R) Core(TM) i7-8250U CPU @ 1.60GHz GEN 8 &#8211; 16GB 256 GB \u00a0NVMe 14\u2033 \/ 1920\u00d71080 pixels (Full HD) UHD Graphics 620 \/ Avec Webcam 1 HDMI \u00a0Clavier \u00a0azerty 1 USB-C Windows 10 Professionnel install\u00e9<\/p>\n","protected":false},"featured_media":3149,"comment_status":"open","ping_status":"closed","template":"","meta":{"site-sidebar-layout":"default","site-content-layout":"","ast-site-content-layout":"default","site-content-style":"default","site-sidebar-style":"default","ast-global-header-display":"","ast-banner-title-visibility":"","ast-main-header-display":"","ast-hfb-above-header-display":"","ast-hfb-below-header-display":"","ast-hfb-mobile-header-display":"","site-post-title":"","ast-breadcrumbs-content":"","ast-featured-img":"","footer-sml-layout":"","theme-transparent-header-meta":"default","adv-header-id-meta":"","stick-header-meta":"","header-above-stick-meta":"","header-main-stick-meta":"","header-below-stick-meta":"","astra-migrate-meta-layouts":"set"},"product_brand":[],"product_cat":[24],"product_tag":[],"class_list":{"0":"post-3148","1":"product","2":"type-product","3":"status-publish","4":"has-post-thumbnail","6":"product_cat-ordinateur-portable","7":"desktop-align-left","8":"tablet-align-left","9":"mobile-align-left","11":"first","12":"instock","13":"shipping-taxable","14":"purchasable","15":"product-type-simple"},"jetpack_sharing_enabled":true,"_links":{"self":[{"href":"https:\/\/gmtechnologie.com\/fr\/wp-json\/wp\/v2\/product\/3148","targetHints":{"allow":["GET"]}}],"collection":[{"href":"https:\/\/gmtechnologie.com\/fr\/wp-json\/wp\/v2\/product"}],"about":[{"href":"https:\/\/gmtechnologie.com\/fr\/wp-json\/wp\/v2\/types\/product"}],"replies":[{"embeddable":true,"href":"https:\/\/gmtechnologie.com\/fr\/wp-json\/wp\/v2\/comments?post=3148"}],"wp:featuredmedia":[{"embeddable":true,"href":"https:\/\/gmtechnologie.com\/fr\/wp-json\/wp\/v2\/media\/3149"}],"wp:attachment":[{"href":"https:\/\/gmtechnologie.com\/fr\/wp-json\/wp\/v2\/media?parent=3148"}],"wp:term":[{"taxonomy":"product_brand","embeddable":true,"href":"https:\/\/gmtechnologie.com\/fr\/wp-json\/wp\/v2\/product_brand?post=3148"},{"taxonomy":"product_cat","embeddable":true,"href":"https:\/\/gmtechnologie.com\/fr\/wp-json\/wp\/v2\/product_cat?post=3148"},{"taxonomy":"product_tag","embeddable":true,"href":"https:\/\/gmtechnologie.com\/fr\/wp-json\/wp\/v2\/product_tag?post=3148"}],"curies":[{"name":"wp","href":"https:\/\/api.w.org\/{rel}","templated":true}]}}