{"id":3384,"date":"2025-09-24T14:48:52","date_gmt":"2025-09-24T14:48:52","guid":{"rendered":"https:\/\/gmtechnologie.com\/?post_type=product&#038;p=3384"},"modified":"2026-04-07T22:51:15","modified_gmt":"2026-04-07T22:51:15","slug":"hp-elitebook-840-g6-i5-8365u-8-eme-generation-16go-256go-ssd","status":"publish","type":"product","link":"https:\/\/gmtechnologie.com\/fr\/product\/hp-elitebook-840-g6-i5-8365u-8-eme-generation-16go-256go-ssd\/","title":{"rendered":"HP Elitebook 840 G6 i5-8365U 8 \u00e9me g\u00e9n\u00e9ration 16Go 256Go SSD"},"content":{"rendered":"<p>HP Elitebook 840 G6 i5-8365U 8 \u00e9me g\u00e9n\u00e9ration 16Go 256Go SSD<br \/>\n<strong>Processeur<\/strong>: Intel Core i5 8365U \/1.60 GHz (8\u00e8me g\u00e9n\u00e9ration)<br \/>\n<strong>M\u00e9moir RAM<\/strong>: 16 Go DDR4 (Max 32Go)<br \/>\n<strong>Disque dur<\/strong>: 256 Go SSD NVMe<br \/>\n<strong>Ecran<\/strong>: 14\u00a0\u00bb Full HD anti-reflet, 1920\u00d71080<br \/>\n<strong>GPU<\/strong>: Intel UHD Graphics 620<br \/>\n<strong>Batterie<\/strong>: excelent<br \/>\n<strong>Connexion<\/strong>:\u00a0WIFI, Bluetooth<br \/>\n<strong>Camera<\/strong>:\u00a0Webcam\u00a0HD 720p<br \/>\n<strong>Ports<\/strong>: 2 USB 3.1 \/ USB-C \/ HDMI \/ combo audio \/ LAN\u00a6SD<br \/>\n<strong>Pids<\/strong>:1.62 kg<\/p>\n","protected":false},"excerpt":{"rendered":"<p><strong>Processeur<\/strong>: Intel Core i5 8365U \/1.60 GHz (8\u00e8me g\u00e9n\u00e9ration)<br \/>\n<strong>M\u00e9moir RAM<\/strong>: 16 Go DDR4 (Max 32Go)<br \/>\n<strong>Disque dur<\/strong>: 256 Go SSD NVMe<br \/>\n<strong>Ecran<\/strong>: 14\u00a0\u00bb Full HD anti-reflet, 1920\u00d71080<br \/>\n<strong>GPU<\/strong>: Intel UHD Graphics 620<br \/>\n<strong>Batterie<\/strong>: excelent<br \/>\n<strong>Connexion<\/strong>:\u00a0WIFI, Bluetooth<br \/>\n<strong>Camera<\/strong>:\u00a0Webcam\u00a0HD 720p<br \/>\n<strong>Ports<\/strong>: 2 USB 3.1 \/ USB-C \/ HDMI \/ combo audio \/ LAN\u00a6SD<br \/>\n<strong>Pids<\/strong>:1.62 kg<\/p>\n<p>Syst\u00e9m d\u2019exploitation windows 11 Pro<\/p>\n<p><strong>Garantie<\/strong>: 3 Mois<br \/>\n<strong>Etat<\/strong>: Remis A Neufv<\/p>\n","protected":false},"featured_media":3386,"comment_status":"open","ping_status":"closed","template":"","meta":{"site-sidebar-layout":"default","site-content-layout":"","ast-site-content-layout":"default","site-content-style":"default","site-sidebar-style":"default","ast-global-header-display":"","ast-banner-title-visibility":"","ast-main-header-display":"","ast-hfb-above-header-display":"","ast-hfb-below-header-display":"","ast-hfb-mobile-header-display":"","site-post-title":"","ast-breadcrumbs-content":"","ast-featured-img":"","footer-sml-layout":"","theme-transparent-header-meta":"default","adv-header-id-meta":"","stick-header-meta":"","header-above-stick-meta":"","header-main-stick-meta":"","header-below-stick-meta":"","astra-migrate-meta-layouts":"set"},"product_brand":[],"product_cat":[24],"product_tag":[],"class_list":{"0":"post-3384","1":"product","2":"type-product","3":"status-publish","4":"has-post-thumbnail","6":"product_cat-ordinateur-portable","7":"desktop-align-left","8":"tablet-align-left","9":"mobile-align-left","11":"first","12":"instock","13":"sale","14":"shipping-taxable","15":"purchasable","16":"product-type-simple"},"jetpack_sharing_enabled":true,"_links":{"self":[{"href":"https:\/\/gmtechnologie.com\/fr\/wp-json\/wp\/v2\/product\/3384","targetHints":{"allow":["GET"]}}],"collection":[{"href":"https:\/\/gmtechnologie.com\/fr\/wp-json\/wp\/v2\/product"}],"about":[{"href":"https:\/\/gmtechnologie.com\/fr\/wp-json\/wp\/v2\/types\/product"}],"replies":[{"embeddable":true,"href":"https:\/\/gmtechnologie.com\/fr\/wp-json\/wp\/v2\/comments?post=3384"}],"wp:featuredmedia":[{"embeddable":true,"href":"https:\/\/gmtechnologie.com\/fr\/wp-json\/wp\/v2\/media\/3386"}],"wp:attachment":[{"href":"https:\/\/gmtechnologie.com\/fr\/wp-json\/wp\/v2\/media?parent=3384"}],"wp:term":[{"taxonomy":"product_brand","embeddable":true,"href":"https:\/\/gmtechnologie.com\/fr\/wp-json\/wp\/v2\/product_brand?post=3384"},{"taxonomy":"product_cat","embeddable":true,"href":"https:\/\/gmtechnologie.com\/fr\/wp-json\/wp\/v2\/product_cat?post=3384"},{"taxonomy":"product_tag","embeddable":true,"href":"https:\/\/gmtechnologie.com\/fr\/wp-json\/wp\/v2\/product_tag?post=3384"}],"curies":[{"name":"wp","href":"https:\/\/api.w.org\/{rel}","templated":true}]}}