{"id":3470,"date":"2025-10-03T07:32:20","date_gmt":"2025-10-03T07:32:20","guid":{"rendered":"https:\/\/gmtechnologie.com\/?post_type=product&#038;p=3470"},"modified":"2025-11-25T19:37:38","modified_gmt":"2025-11-25T19:37:38","slug":"hp-elitebook-850-g5-pc-portable-reconditionne-15-6-intel-core-i7-8650u-16-go-ram-512-go-ssd-francais","status":"publish","type":"product","link":"https:\/\/gmtechnologie.com\/fr\/product\/hp-elitebook-850-g5-pc-portable-reconditionne-15-6-intel-core-i7-8650u-16-go-ram-512-go-ssd-francais\/","title":{"rendered":"HP EliteBook 850 G6 &#8211; PC portable reconditionn\u00e9 15.6&Prime; &#8211; Intel Core i7 &#8211; 8650U &#8211; 16 Go RAM &#8211; 512 Go SSD \u2013 Fran\u00e7ais"},"content":{"rendered":"<p>Marque\t\u200eHP<br \/>\nNum\u00e9ro du mod\u00e8le de l&rsquo;article\t\u200eHP EliteBook 850 G6<br \/>\ns\u00e9ries\t\u200eHP EliteBook 850 G6<br \/>\nCouleur\t\u200eArgent\u00e9<br \/>\nSyst\u00e8me d&rsquo;exploitation\t\u200eWindows 10 Pro<br \/>\nDescription du clavier\t\u200eR\u00e9tro\u00e9clair\u00e9<br \/>\nMarque du processeur\t\u200eIntel<br \/>\nType de processeur\t\u200eCore i7 8565U<br \/>\nVitesse du processeur\t\u200e1,8 GHz<br \/>\nM\u00e9moire maximale\t\u200e16 Go<br \/>\nTaille du disque dur\t\u200e512 Go<br \/>\nTechnologie du disque dur\t\u200eSSD<br \/>\nTaille de l&rsquo;\u00e9cran\t\u200e15,6 Pouces<br \/>\nR\u00e9solution de l&rsquo;\u00e9cran\t\u200e1920 x 1200 pixels<br \/>\nResolution\t\u200eFHD<br \/>\nMarque chipset graphique\t\u200eIntel<br \/>\nGPU\t\u200eIntel UHD Graphics 620<br \/>\nType de technologie sans fil\t\u200e802.11ac<br \/>\nBluetooth\t\u200eOui<br \/>\nNombre de ports USB 3.0\t\u200e2<br \/>\nType de connecteur\t\u200eBluetooth<\/p>\n","protected":false},"excerpt":{"rendered":"<p>Marque\tHP<br \/>\nmod\u00e8le\tHP EliteBook 850 G6<br \/>\nTaille de l&rsquo;\u00e9cran\t15,6 Pouces<br \/>\nCouleur\tAluminium &#8211; Argent\u00e9<br \/>\nTaille du disque   512 NVMe<br \/>\nMod\u00e8le du CPU\tIntel Core i7<br \/>\nTaille de la m\u00e9moire RAM install\u00e9e\t16 Go<br \/>\nSyst\u00e8me d&rsquo;exploitation\tWindows 10 pro<br \/>\nDescription de la carte graphique\tIntel UHD Graphics 620<br \/>\nCoprocesseur graphique<br \/>\nEtat Grade A \/ Prisque neuf<br \/>\nGarantie 6 Mois<\/p>\n","protected":false},"featured_media":3472,"comment_status":"open","ping_status":"closed","template":"","meta":{"site-sidebar-layout":"default","site-content-layout":"","ast-site-content-layout":"default","site-content-style":"default","site-sidebar-style":"default","ast-global-header-display":"","ast-banner-title-visibility":"","ast-main-header-display":"","ast-hfb-above-header-display":"","ast-hfb-below-header-display":"","ast-hfb-mobile-header-display":"","site-post-title":"","ast-breadcrumbs-content":"","ast-featured-img":"","footer-sml-layout":"","theme-transparent-header-meta":"default","adv-header-id-meta":"","stick-header-meta":"","header-above-stick-meta":"","header-main-stick-meta":"","header-below-stick-meta":"","astra-migrate-meta-layouts":"set"},"product_brand":[],"product_cat":[24],"product_tag":[],"class_list":{"0":"post-3470","1":"product","2":"type-product","3":"status-publish","4":"has-post-thumbnail","6":"product_cat-ordinateur-portable","7":"desktop-align-left","8":"tablet-align-left","9":"mobile-align-left","11":"first","12":"instock","13":"sale","14":"shipping-taxable","15":"purchasable","16":"product-type-simple"},"jetpack_sharing_enabled":true,"_links":{"self":[{"href":"https:\/\/gmtechnologie.com\/fr\/wp-json\/wp\/v2\/product\/3470","targetHints":{"allow":["GET"]}}],"collection":[{"href":"https:\/\/gmtechnologie.com\/fr\/wp-json\/wp\/v2\/product"}],"about":[{"href":"https:\/\/gmtechnologie.com\/fr\/wp-json\/wp\/v2\/types\/product"}],"replies":[{"embeddable":true,"href":"https:\/\/gmtechnologie.com\/fr\/wp-json\/wp\/v2\/comments?post=3470"}],"wp:featuredmedia":[{"embeddable":true,"href":"https:\/\/gmtechnologie.com\/fr\/wp-json\/wp\/v2\/media\/3472"}],"wp:attachment":[{"href":"https:\/\/gmtechnologie.com\/fr\/wp-json\/wp\/v2\/media?parent=3470"}],"wp:term":[{"taxonomy":"product_brand","embeddable":true,"href":"https:\/\/gmtechnologie.com\/fr\/wp-json\/wp\/v2\/product_brand?post=3470"},{"taxonomy":"product_cat","embeddable":true,"href":"https:\/\/gmtechnologie.com\/fr\/wp-json\/wp\/v2\/product_cat?post=3470"},{"taxonomy":"product_tag","embeddable":true,"href":"https:\/\/gmtechnologie.com\/fr\/wp-json\/wp\/v2\/product_tag?post=3470"}],"curies":[{"name":"wp","href":"https:\/\/api.w.org\/{rel}","templated":true}]}}