{"id":3506,"date":"2025-12-08T16:11:10","date_gmt":"2025-12-08T16:11:10","guid":{"rendered":"https:\/\/gmtechnologie.com\/?post_type=product&#038;p=3506"},"modified":"2025-12-08T16:12:44","modified_gmt":"2025-12-08T16:12:44","slug":"lenovo-thinkpad-t14-gen-10-intel-intel-core-i5-i5-10310u-ordinateur-portable-356-cm-14-full-hd-16-go-ddr4-sdram-256-go-ssd-wi-fi-6-802-11ax-windows-11-pro-noir","status":"publish","type":"product","link":"https:\/\/gmtechnologie.com\/fr\/product\/lenovo-thinkpad-t14-gen-10-intel-intel-core-i5-i5-10310u-ordinateur-portable-356-cm-14-full-hd-16-go-ddr4-sdram-256-go-ssd-wi-fi-6-802-11ax-windows-11-pro-noir\/","title":{"rendered":"Lenovo ThinkPad T14 Gen 10 (Intel) Intel\u00ae Core\u2122 i5 i5-10310U -16 Go DDR4-SDRAM 256 Go SSD"},"content":{"rendered":"<p>Lenovo ThinkPad T14 Gen 1 (Intel) Intel\u00ae Core\u2122 i5 i5-10310U Ordinateur portable 35,6 cm (14&Prime;) Full HD 16 Go DDR4- 256 Go SSD Wi-Fi 6 (802.11ax) Windows 11 Pro :<br \/>\nLenovo ThinkPad T14 Gen 1 (Intel). Type de produit: Ordinateur portable, Format: Clapet. Famille de processeur: Intel\u00ae Core\u2122 i5, Mod\u00e8le de processeur: i5-10310U, Fr\u00e9quence du processeur: 1,7 GHz. Taille de l&rsquo;\u00e9cran: 35,6 cm (14&Prime;), Type HD: Full HD, R\u00e9solution de l&rsquo;\u00e9cran: 1920 x 1080 pixels. M\u00e9moire interne:<br \/>\nRqm16 Go, Type de m\u00e9moire interne: DDR4-SDRAM. Capacit\u00e9 totale de stockage: 256 Go, Supports de stockage: SSD. Mod\u00e8le d&rsquo;adaptateur graphique inclus: Intel\u00ae UHD Graphics. Syst\u00e8me d&rsquo;exploitation install\u00e9: Windows 11 Pro. Couleur du produit: Noir<br \/>\nEtat Presque neuf<br \/>\nGarantie 3 Mois<\/p>\n","protected":false},"excerpt":{"rendered":"<p>Lenovo ThinkPad T14 Gen 10 (Intel) Intel\u00ae Core\u2122 i5 i5-10310U Ordinateur portable 35,6 cm (14&Prime;) Full HD<br \/>\nRam 16 Go DDR4-SDRAM 256 Go SSD Wi-Fi 6 (802.11ax) Windows 11 Pro Noir<br \/>\nIntel\u00ae Core\u2122 i5 i5-10310U 1,7 GHz Nombre de coeurs de processeurs: 4<br \/>\n35,6 cm (14&Prime;) Full HD 1920 x 1080 pixels R\u00e9tro\u00e9clairage \u00e0 LED 16:9<br \/>\nIntel\u00ae UHD Graphics<br \/>\nWi-Fi 6 (802.11ax) Ethernet\/LAN 10,100,1000 Mbit\/s Bluetooth 5.1<br \/>\nLithium Polym\u00e8re (LiPo) 50 Wh 65 W<br \/>\nWindows 11 Pro 64-bit<\/p>\n","protected":false},"featured_media":3507,"comment_status":"open","ping_status":"closed","template":"","meta":{"site-sidebar-layout":"default","site-content-layout":"","ast-site-content-layout":"default","site-content-style":"default","site-sidebar-style":"default","ast-global-header-display":"","ast-banner-title-visibility":"","ast-main-header-display":"","ast-hfb-above-header-display":"","ast-hfb-below-header-display":"","ast-hfb-mobile-header-display":"","site-post-title":"","ast-breadcrumbs-content":"","ast-featured-img":"","footer-sml-layout":"","theme-transparent-header-meta":"default","adv-header-id-meta":"","stick-header-meta":"","header-above-stick-meta":"","header-main-stick-meta":"","header-below-stick-meta":"","astra-migrate-meta-layouts":"set"},"product_brand":[],"product_cat":[24],"product_tag":[],"class_list":{"0":"post-3506","1":"product","2":"type-product","3":"status-publish","4":"has-post-thumbnail","6":"product_cat-ordinateur-portable","7":"desktop-align-left","8":"tablet-align-left","9":"mobile-align-left","11":"first","12":"instock","13":"sale","14":"shipping-taxable","15":"purchasable","16":"product-type-simple"},"jetpack_sharing_enabled":true,"_links":{"self":[{"href":"https:\/\/gmtechnologie.com\/fr\/wp-json\/wp\/v2\/product\/3506","targetHints":{"allow":["GET"]}}],"collection":[{"href":"https:\/\/gmtechnologie.com\/fr\/wp-json\/wp\/v2\/product"}],"about":[{"href":"https:\/\/gmtechnologie.com\/fr\/wp-json\/wp\/v2\/types\/product"}],"replies":[{"embeddable":true,"href":"https:\/\/gmtechnologie.com\/fr\/wp-json\/wp\/v2\/comments?post=3506"}],"wp:featuredmedia":[{"embeddable":true,"href":"https:\/\/gmtechnologie.com\/fr\/wp-json\/wp\/v2\/media\/3507"}],"wp:attachment":[{"href":"https:\/\/gmtechnologie.com\/fr\/wp-json\/wp\/v2\/media?parent=3506"}],"wp:term":[{"taxonomy":"product_brand","embeddable":true,"href":"https:\/\/gmtechnologie.com\/fr\/wp-json\/wp\/v2\/product_brand?post=3506"},{"taxonomy":"product_cat","embeddable":true,"href":"https:\/\/gmtechnologie.com\/fr\/wp-json\/wp\/v2\/product_cat?post=3506"},{"taxonomy":"product_tag","embeddable":true,"href":"https:\/\/gmtechnologie.com\/fr\/wp-json\/wp\/v2\/product_tag?post=3506"}],"curies":[{"name":"wp","href":"https:\/\/api.w.org\/{rel}","templated":true}]}}