{"id":3512,"date":"2025-12-08T16:29:40","date_gmt":"2025-12-08T16:29:40","guid":{"rendered":"https:\/\/gmtechnologie.com\/?post_type=product&#038;p=3512"},"modified":"2025-12-08T16:29:40","modified_gmt":"2025-12-08T16:29:40","slug":"hp-elitebook-845-g7-amd-ryzen-5-pro-4650u-16-go-ddr4-sdram-512-go-ssd","status":"publish","type":"product","link":"https:\/\/gmtechnologie.com\/fr\/product\/hp-elitebook-845-g7-amd-ryzen-5-pro-4650u-16-go-ddr4-sdram-512-go-ssd\/","title":{"rendered":"HP EliteBook 845 G7 AMD Ryzen\u2122 5 PRO 4650U -16 Go DDR4-SDRAM 512 Go SSD"},"content":{"rendered":"<p>HP EliteBook 845 G7 AMD Ryzen\u2122 5 PRO 4650U Ordinateur portable 35,6 cm (14&Prime;) Full HD 16 Go DDR4-SDRAM 512 Go SSD Wi-Fi 6 (802.11ax) Argent<br \/>\nType de produit: Ordinateur portable, Format: Clapet. Famille de processeur: AMD Ryzen\u2122 5 PRO, Mod\u00e8le de processeur: 4650U, Fr\u00e9quence du processeur: 2,1 GHz. Taille de l&rsquo;\u00e9cran: 35,6 cm (14&Prime;), Type HD: Full HD, R\u00e9solution de l&rsquo;\u00e9cran: 1920 x 1080 pixels. M\u00e9moire interne: 16 Go, Type de m\u00e9moire interne: DDR4-SDRAM. Capacit\u00e9 totale de stockage: 512 Go, Supports de stockage: SSD. Mod\u00e8le d&rsquo;adaptateur graphique inclus: AMD Radeon Graphics. Syst\u00e8me d&rsquo;exploitation install\u00e9: Windows 10 Pro. Couleur du produit: Argent<br \/>\nEtat presque neuf<br \/>\nGrantie 3 Mois<\/p>\n","protected":false},"excerpt":{"rendered":"<p>HP EliteBook 845 G7 AMD Ryzen\u2122 5 PRO 4650U Ordinateur portable 35,6 cm (14&Prime;) Full HD 16 Go DDR4-SDRAM 512 Go SSD Wi-Fi 6 (802.11ax)<br \/>\nAMD Ryzen\u2122 5 PRO 4650U 2,1 GHz Nombre de coeurs de processeurs: 6<br \/>\n35,6 cm (14&Prime;) Full HD 1920 x 1080 pixels IPS 16:9<br \/>\n16 Go DDR4-SDRAM 3200 MHz \/ 512 Go SSD<br \/>\nAMD Radeon Graphics<br \/>\nWi-Fi 6 (802.11ax) Bluetooth 5.0<br \/>\nLithium-Ion (Li-Ion) 53 Wh 45 W<br \/>\nWindows 10 Pro 64-bit<\/p>\n","protected":false},"featured_media":3513,"comment_status":"open","ping_status":"closed","template":"","meta":{"site-sidebar-layout":"default","site-content-layout":"","ast-site-content-layout":"default","site-content-style":"default","site-sidebar-style":"default","ast-global-header-display":"","ast-banner-title-visibility":"","ast-main-header-display":"","ast-hfb-above-header-display":"","ast-hfb-below-header-display":"","ast-hfb-mobile-header-display":"","site-post-title":"","ast-breadcrumbs-content":"","ast-featured-img":"","footer-sml-layout":"","theme-transparent-header-meta":"default","adv-header-id-meta":"","stick-header-meta":"","header-above-stick-meta":"","header-main-stick-meta":"","header-below-stick-meta":"","astra-migrate-meta-layouts":"set"},"product_brand":[],"product_cat":[24],"product_tag":[],"class_list":{"0":"post-3512","1":"product","2":"type-product","3":"status-publish","4":"has-post-thumbnail","6":"product_cat-ordinateur-portable","7":"desktop-align-left","8":"tablet-align-left","9":"mobile-align-left","11":"first","12":"instock","13":"shipping-taxable","14":"purchasable","15":"product-type-simple"},"jetpack_sharing_enabled":true,"_links":{"self":[{"href":"https:\/\/gmtechnologie.com\/fr\/wp-json\/wp\/v2\/product\/3512","targetHints":{"allow":["GET"]}}],"collection":[{"href":"https:\/\/gmtechnologie.com\/fr\/wp-json\/wp\/v2\/product"}],"about":[{"href":"https:\/\/gmtechnologie.com\/fr\/wp-json\/wp\/v2\/types\/product"}],"replies":[{"embeddable":true,"href":"https:\/\/gmtechnologie.com\/fr\/wp-json\/wp\/v2\/comments?post=3512"}],"wp:featuredmedia":[{"embeddable":true,"href":"https:\/\/gmtechnologie.com\/fr\/wp-json\/wp\/v2\/media\/3513"}],"wp:attachment":[{"href":"https:\/\/gmtechnologie.com\/fr\/wp-json\/wp\/v2\/media?parent=3512"}],"wp:term":[{"taxonomy":"product_brand","embeddable":true,"href":"https:\/\/gmtechnologie.com\/fr\/wp-json\/wp\/v2\/product_brand?post=3512"},{"taxonomy":"product_cat","embeddable":true,"href":"https:\/\/gmtechnologie.com\/fr\/wp-json\/wp\/v2\/product_cat?post=3512"},{"taxonomy":"product_tag","embeddable":true,"href":"https:\/\/gmtechnologie.com\/fr\/wp-json\/wp\/v2\/product_tag?post=3512"}],"curies":[{"name":"wp","href":"https:\/\/api.w.org\/{rel}","templated":true}]}}