{"id":3524,"date":"2025-12-25T21:15:43","date_gmt":"2025-12-25T21:15:43","guid":{"rendered":"https:\/\/gmtechnologie.com\/?post_type=product&#038;p=3524"},"modified":"2025-12-25T21:16:23","modified_gmt":"2025-12-25T21:16:23","slug":"dell-latitude-7410-i5-10eme-generation-16go-ram-256go-ssd-windows-11","status":"publish","type":"product","link":"https:\/\/gmtechnologie.com\/fr\/product\/dell-latitude-7410-i5-10eme-generation-16go-ram-256go-ssd-windows-11\/","title":{"rendered":"Dell Latitude 7410 \u2013 i5 10\u00e8me G\u00e9n\u00e9ration, 16Go RAM, 256Go SSD, Windows 11"},"content":{"rendered":"<p>Mod\u00e8le\tDell Latitude 7410<br \/>\nProcesseur\tIntel Core i5 10\u00e8me G\u00e9n\u00e9ration<br \/>\nM\u00e9moire RAM\t16 Go DDR4<br \/>\nStockage\t256 Go SSD<br \/>\nSyst\u00e8me d\u2019exploitation\tWindows 11<br \/>\nTaille de l\u2019\u00e9cran\t14 pouces<br \/>\nR\u00e9solution\tFull HD (1920 x 1080)<br \/>\nCarte graphique\tIntel UHD Graphics<br \/>\nConnectivit\u00e9\tWi-Fi 6, Bluetooth 5.1<br \/>\nPorts\t2 x USB 3.1, 2 x USB Type-C, HDMI, Lecteur SD<br \/>\nPoids\t1.3 kg<br \/>\nDimensions\t321 x 208 x 18 mm<\/p>\n","protected":false},"excerpt":{"rendered":"<p>\u2022\tProfessionnel Ordinateur portable Clapet Noir<br \/>\n\u2022\tIntel\u00ae Core\u2122 i5 i5-10310U 1,7 GHz Nombre de coeurs de processeurs: 4<br \/>\n\u2022\t35,6 cm (14&Prime;) Full HD 1920 x 1080 pixels 16:9<br \/>\n\u2022\t16Go DDR4-SDRAM 2666 MHz<br \/>\n\u2022\t256 Go SSD<br \/>\n\u2022\tIntel\u00ae UHD Graphics<br \/>\n\u2022\tWi-Fi 6 (802.11ax) Bluetooth 5.1<br \/>\n\u2022\tLithium Polym\u00e8re (LiPo) 52 Wh 65 W<br \/>\n\u2022\tWindows 11 Pro 64-bit<br \/>\n\u2022\tGarantie 6 Mois<\/p>\n","protected":false},"featured_media":3525,"comment_status":"open","ping_status":"closed","template":"","meta":{"site-sidebar-layout":"default","site-content-layout":"","ast-site-content-layout":"default","site-content-style":"default","site-sidebar-style":"default","ast-global-header-display":"","ast-banner-title-visibility":"","ast-main-header-display":"","ast-hfb-above-header-display":"","ast-hfb-below-header-display":"","ast-hfb-mobile-header-display":"","site-post-title":"","ast-breadcrumbs-content":"","ast-featured-img":"","footer-sml-layout":"","theme-transparent-header-meta":"default","adv-header-id-meta":"","stick-header-meta":"","header-above-stick-meta":"","header-main-stick-meta":"","header-below-stick-meta":"","astra-migrate-meta-layouts":"set"},"product_brand":[],"product_cat":[24],"product_tag":[],"class_list":{"0":"post-3524","1":"product","2":"type-product","3":"status-publish","4":"has-post-thumbnail","6":"product_cat-ordinateur-portable","7":"desktop-align-left","8":"tablet-align-left","9":"mobile-align-left","11":"first","12":"instock","13":"sale","14":"shipping-taxable","15":"purchasable","16":"product-type-simple"},"jetpack_sharing_enabled":true,"_links":{"self":[{"href":"https:\/\/gmtechnologie.com\/fr\/wp-json\/wp\/v2\/product\/3524","targetHints":{"allow":["GET"]}}],"collection":[{"href":"https:\/\/gmtechnologie.com\/fr\/wp-json\/wp\/v2\/product"}],"about":[{"href":"https:\/\/gmtechnologie.com\/fr\/wp-json\/wp\/v2\/types\/product"}],"replies":[{"embeddable":true,"href":"https:\/\/gmtechnologie.com\/fr\/wp-json\/wp\/v2\/comments?post=3524"}],"wp:featuredmedia":[{"embeddable":true,"href":"https:\/\/gmtechnologie.com\/fr\/wp-json\/wp\/v2\/media\/3525"}],"wp:attachment":[{"href":"https:\/\/gmtechnologie.com\/fr\/wp-json\/wp\/v2\/media?parent=3524"}],"wp:term":[{"taxonomy":"product_brand","embeddable":true,"href":"https:\/\/gmtechnologie.com\/fr\/wp-json\/wp\/v2\/product_brand?post=3524"},{"taxonomy":"product_cat","embeddable":true,"href":"https:\/\/gmtechnologie.com\/fr\/wp-json\/wp\/v2\/product_cat?post=3524"},{"taxonomy":"product_tag","embeddable":true,"href":"https:\/\/gmtechnologie.com\/fr\/wp-json\/wp\/v2\/product_tag?post=3524"}],"curies":[{"name":"wp","href":"https:\/\/api.w.org\/{rel}","templated":true}]}}