{"id":4173,"date":"2026-04-15T22:11:04","date_gmt":"2026-04-15T22:11:04","guid":{"rendered":"https:\/\/gmtechnologie.com\/?post_type=product&#038;p=4173"},"modified":"2026-04-15T22:11:04","modified_gmt":"2026-04-15T22:11:04","slug":"%f0%9f%92%bb-hp-elitebook-830-g6-core-i5-16-go-ram-512-go-ssd-nvme-grade-a-etat-correct","status":"publish","type":"product","link":"https:\/\/gmtechnologie.com\/fr\/product\/%f0%9f%92%bb-hp-elitebook-830-g6-core-i5-16-go-ram-512-go-ssd-nvme-grade-a-etat-correct\/","title":{"rendered":"\ud83d\udcbb HP EliteBook 830 G6 \u2013 Core i5 \u2013 16 Go RAM \u2013 512 Go SSD NVMe (Grade A \u2013 \u00c9tat Correct)"},"content":{"rendered":"<p data-start=\"220\" data-end=\"579\">Le HP EliteBook 830 G6 est un ordinateur portable professionnel compact, performant et fiable, id\u00e9al pour le travail quotidien, la bureautique avanc\u00e9e et les d\u00e9placements. \u00c9quip\u00e9 d\u2019un processeur Intel Core i5 de 8\u00e8me g\u00e9n\u00e9ration, de 16 Go de RAM et d\u2019un SSD NVMe rapide, il offre une excellente fluidit\u00e9 et une grande r\u00e9activit\u00e9.<\/p>\n<hr data-start=\"581\" data-end=\"584\" \/>\n<h3 data-section-id=\"pdkpm5\" data-start=\"586\" data-end=\"626\"><span role=\"text\">\u2699\ufe0f <strong data-start=\"593\" data-end=\"626\">Caract\u00e9ristiques techniques :<\/strong><\/span><\/h3>\n<ul data-start=\"628\" data-end=\"1018\">\n<li data-section-id=\"1bepbvj\" data-start=\"628\" data-end=\"664\"><strong data-start=\"630\" data-end=\"642\">Mod\u00e8le :<\/strong> HP EliteBook 830 G6<\/li>\n<li data-section-id=\"9eumom\" data-start=\"665\" data-end=\"734\"><strong data-start=\"667\" data-end=\"683\">Processeur :<\/strong> Intel Core i5-8365U (8\u00e8me g\u00e9n\u00e9ration) \u2013 1.60 GHz<\/li>\n<li data-section-id=\"1h7fej\" data-start=\"735\" data-end=\"762\"><strong data-start=\"737\" data-end=\"754\">M\u00e9moire RAM :<\/strong> 16 Go<\/li>\n<li data-section-id=\"1o9ajcr\" data-start=\"763\" data-end=\"797\"><strong data-start=\"765\" data-end=\"779\">Stockage :<\/strong> 512 Go SSD NVMe<\/li>\n<li data-section-id=\"1e5g1ut\" data-start=\"798\" data-end=\"825\"><strong data-start=\"800\" data-end=\"811\">\u00c9cran :<\/strong> 13.3 pouces<\/li>\n<li data-section-id=\"i546i6\" data-start=\"826\" data-end=\"875\"><strong data-start=\"828\" data-end=\"844\">R\u00e9solution :<\/strong> Full HD (1920 x 1080 pixels)<\/li>\n<li data-section-id=\"174nt0t\" data-start=\"876\" data-end=\"910\"><strong data-start=\"878\" data-end=\"896\">Type d\u2019\u00e9cran :<\/strong> Non tactile<\/li>\n<li data-section-id=\"1bpc3h1\" data-start=\"911\" data-end=\"959\"><strong data-start=\"913\" data-end=\"934\">Carte graphique :<\/strong> Intel UHD Graphics 620<\/li>\n<li data-section-id=\"1cwvivr\" data-start=\"960\" data-end=\"1018\"><strong data-start=\"962\" data-end=\"990\">Syst\u00e8me d\u2019exploitation :<\/strong> Windows 11 Pro (install\u00e9)<\/li>\n<\/ul>\n<hr data-start=\"1020\" data-end=\"1023\" \/>\n<h3 data-section-id=\"r6xfck\" data-start=\"1025\" data-end=\"1058\"><span role=\"text\">\ud83d\udd0c <strong data-start=\"1032\" data-end=\"1058\">Connectivit\u00e9 &amp; Ports :<\/strong><\/span><\/h3>\n<ul data-start=\"1060\" data-end=\"1155\">\n<li data-section-id=\"1sibsfd\" data-start=\"1060\" data-end=\"1072\">1 x HDMI<\/li>\n<li data-section-id=\"i98oy3\" data-start=\"1073\" data-end=\"1086\">1 x USB-C<\/li>\n<li data-section-id=\"bpm9ob\" data-start=\"1087\" data-end=\"1116\">Ports USB suppl\u00e9mentaires<\/li>\n<li data-section-id=\"1mmwwj8\" data-start=\"1117\" data-end=\"1136\">Webcam int\u00e9gr\u00e9e<\/li>\n<li data-section-id=\"od4728\" data-start=\"1137\" data-end=\"1155\">Clavier inclus<\/li>\n<\/ul>\n<hr data-start=\"1157\" data-end=\"1160\" \/>\n<h3 data-section-id=\"1pca5dr\" data-start=\"1162\" data-end=\"1190\"><span role=\"text\">\ud83d\udce6 <strong data-start=\"1169\" data-end=\"1190\">\u00c9tat du produit :<\/strong><\/span><\/h3>\n<ul data-start=\"1192\" data-end=\"1358\">\n<li data-section-id=\"19o6c3\" data-start=\"1192\" data-end=\"1358\"><strong data-start=\"1194\" data-end=\"1222\">Grade A \u2013 \u00c9tat Correct :<\/strong><br data-start=\"1222\" data-end=\"1225\" \/>Produit en bon \u00e9tat g\u00e9n\u00e9ral avec possibles traces d\u2019utilisation (micro-rayures ou signes d\u2019usure l\u00e9gers), parfaitement fonctionnel.<\/li>\n<\/ul>\n<hr data-start=\"1360\" data-end=\"1363\" \/>\n<h3 data-section-id=\"y6dv22\" data-start=\"1365\" data-end=\"1389\"><span role=\"text\">\u2705 <strong data-start=\"1371\" data-end=\"1389\">Points forts :<\/strong><\/span><\/h3>\n<ul data-start=\"1391\" data-end=\"1595\">\n<li data-section-id=\"1my6qz4\" data-start=\"1391\" data-end=\"1426\">Ultra-portable et l\u00e9ger (13.3&Prime;)<\/li>\n<li data-section-id=\"1vkg4x6\" data-start=\"1427\" data-end=\"1467\">Performance rapide gr\u00e2ce au SSD NVMe<\/li>\n<li data-section-id=\"11vdubq\" data-start=\"1468\" data-end=\"1513\">Id\u00e9al pour travail, \u00e9tudes et t\u00e9l\u00e9travail<\/li>\n<li data-section-id=\"1lzm4bp\" data-start=\"1514\" data-end=\"1559\">S\u00e9curit\u00e9 et stabilit\u00e9 avec Windows 11 Pro<\/li>\n<li data-section-id=\"h3k0xu\" data-start=\"1560\" data-end=\"1595\">Design professionnel et robuste<\/li>\n<\/ul>\n","protected":false},"excerpt":{"rendered":"<p data-start=\"71\" data-end=\"129\"><strong data-start=\"71\" data-end=\"129\">HP EliteBook 830 G6 \u2013 Core i5 | 16 Go RAM | 512 Go SSD<\/strong><\/p>\n<ul data-start=\"131\" data-end=\"415\">\n<li data-section-id=\"1kp48uh\" data-start=\"131\" data-end=\"199\"><strong data-start=\"133\" data-end=\"149\">Processeur :<\/strong> Intel Core i5-8365U (8\u00e8me g\u00e9n\u00e9ration, 1.60 GHz)<\/li>\n<li data-section-id=\"1h7fej\" data-start=\"200\" data-end=\"227\"><strong data-start=\"202\" data-end=\"219\">M\u00e9moire RAM :<\/strong> 16 Go<\/li>\n<li data-section-id=\"1o9ajcr\" data-start=\"228\" data-end=\"262\"><strong data-start=\"230\" data-end=\"244\">Stockage :<\/strong> 512 Go SSD NVMe<\/li>\n<li data-section-id=\"16dbx8j\" data-start=\"263\" data-end=\"320\"><strong data-start=\"265\" data-end=\"276\">\u00c9cran :<\/strong> 13.3&Prime; Full HD (1920 x 1080) \u2013 Non tactile<\/li>\n<li data-section-id=\"1bpc3h1\" data-start=\"321\" data-end=\"369\"><strong data-start=\"323\" data-end=\"344\">Carte graphique :<\/strong> Intel UHD Graphics 620<\/li>\n<li data-section-id=\"u8v4tx\" data-start=\"370\" data-end=\"394\"><strong data-start=\"372\" data-end=\"385\">Clavier :<\/strong> AZERTY<\/li>\n<li data-section-id=\"17ow76m\" data-start=\"395\" data-end=\"415\"><strong data-start=\"397\" data-end=\"409\">Webcam :<\/strong> Oui<\/li>\n<\/ul>\n<p data-start=\"417\" data-end=\"437\"><strong data-start=\"417\" data-end=\"435\">Connectivit\u00e9 :<\/strong><\/p>\n<ul data-start=\"438\" data-end=\"462\">\n<li data-section-id=\"1flfzqh\" data-start=\"438\" data-end=\"449\">1x HDMI<\/li>\n<li data-section-id=\"iarpzf\" data-start=\"450\" data-end=\"462\">1x USB-C<\/li>\n<\/ul>\n<p data-start=\"464\" data-end=\"518\"><strong data-start=\"464\" data-end=\"492\">Syst\u00e8me d\u2019exploitation :<\/strong> Windows 11 Pro install\u00e9<\/p>\n<p data-start=\"520\" data-end=\"617\"><strong data-start=\"520\" data-end=\"530\">\u00c9tat :<\/strong> Grade A \u2013 Bon \u00e9tat (fonctionnel avec l\u00e9g\u00e8res traces d\u2019usage)<br data-start=\"591\" data-end=\"594\" \/><strong data-start=\"594\" data-end=\"608\">Garantie :<\/strong> 3 mois<\/p>\n","protected":false},"featured_media":4175,"comment_status":"open","ping_status":"closed","template":"","meta":{"site-sidebar-layout":"default","site-content-layout":"","ast-site-content-layout":"default","site-content-style":"default","site-sidebar-style":"default","ast-global-header-display":"","ast-banner-title-visibility":"","ast-main-header-display":"","ast-hfb-above-header-display":"","ast-hfb-below-header-display":"","ast-hfb-mobile-header-display":"","site-post-title":"","ast-breadcrumbs-content":"","ast-featured-img":"","footer-sml-layout":"","theme-transparent-header-meta":"default","adv-header-id-meta":"","stick-header-meta":"","header-above-stick-meta":"","header-main-stick-meta":"","header-below-stick-meta":"","astra-migrate-meta-layouts":"set"},"product_brand":[],"product_cat":[24],"product_tag":[],"class_list":{"0":"post-4173","1":"product","2":"type-product","3":"status-publish","4":"has-post-thumbnail","6":"product_cat-ordinateur-portable","7":"desktop-align-left","8":"tablet-align-left","9":"mobile-align-left","11":"first","12":"instock","13":"sale","14":"shipping-taxable","15":"purchasable","16":"product-type-simple"},"jetpack_sharing_enabled":true,"_links":{"self":[{"href":"https:\/\/gmtechnologie.com\/fr\/wp-json\/wp\/v2\/product\/4173","targetHints":{"allow":["GET"]}}],"collection":[{"href":"https:\/\/gmtechnologie.com\/fr\/wp-json\/wp\/v2\/product"}],"about":[{"href":"https:\/\/gmtechnologie.com\/fr\/wp-json\/wp\/v2\/types\/product"}],"replies":[{"embeddable":true,"href":"https:\/\/gmtechnologie.com\/fr\/wp-json\/wp\/v2\/comments?post=4173"}],"wp:featuredmedia":[{"embeddable":true,"href":"https:\/\/gmtechnologie.com\/fr\/wp-json\/wp\/v2\/media\/4175"}],"wp:attachment":[{"href":"https:\/\/gmtechnologie.com\/fr\/wp-json\/wp\/v2\/media?parent=4173"}],"wp:term":[{"taxonomy":"product_brand","embeddable":true,"href":"https:\/\/gmtechnologie.com\/fr\/wp-json\/wp\/v2\/product_brand?post=4173"},{"taxonomy":"product_cat","embeddable":true,"href":"https:\/\/gmtechnologie.com\/fr\/wp-json\/wp\/v2\/product_cat?post=4173"},{"taxonomy":"product_tag","embeddable":true,"href":"https:\/\/gmtechnologie.com\/fr\/wp-json\/wp\/v2\/product_tag?post=4173"}],"curies":[{"name":"wp","href":"https:\/\/api.w.org\/{rel}","templated":true}]}}