{"id":579,"date":"2022-05-24T09:58:17","date_gmt":"2022-05-24T09:58:17","guid":{"rendered":"https:\/\/infoamir.com\/?post_type=product&#038;p=579"},"modified":"2022-05-24T09:59:08","modified_gmt":"2022-05-24T09:59:08","slug":"casque-bluetooth-jbl-everest-jb950","status":"publish","type":"product","link":"https:\/\/gmtechnologie.com\/fr\/product\/casque-bluetooth-jbl-everest-jb950\/","title":{"rendered":"Casque Bluetooth JBL EVEREST JB950"},"content":{"rendered":"<ul>\n<li>Fr\u00e9quence de r\u00e9ponse: 20 ~ 22000Hz<\/li>\n<li>Imp\u00e9dance: 32 Ohm<\/li>\n<li>Sensibilit\u00e9 de 114 dB<\/li>\n<li>Contient un microphone int\u00e9gr\u00e9<\/li>\n<li>Dur\u00e9e de charge de la batterie: 3 \u00e0 7 heures<\/li>\n<li>Poids: 205g<\/li>\n<li>Bo\u00eetier inclus : 950 \u00e9couteurs + c\u00e2ble USB<\/li>\n<li>Entr\u00e9e de Carte m\u00e9moire (jusqu\u2019\u00e0 32 Go)<\/li>\n<li>\u00a0Entr\u00e9e de c\u00e2ble P2<\/li>\n<li>Microphone int\u00e9gr\u00e9 \u2013<\/li>\n<li>Connexion radio Fm \u2013<\/li>\n<li>Dur\u00e9e de charge: (approximativement): 4 heures<\/li>\n<li>Dur\u00e9e de la batterie: 16 heures (en fonction de votre utilisation continue)<\/li>\n<\/ul>\n","protected":false},"excerpt":{"rendered":"<p>Fr\u00e9quence de r\u00e9ponse: 20 ~ 22000Hz Imp\u00e9dance: 32 Ohm Sensibilit\u00e9 de 114 dB Contient un microphone int\u00e9gr\u00e9 Dur\u00e9e de charge de la batterie: 3 \u00e0 7 heures Poids: 205g Bo\u00eetier inclus : 950 \u00e9couteurs + c\u00e2ble USB Entr\u00e9e de Carte m\u00e9moire (jusqu\u2019\u00e0 32 Go) \u00a0Entr\u00e9e de c\u00e2ble P2 Microphone int\u00e9gr\u00e9 \u2013 Connexion radio Fm \u2013 &hellip;<\/p>\n<p class=\"read-more\"> <a class=\"\" href=\"https:\/\/gmtechnologie.com\/fr\/product\/casque-bluetooth-jbl-everest-jb950\/\"> <span class=\"screen-reader-text\">Casque Bluetooth JBL EVEREST JB950<\/span> Lire la suite\u00a0\u00bb<\/a><\/p>\n","protected":false},"featured_media":580,"comment_status":"open","ping_status":"closed","template":"","meta":{"site-sidebar-layout":"default","site-content-layout":"default","ast-site-content-layout":"","site-content-style":"default","site-sidebar-style":"default","ast-global-header-display":"","ast-banner-title-visibility":"","ast-main-header-display":"","ast-hfb-above-header-display":"","ast-hfb-below-header-display":"","ast-hfb-mobile-header-display":"","site-post-title":"","ast-breadcrumbs-content":"","ast-featured-img":"","footer-sml-layout":"","theme-transparent-header-meta":"default","adv-header-id-meta":"","stick-header-meta":"","header-above-stick-meta":"","header-main-stick-meta":"","header-below-stick-meta":"","astra-migrate-meta-layouts":""},"product_brand":[],"product_cat":[25,33],"product_tag":[],"class_list":{"0":"post-579","1":"product","2":"type-product","3":"status-publish","4":"has-post-thumbnail","6":"product_cat-accessoires-informatique-et-gadgets","7":"product_cat-casques","8":"desktop-align-left","9":"tablet-align-left","10":"mobile-align-left","12":"first","13":"instock","14":"sale","15":"shipping-taxable","16":"purchasable","17":"product-type-simple"},"jetpack_sharing_enabled":true,"_links":{"self":[{"href":"https:\/\/gmtechnologie.com\/fr\/wp-json\/wp\/v2\/product\/579","targetHints":{"allow":["GET"]}}],"collection":[{"href":"https:\/\/gmtechnologie.com\/fr\/wp-json\/wp\/v2\/product"}],"about":[{"href":"https:\/\/gmtechnologie.com\/fr\/wp-json\/wp\/v2\/types\/product"}],"replies":[{"embeddable":true,"href":"https:\/\/gmtechnologie.com\/fr\/wp-json\/wp\/v2\/comments?post=579"}],"wp:featuredmedia":[{"embeddable":true,"href":"https:\/\/gmtechnologie.com\/fr\/wp-json\/wp\/v2\/media\/580"}],"wp:attachment":[{"href":"https:\/\/gmtechnologie.com\/fr\/wp-json\/wp\/v2\/media?parent=579"}],"wp:term":[{"taxonomy":"product_brand","embeddable":true,"href":"https:\/\/gmtechnologie.com\/fr\/wp-json\/wp\/v2\/product_brand?post=579"},{"taxonomy":"product_cat","embeddable":true,"href":"https:\/\/gmtechnologie.com\/fr\/wp-json\/wp\/v2\/product_cat?post=579"},{"taxonomy":"product_tag","embeddable":true,"href":"https:\/\/gmtechnologie.com\/fr\/wp-json\/wp\/v2\/product_tag?post=579"}],"curies":[{"name":"wp","href":"https:\/\/api.w.org\/{rel}","templated":true}]}}