{"id":797,"date":"2022-06-16T16:49:46","date_gmt":"2022-06-16T16:49:46","guid":{"rendered":"https:\/\/gmtechnologie.com\/?post_type=product&#038;p=797"},"modified":"2022-06-16T16:49:46","modified_gmt":"2022-06-16T16:49:46","slug":"moniteur-hewlett-packard-hp-la2206xc","status":"publish","type":"product","link":"https:\/\/gmtechnologie.com\/fr\/product\/moniteur-hewlett-packard-hp-la2206xc\/","title":{"rendered":"moniteur HEWLETT PACKARD HP LA2206xc"},"content":{"rendered":"<p>Caract\u00e9ristiques techniques de la Dalle du moniteur HEWLETT PACKARD HP LA2206xc<br \/>\nDalle :TFT TN<br \/>\nR\u00e9tro\u00e9clairage :LED (LCD LED)<br \/>\nAspect (ratio) :16:9<br \/>\nDiagonale :21.5&Prime; (55 cm)<br \/>\nPas de pixel (pitch) :0.248 mm<br \/>\nD\u00e9finition \/ Fr\u00e9quence max :1920 x 1080 \u00e0 60 Hz (Format \u00ab\u00a0Wide\u00a0\u00bb)<br \/>\nTemps de r\u00e9ponse :5 ms (Normal)<br \/>\nLuminosit\u00e9 :250 cd\/m\u00b2 (typique)<br \/>\nTaux de contraste :1 000 : 1 (typique)<br \/>\n1 000 000 : 1 (dynamique\/max)<br \/>\nCouleurs :16.70 millions<br \/>\nTraitements de la surface :Anti-reflets<br \/>\nEtat comme neuf\/ Garantie 6mois<\/p>\n","protected":false},"excerpt":{"rendered":"<p>Caract\u00e9ristiques techniques de la Dalle du moniteur HEWLETT PACKARD HP LA2206xc Dalle :TFT TN R\u00e9tro\u00e9clairage :LED (LCD LED) Aspect (ratio) :16:9 Diagonale :21.5&Prime; (55 cm) Pas de pixel (pitch) :0.248 mm D\u00e9finition \/ Fr\u00e9quence max :1920 x 1080 \u00e0 60 Hz (Format \u00ab\u00a0Wide\u00a0\u00bb) Temps de r\u00e9ponse :5 ms (Normal) Luminosit\u00e9 :250 cd\/m\u00b2 (typique) Taux de &hellip;<\/p>\n<p class=\"read-more\"> <a class=\"\" href=\"https:\/\/gmtechnologie.com\/fr\/product\/moniteur-hewlett-packard-hp-la2206xc\/\"> <span class=\"screen-reader-text\">moniteur HEWLETT PACKARD HP LA2206xc<\/span> Lire la suite\u00a0\u00bb<\/a><\/p>\n","protected":false},"featured_media":798,"comment_status":"open","ping_status":"closed","template":"","meta":{"site-sidebar-layout":"default","site-content-layout":"default","ast-site-content-layout":"","site-content-style":"default","site-sidebar-style":"default","ast-global-header-display":"","ast-banner-title-visibility":"","ast-main-header-display":"","ast-hfb-above-header-display":"","ast-hfb-below-header-display":"","ast-hfb-mobile-header-display":"","site-post-title":"","ast-breadcrumbs-content":"","ast-featured-img":"","footer-sml-layout":"","theme-transparent-header-meta":"default","adv-header-id-meta":"","stick-header-meta":"","header-above-stick-meta":"","header-main-stick-meta":"","header-below-stick-meta":"","astra-migrate-meta-layouts":""},"product_brand":[],"product_cat":[41],"product_tag":[],"class_list":{"0":"post-797","1":"product","2":"type-product","3":"status-publish","4":"has-post-thumbnail","6":"product_cat-ecran-pc","7":"desktop-align-left","8":"tablet-align-left","9":"mobile-align-left","11":"first","12":"instock","13":"sale","14":"shipping-taxable","15":"purchasable","16":"product-type-simple"},"jetpack_sharing_enabled":true,"_links":{"self":[{"href":"https:\/\/gmtechnologie.com\/fr\/wp-json\/wp\/v2\/product\/797","targetHints":{"allow":["GET"]}}],"collection":[{"href":"https:\/\/gmtechnologie.com\/fr\/wp-json\/wp\/v2\/product"}],"about":[{"href":"https:\/\/gmtechnologie.com\/fr\/wp-json\/wp\/v2\/types\/product"}],"replies":[{"embeddable":true,"href":"https:\/\/gmtechnologie.com\/fr\/wp-json\/wp\/v2\/comments?post=797"}],"wp:featuredmedia":[{"embeddable":true,"href":"https:\/\/gmtechnologie.com\/fr\/wp-json\/wp\/v2\/media\/798"}],"wp:attachment":[{"href":"https:\/\/gmtechnologie.com\/fr\/wp-json\/wp\/v2\/media?parent=797"}],"wp:term":[{"taxonomy":"product_brand","embeddable":true,"href":"https:\/\/gmtechnologie.com\/fr\/wp-json\/wp\/v2\/product_brand?post=797"},{"taxonomy":"product_cat","embeddable":true,"href":"https:\/\/gmtechnologie.com\/fr\/wp-json\/wp\/v2\/product_cat?post=797"},{"taxonomy":"product_tag","embeddable":true,"href":"https:\/\/gmtechnologie.com\/fr\/wp-json\/wp\/v2\/product_tag?post=797"}],"curies":[{"name":"wp","href":"https:\/\/api.w.org\/{rel}","templated":true}]}}