{"id":804,"date":"2022-06-17T08:21:52","date_gmt":"2022-06-17T08:21:52","guid":{"rendered":"https:\/\/gmtechnologie.com\/?post_type=product&#038;p=804"},"modified":"2022-06-17T08:28:38","modified_gmt":"2022-06-17T08:28:38","slug":"p-compaq-la2006x-ecran-led-20-20-visualisable-1600-x-900-60-hz-250-cd-m%c2%b2-10001-5-ms-dvi-d-vga-displayport-noir","status":"publish","type":"product","link":"https:\/\/gmtechnologie.com\/fr\/product\/p-compaq-la2006x-ecran-led-20-20-visualisable-1600-x-900-60-hz-250-cd-m%c2%b2-10001-5-ms-dvi-d-vga-displayport-noir\/","title":{"rendered":"P Compaq LA2006x &#8211; \u00c9cran LED &#8211; 20&Prime; (20&Prime; visualisable) &#8211; 1600 x 900 @ 60 Hz &#8211; 250 cd\/m\u00b2 &#8211; 1000:1 &#8211; 5 ms &#8211; DVI-D, VGA, DisplayPort &#8211; noir"},"content":{"rendered":"<p>CARACT\u00c9RISTIQUES<br \/>\nTaille de l&rsquo;\u00e9cran (pouces)<br \/>\n20,00 \u00a0\u00bb<\/p>\n<p>Taille de l&rsquo;\u00e9cran (cm)<br \/>\n50,80 cm<\/p>\n<p>Taux de rafra\u00eechissement<br \/>\n170,00 Hz<\/p>\n<p>Luminosit\u00e9<br \/>\n250,00 Cd\/m\u00b2<\/p>\n<p>Contraste<br \/>\n1000 :1<\/p>\n<p>Temps de r\u00e9ponse<br \/>\n5,00 Millisecondes<\/p>\n<p>Poids du produit<br \/>\n3,40 Kg<\/p>\n<p>Type d&rsquo;affichage<br \/>\n\u00c9cran LCD \u00e0 r\u00e9tro\u00e9clairage LED \/ matrice active TFT<\/p>\n<p>Taille d&rsquo;\u00e9cran<br \/>\n20&Prime;<\/p>\n<p>Surface visible<br \/>\n20.0&Prime;<\/p>\n<p>Dispositifs int\u00e9gr\u00e9s<br \/>\nHub USB<\/p>\n<p>Facteur de forme<br \/>\nGrand \u00e9cran &#8211; 16:9<\/p>\n<p>R\u00e9solution native<br \/>\n1600 x 900 \u00e0 60 Hz<\/p>\n<p>Espacement des pixels<br \/>\n0.277 mm<\/p>\n<p>Luminosit\u00e9<br \/>\n250 cd\/m\u00b2<\/p>\n<p>Rapport de contraste<br \/>\n1000:1 \/ 1000000:1 (dynamique)<\/p>\n<p>Temps de r\u00e9ponse<br \/>\n5 ms<\/p>\n<p>Fr\u00e9quence de r\u00e9actualisation verticale<br \/>\n76 Hz<\/p>\n<p>Fr\u00e9quence de r\u00e9actualisation horizontale<br \/>\n83 kHz<\/p>\n<p>Bande passante vid\u00e9o<br \/>\n170 MHz<\/p>\n<p>Angle de visualisation horizontale<br \/>\n170<\/p>\n<p>Angle de visualisation verticale<br \/>\n160<\/p>\n<p>Rev\u00eatement de l&rsquo;\u00e9cran<br \/>\nAnti-\u00e9blouissement, antistatique<\/p>\n<p>Technologie de r\u00e9tro\u00e9clairage<br \/>\nWLED<\/p>\n<p>Fonctions<br \/>\nAssetControl, HDCP, gamme de couleurs \u00e9tendue de 68 %<\/p>\n<p>Couleur<br \/>\nNoir<\/p>\n<p>Dimensions (LxPxH)<br \/>\n48.4 cm x 4.8 cm x 29.6 cm &#8211; sans support<\/p>\n<p>Poids<br \/>\n3.4 kg<\/p>\n<p>Interfaces<br \/>\nVGA \u00a6 DisplayPort \u00a6 DVI-D \u00a6 Amont USB ( Type B ) \u00a6 2 x aval USB<\/p>\n<p>R\u00e9glages de la position de l&rsquo;\u00e9cran<br \/>\nHauteur, pivot (rotation), pivotant, inclinaison<\/p>\n<p>Angle d&rsquo;inclinaison<br \/>\n35<\/p>\n<p>R\u00e9glage de la hauteur<br \/>\n130 mm<\/p>\n<p>Caract\u00e9ristiques<br \/>\nLogement pour c\u00e2ble antivol (c\u00e2ble vendu s\u00e9par\u00e9ment)<\/p>\n<p>C\u00e2bles inclus<br \/>\n1 x c\u00e2ble DVI &#8211; DVI-D \u00e0 DVI-D &#8211; 1.8 m \u00a6 1 x c\u00e2ble VGA &#8211; VGA vers VGA &#8211; 1.8 m \u00a6 1 x c\u00e2ble USB &#8211; USB type A \u00e0 B &#8211; 1.8 m<\/p>\n<p>Dur\u00e9e de vie du r\u00e9tro-\u00e9clairage<br \/>\n30,000 heures<\/p>\n<p>Compatible with Windows 7<br \/>\nLe logiciel et les dispositifs \u00abCompatible with Windows 7\u00bb ont l\u2019assurance de Microsoft que ces produits ont subi des tests de compatibilit\u00e9 et de fiabilit\u00e9 avec Windows 7 32-bit et 64-bit.<\/p>\n<p>Certificats de conformit\u00e9<br \/>\nPlug and Play, TUV, VCCI, C-Tick, BSMI, GOST, NOM, WHQL, CCC, FCC, RoHS, ETL, KCC, WEEE, TCO &rsquo;05, E-Standby<\/p>\n<p>Localisation<br \/>\nAnglais \/ Afrique du Sud<\/p>\n<p>Services &#038; maintenance<br \/>\nGarantie limit\u00e9e &#8211; pi\u00e8ces et main d&rsquo;oeuvre &#8211; 3 ans &#8211; sur site<\/p>\n<p>Alimentation<br \/>\nInterne<\/p>\n<p>Tension requise<br \/>\nCA 120\/230 V ( 50\/60 Hz )<\/p>\n<p>Consommation \u00e9lectrique<br \/>\n26 Watt<\/p>\n<p>Consommation en veille \/ sommeil<br \/>\n0.5 Watt<\/p>\n<p>Dimensions &#038; Poids &#8211; D\u00e9tails<br \/>\nSans support &#8211; largeur : 48.4 cm &#8211; profondeur : 4.8 cm &#8211; hauteur : 29.6 cm &#8211; poids : 3.4 kg \u00a6 Avec support &#8211; largeur : 48.4 cm &#8211; profondeur : 21.1 cm &#8211; hauteur : 31.6 cm &#8211; poids : 5.5 kg<\/p>\n<p>Compatible EPEAT<br \/>\nEPEAT Gold<\/p>\n<p>ENERGY STAR<br \/>\nOui<\/p>\n<p>Temp\u00e9rature de fonctionnement mini<br \/>\n5 \u00b0C<\/p>\n<p>Temp\u00e9rature de fonctionnement maxi<br \/>\n35 \u00b0C<\/p>\n<p>Taux d&rsquo;humidit\u00e9 en fonctionnement<br \/>\n20 &#8211; 80%<br \/>\nGarantie 6 mois<\/p>\n","protected":false},"excerpt":{"rendered":"<p>CARACT\u00c9RISTIQUES Taille de l&rsquo;\u00e9cran (pouces) 20,00 \u00a0\u00bb Taille de l&rsquo;\u00e9cran (cm) 50,80 cm Taux de rafra\u00eechissement 170,00 Hz Luminosit\u00e9 250,00 Cd\/m\u00b2 Contraste 1000 :1 Temps de r\u00e9ponse 5,00 Millisecondes Poids du produit 3,40 Kg Type d&rsquo;affichage \u00c9cran LCD \u00e0 r\u00e9tro\u00e9clairage LED \/ matrice active TFT Taille d&rsquo;\u00e9cran 20&Prime; Surface visible 20.0&Prime; Dispositifs int\u00e9gr\u00e9s Hub USB &hellip;<\/p>\n<p class=\"read-more\"> <a class=\"\" href=\"https:\/\/gmtechnologie.com\/fr\/product\/p-compaq-la2006x-ecran-led-20-20-visualisable-1600-x-900-60-hz-250-cd-m%c2%b2-10001-5-ms-dvi-d-vga-displayport-noir\/\"> <span class=\"screen-reader-text\">P Compaq LA2006x &#8211; \u00c9cran LED &#8211; 20&Prime; (20&Prime; visualisable) &#8211; 1600 x 900 @ 60 Hz &#8211; 250 cd\/m\u00b2 &#8211; 1000:1 &#8211; 5 ms &#8211; DVI-D, VGA, DisplayPort &#8211; noir<\/span> Lire la suite\u00a0\u00bb<\/a><\/p>\n","protected":false},"featured_media":805,"comment_status":"open","ping_status":"closed","template":"","meta":{"site-sidebar-layout":"default","site-content-layout":"default","ast-site-content-layout":"","site-content-style":"default","site-sidebar-style":"default","ast-global-header-display":"","ast-banner-title-visibility":"","ast-main-header-display":"","ast-hfb-above-header-display":"","ast-hfb-below-header-display":"","ast-hfb-mobile-header-display":"","site-post-title":"","ast-breadcrumbs-content":"","ast-featured-img":"","footer-sml-layout":"","theme-transparent-header-meta":"default","adv-header-id-meta":"","stick-header-meta":"","header-above-stick-meta":"","header-main-stick-meta":"","header-below-stick-meta":"","astra-migrate-meta-layouts":""},"product_brand":[],"product_cat":[41],"product_tag":[],"class_list":{"0":"post-804","1":"product","2":"type-product","3":"status-publish","4":"has-post-thumbnail","6":"product_cat-ecran-pc","7":"desktop-align-left","8":"tablet-align-left","9":"mobile-align-left","11":"first","12":"instock","13":"sale","14":"shipping-taxable","15":"purchasable","16":"product-type-simple"},"jetpack_sharing_enabled":true,"_links":{"self":[{"href":"https:\/\/gmtechnologie.com\/fr\/wp-json\/wp\/v2\/product\/804","targetHints":{"allow":["GET"]}}],"collection":[{"href":"https:\/\/gmtechnologie.com\/fr\/wp-json\/wp\/v2\/product"}],"about":[{"href":"https:\/\/gmtechnologie.com\/fr\/wp-json\/wp\/v2\/types\/product"}],"replies":[{"embeddable":true,"href":"https:\/\/gmtechnologie.com\/fr\/wp-json\/wp\/v2\/comments?post=804"}],"wp:featuredmedia":[{"embeddable":true,"href":"https:\/\/gmtechnologie.com\/fr\/wp-json\/wp\/v2\/media\/805"}],"wp:attachment":[{"href":"https:\/\/gmtechnologie.com\/fr\/wp-json\/wp\/v2\/media?parent=804"}],"wp:term":[{"taxonomy":"product_brand","embeddable":true,"href":"https:\/\/gmtechnologie.com\/fr\/wp-json\/wp\/v2\/product_brand?post=804"},{"taxonomy":"product_cat","embeddable":true,"href":"https:\/\/gmtechnologie.com\/fr\/wp-json\/wp\/v2\/product_cat?post=804"},{"taxonomy":"product_tag","embeddable":true,"href":"https:\/\/gmtechnologie.com\/fr\/wp-json\/wp\/v2\/product_tag?post=804"}],"curies":[{"name":"wp","href":"https:\/\/api.w.org\/{rel}","templated":true}]}}