{"id":826,"date":"2022-06-17T11:20:04","date_gmt":"2022-06-17T11:20:04","guid":{"rendered":"https:\/\/gmtechnologie.com\/?post_type=product&#038;p=826"},"modified":"2022-06-17T11:20:04","modified_gmt":"2022-06-17T11:20:04","slug":"pc-lenovo-tiny-m93p-intel-core-i5-4570t-290","status":"publish","type":"product","link":"https:\/\/gmtechnologie.com\/fr\/product\/pc-lenovo-tiny-m93p-intel-core-i5-4570t-290\/","title":{"rendered":"PC Lenovo Tiny M93P Intel Core I5 4570T 2,90"},"content":{"rendered":"<p>Type de PC Lenovo Tiny M93P Intel Core I5 4570T 2,90\tMini PC<br \/>\nTaille de la m\u00e9moire RAM install\u00e9e\t8 GB<br \/>\nHDD<br \/>\nSyst\u00e8me d&rsquo;exploitation\tWindows<br \/>\nMod\u00e8le du CPU\tCore i5<br \/>\nMarque\tLenovo<br \/>\nLENOVO M93p Tiny<br \/>\nProcesseur Intel Core I5 4570T 2,90 GHz<br \/>\nRAM 8 Go<br \/>\nHDD 128 Go SSD<br \/>\nGarantie 6 mois<\/p>\n","protected":false},"excerpt":{"rendered":"<p>Type de PC Lenovo Tiny M93P Intel Core I5 4570T 2,90 Mini PC Taille de la m\u00e9moire RAM install\u00e9e 8 GB HDD Syst\u00e8me d&rsquo;exploitation Windows Mod\u00e8le du CPU Core i5 Marque Lenovo LENOVO M93p Tiny Processeur Intel Core I5 4570T 2,90 GHz RAM 8 Go HDD 128 Go SSD Garantie 6 mois<\/p>\n","protected":false},"featured_media":827,"comment_status":"open","ping_status":"closed","template":"","meta":{"site-sidebar-layout":"default","site-content-layout":"default","ast-site-content-layout":"","site-content-style":"default","site-sidebar-style":"default","ast-global-header-display":"","ast-banner-title-visibility":"","ast-main-header-display":"","ast-hfb-above-header-display":"","ast-hfb-below-header-display":"","ast-hfb-mobile-header-display":"","site-post-title":"","ast-breadcrumbs-content":"","ast-featured-img":"","footer-sml-layout":"","theme-transparent-header-meta":"default","adv-header-id-meta":"","stick-header-meta":"","header-above-stick-meta":"","header-main-stick-meta":"","header-below-stick-meta":"","astra-migrate-meta-layouts":""},"product_brand":[],"product_cat":[26],"product_tag":[],"class_list":{"0":"post-826","1":"product","2":"type-product","3":"status-publish","4":"has-post-thumbnail","6":"product_cat-ordinateur-de-bureau","7":"desktop-align-left","8":"tablet-align-left","9":"mobile-align-left","11":"first","12":"instock","13":"sale","14":"shipping-taxable","15":"purchasable","16":"product-type-simple"},"jetpack_sharing_enabled":true,"_links":{"self":[{"href":"https:\/\/gmtechnologie.com\/fr\/wp-json\/wp\/v2\/product\/826","targetHints":{"allow":["GET"]}}],"collection":[{"href":"https:\/\/gmtechnologie.com\/fr\/wp-json\/wp\/v2\/product"}],"about":[{"href":"https:\/\/gmtechnologie.com\/fr\/wp-json\/wp\/v2\/types\/product"}],"replies":[{"embeddable":true,"href":"https:\/\/gmtechnologie.com\/fr\/wp-json\/wp\/v2\/comments?post=826"}],"wp:featuredmedia":[{"embeddable":true,"href":"https:\/\/gmtechnologie.com\/fr\/wp-json\/wp\/v2\/media\/827"}],"wp:attachment":[{"href":"https:\/\/gmtechnologie.com\/fr\/wp-json\/wp\/v2\/media?parent=826"}],"wp:term":[{"taxonomy":"product_brand","embeddable":true,"href":"https:\/\/gmtechnologie.com\/fr\/wp-json\/wp\/v2\/product_brand?post=826"},{"taxonomy":"product_cat","embeddable":true,"href":"https:\/\/gmtechnologie.com\/fr\/wp-json\/wp\/v2\/product_cat?post=826"},{"taxonomy":"product_tag","embeddable":true,"href":"https:\/\/gmtechnologie.com\/fr\/wp-json\/wp\/v2\/product_tag?post=826"}],"curies":[{"name":"wp","href":"https:\/\/api.w.org\/{rel}","templated":true}]}}