{"id":831,"date":"2022-06-17T13:46:53","date_gmt":"2022-06-17T13:46:53","guid":{"rendered":"https:\/\/gmtechnologie.com\/?post_type=product&#038;p=831"},"modified":"2025-09-12T21:48:35","modified_gmt":"2025-09-12T21:48:35","slug":"kingston-kc600-256g-ssd-sata3-2-5-skc600-256g","status":"publish","type":"product","link":"https:\/\/gmtechnologie.com\/fr\/product\/kingston-kc600-256g-ssd-sata3-2-5-skc600-256g\/","title":{"rendered":"Kingston KC600 256G SSD SATA3 2.5&Prime; &#8211; SKC600\/256G"},"content":{"rendered":"<table class=\"a-normal a-spacing-micro\">\n<tbody>\n<tr class=\"a-spacing-small po-digital_storage_capacity\">\n<td class=\"a-span3\"><span class=\"a-size-base a-text-bold\">Capacit\u00e9 du stockage num\u00e9rique<\/span><\/td>\n<td class=\"a-span9\"><span class=\"a-size-base\">256 Go<\/span><\/td>\n<\/tr>\n<tr class=\"a-spacing-small po-compatible_devices\">\n<td class=\"a-span3\"><span class=\"a-size-base a-text-bold\">Compatibilit\u00e9 du p\u00e9riph\u00e9rique<\/span><\/td>\n<td class=\"a-span9\"><span class=\"a-size-base\">Ordinateur, Ordinateur portable<\/span><\/td>\n<\/tr>\n<tr class=\"a-spacing-small po-hard_disk.interface\">\n<td class=\"a-span3\"><span class=\"a-size-base a-text-bold\">Interface du disque dur<\/span><\/td>\n<td class=\"a-span9\"><span class=\"a-size-base\">Serial ATA 600<\/span><\/td>\n<\/tr>\n<tr class=\"a-spacing-small po-brand\">\n<td class=\"a-span3\"><span class=\"a-size-base a-text-bold\">Marque<\/span><\/td>\n<td class=\"a-span9\"><span class=\"a-size-base\">Kingston<\/span><\/td>\n<\/tr>\n<tr class=\"a-spacing-small po-model_name\">\n<td class=\"a-span3\"><span class=\"a-size-base a-text-bold\">s\u00e9ries<\/span><\/td>\n<td class=\"a-span9\"><span class=\"a-size-base\">SKC600<\/span><\/td>\n<\/tr>\n<tr class=\"a-spacing-small po-specific_uses_for_product\">\n<td class=\"a-span3\"><span class=\"a-size-base a-text-bold\">Usages sp\u00e9cifiques pour le produit<\/span><\/td>\n<td class=\"a-span9\"><span class=\"a-size-base\">Personnel<\/span><\/td>\n<\/tr>\n<tr class=\"a-spacing-small po-connectivity_technology\">\n<td class=\"a-span3\"><span class=\"a-size-base a-text-bold\">Type de connecteur<\/span><\/td>\n<td class=\"a-span9\"><span class=\"a-size-base\">SATA<\/span><\/td>\n<\/tr>\n<tr class=\"a-spacing-small po-hard_disk_form_factor\">\n<td class=\"a-span3\"><span class=\"a-size-base a-text-bold\">Facteur de forme du disque dur<\/span><\/td>\n<td class=\"a-span9\"><span class=\"a-size-base\">2.5 Pouces<\/span><\/td>\n<\/tr>\n<tr class=\"a-spacing-small po-form_factor\">\n<td class=\"a-span3\"><span class=\"a-size-base a-text-bold\">Facteur de forme<\/span><\/td>\n<td class=\"a-span9\"><span class=\"a-size-base\">2.5 inches<\/span><\/td>\n<\/tr>\n<tr class=\"a-spacing-small po-read_speed\">\n<td class=\"a-span3\"><span class=\"a-size-base a-text-bold\">Vitesse de lecture<\/span><\/td>\n<td class=\"a-span9\"><span class=\"a-size-base\">550 Megabytes Per Second<\/span><\/td>\n<\/tr>\n<\/tbody>\n<\/table>\n","protected":false},"excerpt":{"rendered":"<p>Capacit\u00e9 du stockage num\u00e9rique 256 Go Compatibilit\u00e9 du p\u00e9riph\u00e9rique Ordinateur, Ordinateur portable Interface du disque dur Serial ATA 600 Marque Kingston s\u00e9ries SKC600 Usages sp\u00e9cifiques pour le produit Personnel Type de connecteur SATA Facteur de forme du disque dur 2.5 Pouces Facteur de forme 2.5 inches Vitesse de lecture 550 Megabytes Per Second<\/p>\n","protected":false},"featured_media":832,"comment_status":"open","ping_status":"closed","template":"","meta":{"site-sidebar-layout":"default","site-content-layout":"default","ast-site-content-layout":"default","site-content-style":"default","site-sidebar-style":"default","ast-global-header-display":"","ast-banner-title-visibility":"","ast-main-header-display":"","ast-hfb-above-header-display":"","ast-hfb-below-header-display":"","ast-hfb-mobile-header-display":"","site-post-title":"","ast-breadcrumbs-content":"","ast-featured-img":"","footer-sml-layout":"","theme-transparent-header-meta":"default","adv-header-id-meta":"","stick-header-meta":"","header-above-stick-meta":"","header-main-stick-meta":"","header-below-stick-meta":"","astra-migrate-meta-layouts":"set"},"product_brand":[],"product_cat":[37],"product_tag":[],"class_list":{"0":"post-831","1":"product","2":"type-product","3":"status-publish","4":"has-post-thumbnail","6":"product_cat-disques-dur","7":"desktop-align-left","8":"tablet-align-left","9":"mobile-align-left","11":"first","12":"instock","13":"sale","14":"shipping-taxable","15":"purchasable","16":"product-type-simple"},"jetpack_sharing_enabled":true,"_links":{"self":[{"href":"https:\/\/gmtechnologie.com\/fr\/wp-json\/wp\/v2\/product\/831","targetHints":{"allow":["GET"]}}],"collection":[{"href":"https:\/\/gmtechnologie.com\/fr\/wp-json\/wp\/v2\/product"}],"about":[{"href":"https:\/\/gmtechnologie.com\/fr\/wp-json\/wp\/v2\/types\/product"}],"replies":[{"embeddable":true,"href":"https:\/\/gmtechnologie.com\/fr\/wp-json\/wp\/v2\/comments?post=831"}],"wp:featuredmedia":[{"embeddable":true,"href":"https:\/\/gmtechnologie.com\/fr\/wp-json\/wp\/v2\/media\/832"}],"wp:attachment":[{"href":"https:\/\/gmtechnologie.com\/fr\/wp-json\/wp\/v2\/media?parent=831"}],"wp:term":[{"taxonomy":"product_brand","embeddable":true,"href":"https:\/\/gmtechnologie.com\/fr\/wp-json\/wp\/v2\/product_brand?post=831"},{"taxonomy":"product_cat","embeddable":true,"href":"https:\/\/gmtechnologie.com\/fr\/wp-json\/wp\/v2\/product_cat?post=831"},{"taxonomy":"product_tag","embeddable":true,"href":"https:\/\/gmtechnologie.com\/fr\/wp-json\/wp\/v2\/product_tag?post=831"}],"curies":[{"name":"wp","href":"https:\/\/api.w.org\/{rel}","templated":true}]}}