{"id":871,"date":"2022-06-17T15:22:42","date_gmt":"2022-06-17T15:22:42","guid":{"rendered":"https:\/\/gmtechnologie.com\/?post_type=product&#038;p=871"},"modified":"2022-06-17T15:22:43","modified_gmt":"2022-06-17T15:22:43","slug":"boitier-smart-tv-kh3-android-10-allwinner-h313-quadricoeur","status":"publish","type":"product","link":"https:\/\/gmtechnologie.com\/fr\/product\/boitier-smart-tv-kh3-android-10-allwinner-h313-quadricoeur\/","title":{"rendered":"bo\u00eetier Smart Tv KH3, Android 10, Allwinner H313 quadric\u0153ur"},"content":{"rendered":"<h3 class=\"overview--title--15HryiF\" data-spm-anchor-id=\"a2g0o.seodetail.detailmain.i2.27d34492f02RVf\">Sp\u00e9cification<\/h3>\n<div class=\"overview--attrs--1x_crTy overview--unfold--2JpexbR\">\n<div class=\"overview--item--3mjL-rN\"><span class=\"overview--attr-name--1gepXjj\">Nom de marque:<\/span><span class=\"overview--attr-value--1Q_6dvo\">MECOOL<\/span><\/div>\n<div class=\"overview--item--3mjL-rN\"><\/div>\n<div class=\"overview--item--3mjL-rN\"><span class=\"overview--attr-name--1gepXjj\">Ethernet:<\/span><span class=\"overview--attr-value--1Q_6dvo\">100 M<\/span><\/div>\n<div class=\"overview--item--3mjL-rN\"><span class=\"overview--attr-name--1gepXjj\">Origine:<\/span><span class=\"overview--attr-value--1Q_6dvo\">CN (Origine)<\/span><\/div>\n<div class=\"overview--item--3mjL-rN\"><span class=\"overview--attr-name--1gepXjj\">CPU:<\/span><span class=\"overview--attr-value--1Q_6dvo\">Allwinner H313 Quad-core ARM Cortex-A53 processor<\/span><\/div>\n<div class=\"overview--item--3mjL-rN\"><span class=\"overview--attr-name--1gepXjj\">Stockage Interne:<\/span><span class=\"overview--attr-value--1Q_6dvo\">16 GB mem<\/span><\/div>\n<div class=\"overview--item--3mjL-rN\"><span class=\"overview--attr-name--1gepXjj\">Bluetooth:<\/span><span class=\"overview--attr-value--1Q_6dvo\">Oui<\/span><\/div>\n<div class=\"overview--item--3mjL-rN\"><span class=\"overview--attr-name--1gepXjj\">Sortie Vid\u00e9o:<\/span><span class=\"overview--attr-value--1Q_6dvo\">HDMI 2.1<\/span><\/div>\n<div class=\"overview--item--3mjL-rN\"><span class=\"overview--attr-name--1gepXjj\">Sans fil:<\/span><span class=\"overview--attr-value--1Q_6dvo\">Oui<\/span><\/div>\n<div class=\"overview--item--3mjL-rN\"><span class=\"overview--attr-name--1gepXjj\">OS:<\/span><span class=\"overview--attr-value--1Q_6dvo\">ANDROID TV<\/span><\/div>\n<div class=\"overview--item--3mjL-rN\"><span class=\"overview--attr-name--1gepXjj\" data-spm-anchor-id=\"a2g0o.seodetail.detailmain.i3.27d34492f02RVf\">M\u00e9moire:<\/span><span class=\"overview--attr-value--1Q_6dvo\">2G DDR3<\/span><\/div>\n<div class=\"overview--item--3mjL-rN\"><span class=\"overview--attr-name--1gepXjj\">Num\u00e9ro de Mod\u00e8le:<\/span><span class=\"overview--attr-value--1Q_6dvo\">KH3<\/span><\/div>\n<div class=\"overview--item--3mjL-rN\"><span class=\"overview--attr-name--1gepXjj\">Norme de transmission Wi-Fi:<\/span><span class=\"overview--attr-value--1Q_6dvo\">802.11n 2.4 GHz<\/span><\/div>\n<div class=\"overview--item--3mjL-rN\"><span class=\"overview--attr-name--1gepXjj\">Norme de transmission Wi-Fi:<\/span><span class=\"overview--attr-value--1Q_6dvo\">802.11b\/g<\/span><\/div>\n<div class=\"overview--item--3mjL-rN\"><span class=\"overview--attr-name--1gepXjj\">Poids:<\/span><span class=\"overview--attr-value--1Q_6dvo\">0.4KG<\/span><\/div>\n<div class=\"overview--item--3mjL-rN\"><span class=\"overview--attr-name--1gepXjj\">IPTV:<\/span><span class=\"overview--attr-value--1Q_6dvo\">Pas de<\/span><\/div>\n<div class=\"overview--item--3mjL-rN\"><span class=\"overview--attr-name--1gepXjj\">Ports USB:<\/span><span class=\"overview--attr-value--1Q_6dvo\">2x USB 2.0<\/span><\/div>\n<div class=\"overview--item--3mjL-rN\"><span class=\"overview--attr-name--1gepXjj\">Mise \u00e0 jour de l\u2019OTA:<\/span><span class=\"overview--attr-value--1Q_6dvo\">Oui<\/span><\/div>\n<div class=\"overview--item--3mjL-rN\"><span class=\"overview--attr-name--1gepXjj\">Normes HDR:<\/span><span class=\"overview--attr-value--1Q_6dvo\">HDR10 +<\/span><\/div>\n<div class=\"overview--item--3mjL-rN\"><span class=\"overview--attr-name--1gepXjj\">Normes HDR:<\/span><span class=\"overview--attr-value--1Q_6dvo\">HDR10<\/span><\/div>\n<div class=\"overview--item--3mjL-rN\"><span class=\"overview--attr-name--1gepXjj\">Syst\u00e8me:<\/span><span class=\"overview--attr-value--1Q_6dvo\">Android 10.0<\/span><\/div>\n<div class=\"overview--item--3mjL-rN\"><span class=\"overview--attr-name--1gepXjj\">GOOGLE Cast:<\/span><span class=\"overview--attr-value--1Q_6dvo\">Pas de<\/span><\/div>\n<div class=\"overview--item--3mjL-rN\"><span class=\"overview--attr-name--1gepXjj\">Alimentation:<\/span><span class=\"overview--attr-value--1Q_6dvo\">DC 5<\/span><\/div>\n<\/div>\n","protected":false},"excerpt":{"rendered":"<p>La description.<\/p>\n<p>Num\u00e9ro de Type\u00a0:<br \/>\nkh3 mecool<br \/>\nSyst\u00e8me d&rsquo;op\u00e9ration\u00a0:<br \/>\nAndroid 10.0<br \/>\nCaract\u00e9ristiques :<br \/>\nUSB<br \/>\nNoyau du processeur\u00a0:<br \/>\nQuad Core<br \/>\nProcesseur\u00a0:<br \/>\nAllwinner H313<br \/>\nSoutien R\u00e9solution\u00a0:<br \/>\n4K<br \/>\nEthernet\u00a0:<br \/>\n1&#215;10\/100 Mo\/s<br \/>\nWifi:<br \/>\n802.11n 2,4 GHz<br \/>\nNom du produit\u00a0:<br \/>\nkh3 mecool Android 10.0 Allwinner H313 bo\u00eetier de t\u00e9l\u00e9vision intelligent<br \/>\nAndroid 10.0<br \/>\nCPU:<br \/>\nAllwinner H313 Quad Core ARM Cor-tex A53<br \/>\nGPU\u00a0:<br \/>\nG31<br \/>\nRAM: 2 Go \/ ROM: 16 Go<br \/>\nFEO\/ODM\u00a0: Assistance<br \/>\nSans fil:<br \/>\nPrise en charge WiFi 2.4G int\u00e9gr\u00e9e IEEE 802.11 b\/g\/n.<\/p>\n","protected":false},"featured_media":872,"comment_status":"open","ping_status":"closed","template":"","meta":{"site-sidebar-layout":"default","site-content-layout":"default","ast-site-content-layout":"","site-content-style":"default","site-sidebar-style":"default","ast-global-header-display":"","ast-banner-title-visibility":"","ast-main-header-display":"","ast-hfb-above-header-display":"","ast-hfb-below-header-display":"","ast-hfb-mobile-header-display":"","site-post-title":"","ast-breadcrumbs-content":"","ast-featured-img":"","footer-sml-layout":"","theme-transparent-header-meta":"default","adv-header-id-meta":"","stick-header-meta":"","header-above-stick-meta":"","header-main-stick-meta":"","header-below-stick-meta":"","astra-migrate-meta-layouts":""},"product_brand":[],"product_cat":[32],"product_tag":[],"class_list":{"0":"post-871","1":"product","2":"type-product","3":"status-publish","4":"has-post-thumbnail","6":"product_cat-boitier-android","7":"desktop-align-left","8":"tablet-align-left","9":"mobile-align-left","11":"first","12":"instock","13":"sale","14":"shipping-taxable","15":"purchasable","16":"product-type-simple"},"jetpack_sharing_enabled":true,"_links":{"self":[{"href":"https:\/\/gmtechnologie.com\/fr\/wp-json\/wp\/v2\/product\/871","targetHints":{"allow":["GET"]}}],"collection":[{"href":"https:\/\/gmtechnologie.com\/fr\/wp-json\/wp\/v2\/product"}],"about":[{"href":"https:\/\/gmtechnologie.com\/fr\/wp-json\/wp\/v2\/types\/product"}],"replies":[{"embeddable":true,"href":"https:\/\/gmtechnologie.com\/fr\/wp-json\/wp\/v2\/comments?post=871"}],"wp:featuredmedia":[{"embeddable":true,"href":"https:\/\/gmtechnologie.com\/fr\/wp-json\/wp\/v2\/media\/872"}],"wp:attachment":[{"href":"https:\/\/gmtechnologie.com\/fr\/wp-json\/wp\/v2\/media?parent=871"}],"wp:term":[{"taxonomy":"product_brand","embeddable":true,"href":"https:\/\/gmtechnologie.com\/fr\/wp-json\/wp\/v2\/product_brand?post=871"},{"taxonomy":"product_cat","embeddable":true,"href":"https:\/\/gmtechnologie.com\/fr\/wp-json\/wp\/v2\/product_cat?post=871"},{"taxonomy":"product_tag","embeddable":true,"href":"https:\/\/gmtechnologie.com\/fr\/wp-json\/wp\/v2\/product_tag?post=871"}],"curies":[{"name":"wp","href":"https:\/\/api.w.org\/{rel}","templated":true}]}}