{"id":996,"date":"2022-06-20T20:51:54","date_gmt":"2022-06-20T20:51:54","guid":{"rendered":"https:\/\/gmtechnologie.com\/?post_type=product&#038;p=996"},"modified":"2022-06-20T20:51:54","modified_gmt":"2022-06-20T20:51:54","slug":"ell-p2012h-ecran-pc-20","status":"publish","type":"product","link":"https:\/\/gmtechnologie.com\/fr\/product\/ell-p2012h-ecran-pc-20\/","title":{"rendered":"ELL P2012H Ecran PC 20&Prime;"},"content":{"rendered":"<table class=\"a-normal a-spacing-micro\">\n<tbody>\n<tr class=\"a-spacing-small po-specific_uses_for_product\">\n<td class=\"a-span3\"><span class=\"a-size-base a-text-bold\">Usages sp\u00e9cifiques pour le produit<\/span><\/td>\n<td class=\"a-span9\"><span class=\"a-size-base\">Entreprise, Montage photo, \u00c9ducation, Jeu, Montage vid\u00e9o, Programmation<\/span><\/td>\n<\/tr>\n<tr class=\"a-spacing-small po-brand\">\n<td class=\"a-span3\"><span class=\"a-size-base a-text-bold\">Marque<\/span><\/td>\n<td class=\"a-span9\"><span class=\"a-size-base\">Dell<\/span><\/td>\n<\/tr>\n<tr class=\"a-spacing-small po-display.size\">\n<td class=\"a-span3\"><span class=\"a-size-base a-text-bold\">Taille de l&rsquo;\u00e9cran<\/span><\/td>\n<td class=\"a-span9\"><span class=\"a-size-base\">20 Pouces<\/span><\/td>\n<\/tr>\n<tr class=\"a-spacing-small po-model_name\">\n<td class=\"a-span3\"><span class=\"a-size-base a-text-bold\">s\u00e9ries<\/span><\/td>\n<td class=\"a-span9\"><span class=\"a-size-base\">P2012H<\/span><\/td>\n<\/tr>\n<tr class=\"a-spacing-small po-hardware_interface\">\n<td class=\"a-span3\"><span class=\"a-size-base a-text-bold\">Interface mat\u00e9rielle<\/span><\/td>\n<td class=\"a-span9\"><span class=\"a-size-base\">USB, USB 2.0<\/span><\/td>\n<\/tr>\n<tr class=\"a-spacing-small po-connectivity_technology\">\n<td class=\"a-span3\"><span class=\"a-size-base a-text-bold\">Type de connecteur<\/span><\/td>\n<td class=\"a-span9\"><span class=\"a-size-base\">USB<\/span><\/td>\n<\/tr>\n<tr class=\"a-spacing-small po-resolution\">\n<td class=\"a-span3\"><span class=\"a-size-base a-text-bold\">R\u00e9solution<\/span><\/td>\n<td class=\"a-span9\"><span class=\"a-size-base\">HD+<\/span><\/td>\n<\/tr>\n<tr class=\"a-spacing-small po-display.resolution_maximum\">\n<td class=\"a-span3\"><span class=\"a-size-base a-text-bold\">R\u00e9solution d&rsquo;affichage maximale<\/span><\/td>\n<td class=\"a-span9\"><span class=\"a-size-base\">1600 x 900<\/span><\/td>\n<\/tr>\n<tr class=\"a-spacing-small po-color\">\n<td class=\"a-span3\"><span class=\"a-size-base a-text-bold\">Couleur<\/span><\/td>\n<td class=\"a-span9\"><span class=\"a-size-base\">Noir<\/span><\/td>\n<\/tr>\n<tr class=\"a-spacing-small po-aspect_ratio\">\n<td class=\"a-span3\"><span class=\"a-size-base a-text-bold\">Garantie<\/span><\/td>\n<td class=\"a-span9\">6 mois<\/td>\n<\/tr>\n<\/tbody>\n<\/table>\n","protected":false},"excerpt":{"rendered":"<p>Usages sp\u00e9cifiques pour le produit Entreprise, Montage photo, \u00c9ducation, Jeu, Montage vid\u00e9o, Programmation Marque Dell Taille de l&rsquo;\u00e9cran 20 Pouces s\u00e9ries P2012H Interface mat\u00e9rielle USB, USB 2.0 Type de connecteur USB R\u00e9solution HD+ R\u00e9solution d&rsquo;affichage maximale 1600 x 900 Couleur Noir Garantie 6 mois<\/p>\n","protected":false},"featured_media":997,"comment_status":"open","ping_status":"closed","template":"","meta":{"site-sidebar-layout":"default","site-content-layout":"default","ast-site-content-layout":"","site-content-style":"default","site-sidebar-style":"default","ast-global-header-display":"","ast-banner-title-visibility":"","ast-main-header-display":"","ast-hfb-above-header-display":"","ast-hfb-below-header-display":"","ast-hfb-mobile-header-display":"","site-post-title":"","ast-breadcrumbs-content":"","ast-featured-img":"","footer-sml-layout":"","theme-transparent-header-meta":"default","adv-header-id-meta":"","stick-header-meta":"","header-above-stick-meta":"","header-main-stick-meta":"","header-below-stick-meta":"","astra-migrate-meta-layouts":""},"product_brand":[],"product_cat":[41],"product_tag":[],"class_list":{"0":"post-996","1":"product","2":"type-product","3":"status-publish","4":"has-post-thumbnail","6":"product_cat-ecran-pc","7":"desktop-align-left","8":"tablet-align-left","9":"mobile-align-left","11":"first","12":"instock","13":"sale","14":"shipping-taxable","15":"purchasable","16":"product-type-simple"},"jetpack_sharing_enabled":true,"_links":{"self":[{"href":"https:\/\/gmtechnologie.com\/fr\/wp-json\/wp\/v2\/product\/996","targetHints":{"allow":["GET"]}}],"collection":[{"href":"https:\/\/gmtechnologie.com\/fr\/wp-json\/wp\/v2\/product"}],"about":[{"href":"https:\/\/gmtechnologie.com\/fr\/wp-json\/wp\/v2\/types\/product"}],"replies":[{"embeddable":true,"href":"https:\/\/gmtechnologie.com\/fr\/wp-json\/wp\/v2\/comments?post=996"}],"wp:featuredmedia":[{"embeddable":true,"href":"https:\/\/gmtechnologie.com\/fr\/wp-json\/wp\/v2\/media\/997"}],"wp:attachment":[{"href":"https:\/\/gmtechnologie.com\/fr\/wp-json\/wp\/v2\/media?parent=996"}],"wp:term":[{"taxonomy":"product_brand","embeddable":true,"href":"https:\/\/gmtechnologie.com\/fr\/wp-json\/wp\/v2\/product_brand?post=996"},{"taxonomy":"product_cat","embeddable":true,"href":"https:\/\/gmtechnologie.com\/fr\/wp-json\/wp\/v2\/product_cat?post=996"},{"taxonomy":"product_tag","embeddable":true,"href":"https:\/\/gmtechnologie.com\/fr\/wp-json\/wp\/v2\/product_tag?post=996"}],"curies":[{"name":"wp","href":"https:\/\/api.w.org\/{rel}","templated":true}]}}